{"id":8027,"date":"2020-03-13T09:44:45","date_gmt":"2020-03-13T13:44:45","guid":{"rendered":"http:\/\/www.emater.ro.gov.br\/ematerro\/?page_id=8027"},"modified":"2020-03-13T10:25:12","modified_gmt":"2020-03-13T14:25:12","slug":"convenios-2015","status":"publish","type":"page","link":"http:\/\/www.emater.ro.gov.br\/ematerro\/convenios-2015\/","title":{"rendered":"Convenios-2015"},"content":{"rendered":"<table width=\"867\">\n<tbody>\n<tr>\n<td style=\"text-align: center;\" width=\"135\">N.\u00ba CONTRATO DE REPASSE\/CONV\u00caNIO<\/td>\n<td style=\"text-align: center;\" width=\"363\">OBJETO<\/td>\n<td style=\"text-align: center;\" width=\"95\">Valor Total\u00a0\u00a0 (R$ 1,00)<\/td>\n<td style=\"text-align: center;\" width=\"136\">VIG\u00caNCIA<\/td>\n<td style=\"text-align: center;\" width=\"138\">ADITIVOS<\/td>\n<\/tr>\n<tr>\n<td><a href=\"http:\/\/www.emater.ro.gov.br\/ematerro\/wp-content\/uploads\/2020\/03\/Contrato-de-Repasse-n\u00ba-819156-2015-MDA-CAIXA-EMATER-RO.pdf\">819156\/2015<\/a><\/td>\n<td width=\"363\">Adquirir ve\u00edculos e equipamentos para nos servi\u00e7os de extens\u00e3o rural no estado de Rond\u00f4nia.<\/td>\n<td>501.000,00<\/td>\n<td>30\/04\/2018<\/td>\n<td>\u00a0<a href=\"http:\/\/www.emater.ro.gov.br\/ematerro\/wp-content\/uploads\/2020\/03\/primeiro-termo-aditivo-819156.pdf\">1\u00ba &#8211; 819156<\/a><\/td>\n<\/tr>\n<tr>\n<td><a href=\"http:\/\/www.emater.ro.gov.br\/ematerro\/wp-content\/uploads\/2020\/03\/convenio-8181932015.pdf\">818193\/2015<\/a><\/td>\n<td width=\"363\">Apoio aos projeto para aquisi\u00e7\u00e3o de implementos e equipamentos agr\u00edcolas para melhoria dos servi\u00e7os de ATER.<\/td>\n<td>\u00a0\u00a0\u00a0\u00a0\u00a0\u00a0 601.200,00<\/td>\n<td>05\/06\/2019<\/td>\n<td>\u00a0<a href=\"http:\/\/www.emater.ro.gov.br\/ematerro\/wp-content\/uploads\/2020\/03\/1\u00ba-Termo-Aditivo-EMATER-RO-818193.pdf\">1\u00ba &#8211; 818193<\/a><\/td>\n<\/tr>\n<tr>\n<td><a href=\"http:\/\/www.emater.ro.gov.br\/ematerro\/wp-content\/uploads\/2020\/03\/Contrato-de-Repasse-n\u00ba-820591-2015-MAPA-CAIXA-EMATER-RO.pdf\">820591\/2015<\/a><\/td>\n<td width=\"363\">Adquirir implementos e equipamentos para a melhoria nos servi\u00e7os de ATER noa munic\u00edpios de Costa Marques, Nova Brasil\u00e2ndia do Oeste, Presidente M\u00e9dici e Rolim de Moura<\/td>\n<td>\u00a0\u00a0\u00a0\u00a0\u00a0\u00a0 974.889,22<\/td>\n<td>30\/11\/2020<\/td>\n<td>\u00a0<a href=\"http:\/\/www.emater.ro.gov.br\/ematerro\/wp-content\/uploads\/2020\/03\/TA-820591-VIG\u00caNCIA-PARA-30.08.2020.pdf\">1\u00ba &#8211; 820591<\/a><\/td>\n<\/tr>\n<tr>\n<td><a href=\"http:\/\/www.emater.ro.gov.br\/ematerro\/wp-content\/uploads\/2020\/03\/Contr.-de-Repasse-n\u00ba-825287-2015-MAPA-CAIXA-EMATER-RO.pdf\">825287\/2015<\/a><\/td>\n<td width=\"363\">Adquirir ve\u00edculos, equipamentos e implementos para fortalecer os servi\u00e7os de ATER.<\/td>\n<td>\u00a0\u00a0\u00a0\u00a0\u00a0\u00a0 998.000,00<\/td>\n<td>30\/08\/2020<\/td>\n<td>\u00a0<a href=\"http:\/\/www.emater.ro.gov.br\/ematerro\/wp-content\/uploads\/2020\/03\/primeiro-aditivo-825287.pdf\">1\u00ba &#8211; 825287<\/a><\/td>\n<\/tr>\n<\/tbody>\n<\/table>\n","protected":false},"excerpt":{"rendered":"<p>N.\u00ba CONTRATO DE REPASSE\/CONV\u00caNIO OBJETO Valor Total\u00a0\u00a0 (R$ 1,00) VIG\u00caNCIA ADITIVOS 819156\/2015 Adquirir ve\u00edculos e equipamentos para nos servi\u00e7os de extens\u00e3o rural no estado de Rond\u00f4nia. 501.000,00 30\/04\/2018 \u00a01\u00ba &#8211; [&hellip;]<\/p>\n","protected":false},"author":1,"featured_media":0,"parent":0,"menu_order":0,"comment_status":"closed","ping_status":"closed","template":"","meta":[],"_links":{"self":[{"href":"http:\/\/www.emater.ro.gov.br\/ematerro\/wp-json\/wp\/v2\/pages\/8027"}],"collection":[{"href":"http:\/\/www.emater.ro.gov.br\/ematerro\/wp-json\/wp\/v2\/pages"}],"about":[{"href":"http:\/\/www.emater.ro.gov.br\/ematerro\/wp-json\/wp\/v2\/types\/page"}],"author":[{"embeddable":true,"href":"http:\/\/www.emater.ro.gov.br\/ematerro\/wp-json\/wp\/v2\/users\/1"}],"replies":[{"embeddable":true,"href":"http:\/\/www.emater.ro.gov.br\/ematerro\/wp-json\/wp\/v2\/comments?post=8027"}],"version-history":[{"count":3,"href":"http:\/\/www.emater.ro.gov.br\/ematerro\/wp-json\/wp\/v2\/pages\/8027\/revisions"}],"predecessor-version":[{"id":8046,"href":"http:\/\/www.emater.ro.gov.br\/ematerro\/wp-json\/wp\/v2\/pages\/8027\/revisions\/8046"}],"wp:attachment":[{"href":"http:\/\/www.emater.ro.gov.br\/ematerro\/wp-json\/wp\/v2\/media?parent=8027"}],"curies":[{"name":"wp","href":"https:\/\/api.w.org\/{rel}","templated":true}]}}