{"id":5991,"date":"2018-12-12T13:39:34","date_gmt":"2018-12-12T17:39:34","guid":{"rendered":"http:\/\/www.emater.ro.gov.br\/ematerro\/?page_id=5991"},"modified":"2019-01-04T10:54:45","modified_gmt":"2019-01-04T14:54:45","slug":"contratos-de-servicos-e-compras-2017","status":"publish","type":"page","link":"http:\/\/www.emater.ro.gov.br\/ematerro\/contratos-de-servicos-e-compras-2017\/","title":{"rendered":"Contratos de servi\u00e7os e compras 2017"},"content":{"rendered":"<table width=\"1443\">\n<tbody>\n<tr>\n<td width=\"71\"><strong>PROCESSO<\/strong><\/td>\n<td width=\"70\"><strong>N.\u00ba CONT.<\/strong><\/td>\n<td width=\"290\"><strong>OBJETO<\/strong><\/td>\n<td width=\"488\"><strong>FORNECEDOR<\/strong><\/td>\n<td width=\"155\"><strong>CNPJ\/CPF<\/strong><\/td>\n<td width=\"231\"><strong>VIG\u00caNCIA<\/strong><\/td>\n<td width=\"138\"><strong>VALOR<\/strong><\/td>\n<\/tr>\n<tr>\n<td><a href=\"http:\/\/www.emater.ro.gov.br\/ematerro\/wp-content\/uploads\/2019\/01\/CONTRATO-001-2017-Contratacao-de-Servi\u00e7os-Quimicos.pdf\">415\/2016<\/a><\/td>\n<td>01\/2017<\/td>\n<td>PROFISSIONAL EM QUIMICA<\/td>\n<td width=\"488\">EDUARDO DA SILVA NOBRE<\/td>\n<td>741.387.232-34<\/td>\n<td>01\/03\/2017 A 01\/03\/2018<\/td>\n<td>\u00a0R$\u00a0\u00a0\u00a0\u00a0\u00a0\u00a0\u00a0\u00a0\u00a0\u00a0 87.890,00<\/td>\n<\/tr>\n<tr>\n<td><a href=\"http:\/\/www.emater.ro.gov.br\/ematerro\/wp-content\/uploads\/2019\/01\/CONTRATO-002-2017-Locacao-de-Imovel-Esloc.-Distrito-de-Triunfo.pdf\">006\/2017<\/a><\/td>\n<td>02\/2017<\/td>\n<td>LOC. IMOVEL TRIUNFO<\/td>\n<td width=\"488\">MARLENE GORETE NUNES<\/td>\n<td>400.256.672-20<\/td>\n<td>01\/02\/2017 A 01\/02\/2018<\/td>\n<td>\u00a0R$\u00a0\u00a0\u00a0\u00a0\u00a0\u00a0\u00a0\u00a0\u00a0\u00a0 18.000,00<\/td>\n<\/tr>\n<tr>\n<td><a href=\"http:\/\/www.emater.ro.gov.br\/ematerro\/wp-content\/uploads\/2019\/01\/CONTRATO-003-2017-Locacao-de-Imovel-Esloc.-Distrito-de-Uniao-Bandeirantes.pdf\">710\/2016<\/a><\/td>\n<td>03\/2017<\/td>\n<td>LO. IM\u00d3VEL UNI\u00c3O BANDEIRANTES<\/td>\n<td width=\"488\">VALDEMILSON ALFREDO DE OLIVEIRA<\/td>\n<td>723.490.502-20<\/td>\n<td>01\/02\/2017 A 01\/02\/2018<\/td>\n<td>\u00a0R$\u00a0\u00a0\u00a0\u00a0\u00a0\u00a0\u00a0\u00a0\u00a0\u00a0 18.000,00<\/td>\n<\/tr>\n<tr>\n<td><a href=\"http:\/\/www.emater.ro.gov.br\/ematerro\/wp-content\/uploads\/2019\/01\/CONTRATO-004-2017-Locacao-de-Imovel-Esloc.-Sao-Domingos.pdf\">746\/2016<\/a><\/td>\n<td>04\/2017<\/td>\n<td>LOC. IM\u00d3VEL S\u00c3O DOMINGOS<\/td>\n<td width=\"488\">ODAIR SILVA DOS SANTOS<\/td>\n<td>698.821.002-44<\/td>\n<td>01\/02\/2017 A 01\/02\/2018<\/td>\n<td>\u00a0R$\u00a0\u00a0\u00a0\u00a0\u00a0\u00a0\u00a0\u00a0\u00a0\u00a0 13.065,12<\/td>\n<\/tr>\n<tr>\n<td><a href=\"http:\/\/www.emater.ro.gov.br\/ematerro\/wp-content\/uploads\/2019\/01\/CONTRATO-005-2017-Loca\u00e7\u00e3o-de-Imovel-Esloc.-de-Buritis.pdf\">699\/2016<\/a><\/td>\n<td>05\/2017<\/td>\n<td>LOC. IM\u00d3VEL DE BURITIS<\/td>\n<td width=\"488\">HANNAH CAROLINA GARCIA DE ALMEIDA<\/td>\n<td>817.047.042-00<\/td>\n<td>01\/02\/2017 A 01\/02\/2018<\/td>\n<td>\u00a0R$\u00a0\u00a0\u00a0\u00a0\u00a0\u00a0\u00a0\u00a0\u00a0\u00a0 18.000,00<\/td>\n<\/tr>\n<tr>\n<td><a href=\"http:\/\/www.emater.ro.gov.br\/ematerro\/wp-content\/uploads\/2019\/01\/CONTRATO-006-2017-N\u00ba-contrato-correto-006-2017-Auditoria.pdf\">567\/2016<\/a><\/td>\n<td>06\/2017<\/td>\n<td>SERV. AUDITORIA<\/td>\n<td width=\"488\">TGB AUDITORES INDEPENDENTES<\/td>\n<td>20.702.319\/0001-76.<\/td>\n<td>08\/02\/2017 A 08\/05\/2017<\/td>\n<td>\u00a0R$\u00a0\u00a0\u00a0\u00a0\u00a0\u00a0\u00a0\u00a0\u00a0\u00a0 10.999,00<\/td>\n<\/tr>\n<tr>\n<td><a href=\"http:\/\/www.emater.ro.gov.br\/ematerro\/wp-content\/uploads\/2019\/01\/CONTRATO-007-2017-Aquisicao-de-Gas-Butano.pdf\">628\/2016<\/a><\/td>\n<td>07\/2017<\/td>\n<td>G\u00c1S BUTANO CENTRER<\/td>\n<td width=\"488\">URUP\u00c1 DISTRIBUIDORA<\/td>\n<td>26.351.705\/0001-47<\/td>\n<td>03\/03\/2017 A 03\/03\/2018<\/td>\n<td>\u00a0R$\u00a0\u00a0\u00a0\u00a0\u00a0\u00a0\u00a0\u00a0\u00a0\u00a0\u00a0\u00a0 9.648,00<\/td>\n<\/tr>\n<tr>\n<td><a href=\"http:\/\/www.emater.ro.gov.br\/ematerro\/wp-content\/uploads\/2019\/01\/CONTRATO-008-2017-Agua-encanada-Esloc.-Alvorada.pdf\">030\/2017<\/a><\/td>\n<td>08\/2017<\/td>\n<td>SERV. \u00c1GUA ENCANADA<\/td>\n<td width=\"488\">SAAE ALVORADA<\/td>\n<td>\u00a063.789.804\/0001-31<\/td>\n<td>01\/03\/2017 A 01\/03\/2018<\/td>\n<td>\u00a0R$\u00a0\u00a0\u00a0\u00a0\u00a0\u00a0\u00a0\u00a0\u00a0\u00a0\u00a0\u00a0 2.016,00<\/td>\n<\/tr>\n<tr>\n<td><a href=\"http:\/\/www.emater.ro.gov.br\/ematerro\/wp-content\/uploads\/2019\/01\/CONTRATO-009-2017-Agua-encanada-Esloc.-Cacoal.pdf\">029\/2017<\/a><\/td>\n<td>09\/2017<\/td>\n<td>SERV. \u00c1GUA ENCANADA<\/td>\n<td width=\"488\">SAAE CACOAL<\/td>\n<td>04.395.067\/0001-23<\/td>\n<td>01\/03\/2017 A 01\/03\/2018<\/td>\n<td>\u00a0R$\u00a0\u00a0\u00a0\u00a0\u00a0\u00a0\u00a0\u00a0\u00a0\u00a0\u00a0\u00a0\u00a0\u00a0\u00a0 797,32<\/td>\n<\/tr>\n<tr>\n<td><a href=\"http:\/\/www.emater.ro.gov.br\/ematerro\/wp-content\/uploads\/2019\/01\/CONTRATO-010-2017-Agua-encanada-Esloc.-Vilhena.pdf\">028\/2017<\/a><\/td>\n<td>10\/2017<\/td>\n<td>SERV. \u00c1GUA ENCANADA<\/td>\n<td width=\"488\">SAAE VILHENA<\/td>\n<td>01.933.030\/0001-13<\/td>\n<td>01\/03\/2017 A 01\/03\/2018<\/td>\n<td>\u00a0R$\u00a0\u00a0\u00a0\u00a0\u00a0\u00a0\u00a0\u00a0\u00a0\u00a0\u00a0\u00a0 1.404,42<\/td>\n<\/tr>\n<tr>\n<td><a href=\"http:\/\/www.emater.ro.gov.br\/ematerro\/wp-content\/uploads\/2019\/01\/CONTRATO-011-2017-Agua-encanada-Esloc.-Alta-Floresta.pdf\">002\/2017<\/a><\/td>\n<td>11\/2017<\/td>\n<td>SERV. \u00c1GUA ENCANADA<\/td>\n<td width=\"488\">SAAE ALTA FLORESTA<\/td>\n<td>02.964.910\/0001-10<\/td>\n<td>01\/03\/2017 A 01\/03\/2018<\/td>\n<td>\u00a0R$\u00a0\u00a0\u00a0\u00a0\u00a0\u00a0\u00a0\u00a0\u00a0\u00a0\u00a0\u00a0\u00a0\u00a0\u00a0 664,00<\/td>\n<\/tr>\n<tr>\n<td><a href=\"http:\/\/www.emater.ro.gov.br\/ematerro\/wp-content\/uploads\/2019\/01\/CONTRATO-012-2017-Agua-encanada-Esloc.-Pimenta-Bueno.pdf\">575\/2016<\/a><\/td>\n<td>12\/2017<\/td>\n<td>SERV. \u00c1GUA ENCANADA<\/td>\n<td width=\"488\">SAAE P. BUENO<\/td>\n<td>23.201.047\/0001-19<\/td>\n<td>01\/03\/2017 A 01\/03\/2018<\/td>\n<td>\u00a0R$\u00a0\u00a0\u00a0\u00a0\u00a0\u00a0\u00a0\u00a0\u00a0\u00a0\u00a0\u00a0 3.271,08<\/td>\n<\/tr>\n<tr>\n<td><a href=\"http:\/\/www.emater.ro.gov.br\/ematerro\/wp-content\/uploads\/2019\/01\/CONTRATO-013-2017-Programa-de-Radio.pdf\">582\/2016<\/a><\/td>\n<td>13\/2017<\/td>\n<td>EMISSORA RADIOFONICO<\/td>\n<td width=\"488\">FUNDA\u00c7\u00c3O DE SERVI\u00c7OS DA IGREJA EVANG\u00c9LICA ASSEMBL\u00c9IA DE DEUS &#8211; FUNDAD<\/td>\n<td>00.730.769\/0001-65<\/td>\n<td>01\/04\/2017 A 01\/04\/2018<\/td>\n<td>\u00a0R$\u00a0\u00a0\u00a0\u00a0\u00a0\u00a0\u00a0\u00a0\u00a0\u00a0 24.440,00<\/td>\n<\/tr>\n<tr>\n<td><a href=\"http:\/\/www.emater.ro.gov.br\/ematerro\/wp-content\/uploads\/2019\/01\/CONTRATO-014-2017-Manutencao-Usina-de-Nitrogenio.pdf\">168\/2016<\/a><\/td>\n<td>14\/2017<\/td>\n<td>MANUTEN\u00c7\u00c3O USINA NITROG\u00caNIO<\/td>\n<td width=\"488\">MACHADO &amp; PEGO LTDA ME<\/td>\n<td>12.004.603\/0001-40<\/td>\n<td>13\/04\/2017 A 13\/04\/2018<\/td>\n<td>\u00a0R$\u00a0\u00a0\u00a0\u00a0\u00a0\u00a0\u00a0\u00a0 379.000,00<\/td>\n<\/tr>\n<tr>\n<td><a href=\"http:\/\/www.emater.ro.gov.br\/ematerro\/wp-content\/uploads\/2019\/01\/CONTRATO-015-2017-Internet-Via-Radio-Colina-Verde.pdf\">012\/2017<\/a><\/td>\n<td>15\/2017<\/td>\n<td>INTERNET VIA R\u00c1DIO<\/td>\n<td width=\"488\">MEGALYNK SERVI\u00c7OS DE TELECOMUNICA\u00c7\u00d5ESLTDA &#8211; ME<\/td>\n<td>10.785.904\/0001-23<\/td>\n<td>02\/05\/2017 A 02\/05\/2018<\/td>\n<td>\u00a0R$\u00a0\u00a0\u00a0\u00a0\u00a0\u00a0\u00a0\u00a0\u00a0\u00a0\u00a0\u00a0 5.880,00<\/td>\n<\/tr>\n<tr>\n<td><a href=\"http:\/\/www.emater.ro.gov.br\/ematerro\/wp-content\/uploads\/2019\/01\/CONTRATO-016-2017-Vigilancia-Eletronica-Ariquemes.pdf\">739\/2016<\/a><\/td>\n<td>16\/2017<\/td>\n<td>SISTEMA DE ALARME TV E CFTV<\/td>\n<td width=\"488\">RONDDA VIGILANCIA ELETRONICA<\/td>\n<td>06.199.223\/0001-06<\/td>\n<td>12\/05\/2017 A 12\/05\/2018<\/td>\n<td>\u00a0R$\u00a0\u00a0\u00a0\u00a0\u00a0\u00a0\u00a0\u00a0\u00a0\u00a0\u00a0\u00a0 5.878,00<\/td>\n<\/tr>\n<tr>\n<td><a href=\"http:\/\/www.emater.ro.gov.br\/ematerro\/wp-content\/uploads\/2019\/01\/CONTRATO-017-2017-Aquisicao-de-Insumos-Agricolas.pdf\">759\/2016<\/a><\/td>\n<td>17\/2017<\/td>\n<td>ALIMENTA\u00c7\u00c3O ANIMAL CENTRER<\/td>\n<td width=\"488\">M.A.P DOS SANTOS<\/td>\n<td>08.830.492\/0001-54<\/td>\n<td>18\/05\/2017 A 18\/05\/2018<\/td>\n<td>\u00a0R$\u00a0\u00a0\u00a0\u00a0\u00a0\u00a0\u00a0\u00a0\u00a0\u00a0 64.714,39<\/td>\n<\/tr>\n<tr>\n<td><a href=\"http:\/\/www.emater.ro.gov.br\/ematerro\/wp-content\/uploads\/2019\/01\/CONTRATO-018-2017-Aquisicao-de-Insumos-Agricolas.pdf\">759\/2016<\/a><\/td>\n<td>18\/2017<\/td>\n<td>INSUMOS AGR\u00cdCOLAS<\/td>\n<td width=\"488\">N.V. VERDE E CIA LTDA<\/td>\n<td>03.363.727\/0001-21<\/td>\n<td>18\/05\/2017 A 18\/05\/2018<\/td>\n<td>\u00a0R$\u00a0\u00a0\u00a0\u00a0\u00a0\u00a0\u00a0\u00a0\u00a0\u00a0\u00a0\u00a0 1.854,00<\/td>\n<\/tr>\n<tr>\n<td><a href=\"http:\/\/www.emater.ro.gov.br\/ematerro\/wp-content\/uploads\/2019\/01\/CONTRATO-019-2017-Aquisicao-de-Generos-Alimenticios.pdf\">111\/2017<\/a><\/td>\n<td>19\/2017<\/td>\n<td>G\u00caNEROS N\u00c3O PEREC\u00cdVEIS<\/td>\n<td width=\"488\">JEED\u00c1 COM . ALIMENTICIOS<\/td>\n<td>63.770.820\/0001-82<\/td>\n<td>23\/05\/2017 A 23\/05\/2018<\/td>\n<td>\u00a0R$\u00a0\u00a0\u00a0\u00a0\u00a0\u00a0\u00a0\u00a0\u00a0\u00a0 12.032,48<\/td>\n<\/tr>\n<tr>\n<td><a href=\"http:\/\/www.emater.ro.gov.br\/ematerro\/wp-content\/uploads\/2019\/01\/CONTRATO-020-2017-Aquisi\u00e7\u00e3o-de-Gas-Butano.pdf\">208\/2017<\/a><\/td>\n<td>20\/2017<\/td>\n<td>AQUISI\u00c7\u00c3O DE G\u00c1S BUTANO (COLORADO)<\/td>\n<td width=\"488\">DENISLON P. SILVA<\/td>\n<td>931.260.692-15<\/td>\n<td>08\/06\/2017 A 08\/12\/2018<\/td>\n<td>\u00a0R$\u00a0\u00a0\u00a0\u00a0\u00a0\u00a0\u00a0\u00a0\u00a0\u00a0\u00a0\u00a0 2.243,67<\/td>\n<\/tr>\n<tr>\n<td><a href=\"http:\/\/www.emater.ro.gov.br\/ematerro\/wp-content\/uploads\/2019\/01\/CONTRATO-021-2017-Aquisicao-de-Generos-Alimenticios.pdf\">110\/2017<\/a><\/td>\n<td>21\/2017<\/td>\n<td>GEN\u00caROS N\u00c3O PEREC\u00cdVEIS ( P. BUENO)<\/td>\n<td width=\"488\">EVANDRO WALTER<\/td>\n<td>028.710.249-10<\/td>\n<td>09\/06\/2017 A 09\/06\/2017<\/td>\n<td>\u00a0R$\u00a0\u00a0\u00a0\u00a0\u00a0\u00a0\u00a0\u00a0\u00a0\u00a0\u00a0\u00a0\u00a0\u00a0\u00a0 487,50<\/td>\n<\/tr>\n<tr>\n<td><a href=\"http:\/\/www.emater.ro.gov.br\/ematerro\/wp-content\/uploads\/2019\/01\/CONTRATO-022-2017-Aquisicao-de-Generos-Alimenticios.pdf\">112\/2017<\/a><\/td>\n<td>22\/2017<\/td>\n<td>G\u00caRNOS N\u00c3O PEREC\u00cdVEIS ( ROLIM DE MOURA)<\/td>\n<td width=\"488\">REGINALDO S. DA SILVA<\/td>\n<td>836.902.202-20<\/td>\n<td>14\/06\/2017 A 14\/12\/2017<\/td>\n<td>\u00a0R$\u00a0\u00a0\u00a0\u00a0\u00a0\u00a0\u00a0\u00a0\u00a0\u00a0\u00a0\u00a0 1.123,75<\/td>\n<\/tr>\n<tr>\n<td><a href=\"http:\/\/www.emater.ro.gov.br\/ematerro\/wp-content\/uploads\/2019\/01\/CONTRATO-023-2017-Aquisicao-de-Gas-Butano.pdf\">209\/2017<\/a><\/td>\n<td>23\/2017<\/td>\n<td>G\u00c1S 13 KG (ROLIM DE MOURA)<\/td>\n<td width=\"488\">NORTE SUL DISTRIBUIDORA DE G\u00c1S<\/td>\n<td>12.515.397\/0001-83<\/td>\n<td>16\/06\/2017 A16\/12\/2017<\/td>\n<td>\u00a0R$\u00a0\u00a0\u00a0\u00a0\u00a0\u00a0\u00a0\u00a0\u00a0\u00a0\u00a0\u00a0\u00a0\u00a0\u00a0 883,35<\/td>\n<\/tr>\n<tr>\n<td><a href=\"http:\/\/www.emater.ro.gov.br\/ematerro\/wp-content\/uploads\/2019\/01\/CONTRATO-024-2017-AGua-encanada-Esloc.-Ariquemes.pdf\">131\/2017<\/a><\/td>\n<td>24\/2017<\/td>\n<td>FORNECIMENTO DE \u00c1GUA<\/td>\n<td width=\"488\">\u00c1GUAS DE ARIQUEMES<\/td>\n<td>24.565.225\/0001-53<\/td>\n<td>27\/06\/2017 a 27\/06\/2018<\/td>\n<td>\u00a0R$\u00a0\u00a0\u00a0\u00a0\u00a0\u00a0\u00a0\u00a0\u00a0\u00a0\u00a0\u00a0 3.131,06<\/td>\n<\/tr>\n<tr>\n<td><a href=\"http:\/\/www.emater.ro.gov.br\/ematerro\/wp-content\/uploads\/2019\/01\/CONTRATO-025-2017-Locacao-de-Imovel-Esloc.-Nova-California.pdf\">069\/2017<\/a><\/td>\n<td>25\/2017<\/td>\n<td>LOC. IM\u00d3VEL N. CALIFORNIA<\/td>\n<td width=\"488\">OSNEY RODRIGUES<\/td>\n<td>808.547.882-04<\/td>\n<td>03\/07\/2017 a 03\/07\/2018<\/td>\n<td>\u00a0R$\u00a0\u00a0\u00a0\u00a0\u00a0\u00a0\u00a0\u00a0\u00a0\u00a0 19.980,00<\/td>\n<\/tr>\n<tr>\n<td><a href=\"http:\/\/www.emater.ro.gov.br\/ematerro\/wp-content\/uploads\/2019\/01\/CONTRATO-026-2017-Fornecimento-de-Carimbos.pdf\">210\/2017<\/a><\/td>\n<td>26\/2017<\/td>\n<td>CARIMBOS<\/td>\n<td width=\"488\">DEL REI CARIMBOS LTDA -ME<\/td>\n<td>862.217.606-15<\/td>\n<td>27\/07\/2017 A 27\/07\/2018<\/td>\n<td>\u00a0R$\u00a0\u00a0\u00a0\u00a0\u00a0\u00a0\u00a0\u00a0\u00a0\u00a0\u00a0\u00a0 2.718,51<\/td>\n<\/tr>\n<tr>\n<td><a href=\"http:\/\/www.emater.ro.gov.br\/ematerro\/wp-content\/uploads\/2019\/01\/CONTRATO-027-2017-Aquisicao-de-Gas-Butano.pdf\">078\/2017<\/a><\/td>\n<td>27\/2017<\/td>\n<td>G\u00c1S LIQUEFEITO<\/td>\n<td width=\"488\">NOVIDADES COMERCIO E REPRESENTA\u00c7\u00c3O<\/td>\n<td>15.897.556\/0001-08<\/td>\n<td>24\/07\/2017 A 24\/07\/2018<\/td>\n<td>\u00a0R$\u00a0\u00a0\u00a0\u00a0\u00a0\u00a0\u00a0\u00a0\u00a0\u00a0\u00a0\u00a0 2.829,80<\/td>\n<\/tr>\n<tr>\n<td><a href=\"http:\/\/www.emater.ro.gov.br\/ematerro\/wp-content\/uploads\/2019\/01\/CONTRATO-028-2017-Locacao-de-Imovel-Esloc.-Distrito-de-Jacionopolis.pdf\">641\/2017<\/a><\/td>\n<td>28\/2017<\/td>\n<td>LOC. IM\u00d3VEL JAC\u00cdNOPOLIS<\/td>\n<td width=\"488\">PAULO DELFINO DE CARVALHO<\/td>\n<td>003.263.067-06<\/td>\n<td>01\/09\/2017 A 01\/09\/2018<\/td>\n<td>\u00a0R$\u00a0\u00a0\u00a0\u00a0\u00a0\u00a0\u00a0\u00a0\u00a0\u00a0 18.000,00<\/td>\n<\/tr>\n<tr>\n<td><a href=\"http:\/\/www.emater.ro.gov.br\/ematerro\/wp-content\/uploads\/2019\/01\/CONTRATO-029-2017-Producao-de-Embrioes.pdf\">622\/2016<\/a><\/td>\n<td>29\/2017<\/td>\n<td>FERTILIZA\u00c7\u00c3O IN VITRO<\/td>\n<td width=\"488\">EMBRYIO TECNOLOGIA NA PECU\u00c1RIA LTDA EPP<\/td>\n<td>17.773.230\/0001-96<\/td>\n<td>20\/09\/2017 A 20\/09\/2018<\/td>\n<td>\u00a0R$\u00a0\u00a0\u00a0\u00a0\u00a0\u00a0\u00a0\u00a0 629.000,00<\/td>\n<\/tr>\n<tr>\n<td><a href=\"http:\/\/www.emater.ro.gov.br\/ematerro\/wp-content\/uploads\/2019\/01\/CONTRATO-030-2017-Manutencao-Relogio-de-Ponto-Biometrico.pdf\">481\/2016<\/a><\/td>\n<td>30\/2017<\/td>\n<td>PE\u00c7AS E MANUT. DE RELOGIO DE PONTO<\/td>\n<td width=\"488\">TECNOPONTO LTDA &#8211; EPP<\/td>\n<td>77.800.407\/0001-28<\/td>\n<td>18\/10\/2017 A 18\/10\/2018<\/td>\n<td>\u00a0R$\u00a0\u00a0\u00a0\u00a0\u00a0\u00a0\u00a0\u00a0\u00a0\u00a0 15.270,00<\/td>\n<\/tr>\n<tr>\n<td><a href=\"http:\/\/www.emater.ro.gov.br\/ematerro\/wp-content\/uploads\/2019\/01\/CONTRATO-031-2017-Agenciamento-de-Passagens-Aereas.pdf\">549\/2017<\/a><\/td>\n<td>31\/2017<\/td>\n<td>PASSAGENS A\u00c9REAS<\/td>\n<td width=\"488\">SX SERV. CORP. EIRELLI<\/td>\n<td>14.278.276\/0001-40<\/td>\n<td>21\/11\/2017 A 20\/11\/2018<\/td>\n<td>\u00a0R$\u00a0\u00a0\u00a0\u00a0\u00a0\u00a0\u00a0\u00a0\u00a0\u00a0 30.000,00<\/td>\n<\/tr>\n<\/tbody>\n<\/table>\n","protected":false},"excerpt":{"rendered":"<p>PROCESSO N.\u00ba CONT. OBJETO FORNECEDOR CNPJ\/CPF VIG\u00caNCIA VALOR 415\/2016 01\/2017 PROFISSIONAL EM QUIMICA EDUARDO DA SILVA NOBRE 741.387.232-34 01\/03\/2017 A 01\/03\/2018 \u00a0R$\u00a0\u00a0\u00a0\u00a0\u00a0\u00a0\u00a0\u00a0\u00a0\u00a0 87.890,00 006\/2017 02\/2017 LOC. IMOVEL TRIUNFO MARLENE GORETE [&hellip;]<\/p>\n","protected":false},"author":1,"featured_media":0,"parent":0,"menu_order":0,"comment_status":"closed","ping_status":"closed","template":"page-templates\/template-full-width.php","meta":[],"_links":{"self":[{"href":"http:\/\/www.emater.ro.gov.br\/ematerro\/wp-json\/wp\/v2\/pages\/5991"}],"collection":[{"href":"http:\/\/www.emater.ro.gov.br\/ematerro\/wp-json\/wp\/v2\/pages"}],"about":[{"href":"http:\/\/www.emater.ro.gov.br\/ematerro\/wp-json\/wp\/v2\/types\/page"}],"author":[{"embeddable":true,"href":"http:\/\/www.emater.ro.gov.br\/ematerro\/wp-json\/wp\/v2\/users\/1"}],"replies":[{"embeddable":true,"href":"http:\/\/www.emater.ro.gov.br\/ematerro\/wp-json\/wp\/v2\/comments?post=5991"}],"version-history":[{"count":5,"href":"http:\/\/www.emater.ro.gov.br\/ematerro\/wp-json\/wp\/v2\/pages\/5991\/revisions"}],"predecessor-version":[{"id":6255,"href":"http:\/\/www.emater.ro.gov.br\/ematerro\/wp-json\/wp\/v2\/pages\/5991\/revisions\/6255"}],"wp:attachment":[{"href":"http:\/\/www.emater.ro.gov.br\/ematerro\/wp-json\/wp\/v2\/media?parent=5991"}],"curies":[{"name":"wp","href":"https:\/\/api.w.org\/{rel}","templated":true}]}}