{"id":5983,"date":"2018-12-12T13:28:37","date_gmt":"2018-12-12T17:28:37","guid":{"rendered":"http:\/\/www.emater.ro.gov.br\/ematerro\/?page_id=5983"},"modified":"2018-12-14T13:16:52","modified_gmt":"2018-12-14T17:16:52","slug":"contratos-de-servicos-e-compras-2016","status":"publish","type":"page","link":"http:\/\/www.emater.ro.gov.br\/ematerro\/contratos-de-servicos-e-compras-2016\/","title":{"rendered":"Contratos de servi\u00e7os e compras 2016"},"content":{"rendered":"<table width=\"1103\">\n<tbody>\n<tr>\n<td width=\"66\"><strong>PROCESSO<\/strong><\/td>\n<td width=\"59\"><strong>N.\u00ba CONT.<\/strong><\/td>\n<td width=\"280\"><strong>OBJETO<\/strong><\/td>\n<td width=\"256\"><strong>FORNECEDOR<\/strong><\/td>\n<td width=\"118\"><strong>CNPJ<\/strong><\/td>\n<td width=\"153\"><strong>VIG\u00caNCIA<\/strong><\/td>\n<td width=\"107\"><strong>VALOR<\/strong><\/td>\n<td width=\"64\"><strong>ADITIVOS<\/strong><\/td>\n<\/tr>\n<tr>\n<td><a href=\"http:\/\/www.emater.ro.gov.br\/ematerro\/wp-content\/uploads\/2018\/12\/CONTRATO-001-2016-Agua-encanada-CAERD.pdf\">666\/2015<\/a><\/td>\n<td>01\/2016<\/td>\n<td width=\"280\">FORNECIMENTO DE \u00c1GUA ENCANADA<\/td>\n<td width=\"256\">COMPANHIA DE \u00c1GUA E ESGOTO DE ROND\u00d4NIA\u00a0 \u2014\u00a0 CAERD<\/td>\n<td width=\"118\">05.914.254\/0001-39<\/td>\n<td width=\"153\">01\/01\/2016 A 01\/01\/2017<\/td>\n<td width=\"107\">\u00a0R$ 158.400,00<\/td>\n<td><\/td>\n<\/tr>\n<tr>\n<td><a href=\"http:\/\/www.emater.ro.gov.br\/ematerro\/wp-content\/uploads\/2018\/12\/CONTRATO-002-2016-Agua-encanada-Esloc.-Primavera-de-Rondonia.pdf\">603\/2015<\/a><\/td>\n<td>02\/2016<\/td>\n<td width=\"280\">FORNECIMENTO DE \u00c1GUA ENCANADA &#8211; CENGE<\/td>\n<td width=\"256\">SERVI\u00c7O AUTONOMO DE \u00c1GUA E ESGOTO DE PRIMAVERA DE ROND\u00d4NIA<\/td>\n<td width=\"118\">02.984.038\/0001-71<\/td>\n<td width=\"153\">01\/02\/2016 A 01\/02\/2017<\/td>\n<td width=\"107\">\u00a0R$\u00a0\u00a0\u00a0\u00a0\u00a0\u00a0\u00a0 730,00<\/td>\n<td><\/td>\n<\/tr>\n<tr>\n<td><a href=\"http:\/\/www.emater.ro.gov.br\/ematerro\/wp-content\/uploads\/2018\/12\/CONTRATO-003-2016-Locacao-de-Imovel-Distrito-de-Uniao-Bandeirantes.pdf\">009\/2016<\/a><\/td>\n<td>03\/2016<\/td>\n<td width=\"280\">LOC. DE IM\u00d3VEL DE UNI\u00c3O BANDEIRANTES<\/td>\n<td width=\"256\">VALDEMILSON ALFREDO DE OLIVEIRA<\/td>\n<td>723.490.502-20<\/td>\n<td width=\"153\">01\/02\/2016 A 01\/02\/2017<\/td>\n<td width=\"107\">\u00a0R$\u00a0\u00a0 18.000,00<\/td>\n<td><\/td>\n<\/tr>\n<tr>\n<td><a href=\"http:\/\/www.emater.ro.gov.br\/ematerro\/wp-content\/uploads\/2018\/12\/CONTRATO-004-2016-Contratacao-de-Energia-Eletrica-CENGE.pdf\">670\/2016<\/a><\/td>\n<td>04\/2016<\/td>\n<td width=\"280\">FORNECIMENTO DE ENERGIA &#8211; CENGE<\/td>\n<td width=\"256\">CERON<\/td>\n<td width=\"118\">05.914.650\/0001-66<\/td>\n<td width=\"153\">01\/02\/2016 A 01\/02\/2017<\/td>\n<td width=\"107\">\u00a0R$ 318.240,00<\/td>\n<td><\/td>\n<\/tr>\n<tr>\n<td><a href=\"http:\/\/www.emater.ro.gov.br\/ematerro\/wp-content\/uploads\/2018\/12\/CONTRATO-005-2016-Contratacao-de-Energia-Eletrica-Esreg.-Esloc.-PVH.pdf\">670\/2016<\/a><\/td>\n<td>05\/2016<\/td>\n<td width=\"280\">FORNECIMENTO DE ENEREGIA &#8211; ESLOC&#8217;S<\/td>\n<td width=\"256\">CERON<\/td>\n<td width=\"118\">05.914.650\/0001-66<\/td>\n<td width=\"153\">01\/01\/2016 A 01\/01\/2017<\/td>\n<td width=\"107\">\u00a0R$ 494.457,28<\/td>\n<td><\/td>\n<\/tr>\n<tr>\n<td><a href=\"http:\/\/www.emater.ro.gov.br\/ematerro\/wp-content\/uploads\/2018\/12\/CONTRATO-006-2016-Contratacao-de-Energia-Eletrica-Usina-Centrer.pdf\">670\/2016<\/a><\/td>\n<td>06\/2016<\/td>\n<td width=\"280\">FORNECIMENTO DE ENERGIA USINA NITROG\u00caNIO<\/td>\n<td width=\"256\">CERON<\/td>\n<td width=\"118\">05.914.650\/0001-66<\/td>\n<td width=\"153\">01\/01\/2016 A 01\/01\/2017<\/td>\n<td width=\"107\">\u00a0R$ 114.000,00<\/td>\n<td><\/td>\n<\/tr>\n<tr>\n<td><a href=\"http:\/\/www.emater.ro.gov.br\/ematerro\/wp-content\/uploads\/2018\/12\/CONTRATO-007-2016-Manutencao-em-Ar-Condicionado-Regiao-de-Porto-Velho.pdf\">1030\/2014<\/a><\/td>\n<td>07\/2016<\/td>\n<td>MANUTEN\u00c7\u00c3O DE AR CONDICIONADO<\/td>\n<td width=\"256\">PEDRO RENATO G S RODRIGUES EIRELI-ME<\/td>\n<td>17.094.883\/0001-49<\/td>\n<td width=\"153\">01\/04\/2016 a 01\/04\/2017<\/td>\n<td width=\"107\">\u00a0R$\u00a0\u00a0\u00a0\u00a0 3.990,00<\/td>\n<td><\/td>\n<\/tr>\n<tr>\n<td><a href=\"http:\/\/www.emater.ro.gov.br\/ematerro\/wp-content\/uploads\/2018\/12\/CONTRATO-008-2016-Manutencao-de-Ar-Condicionado-CENTRER.pdf\">1030\/2014<\/a><\/td>\n<td>08\/2016<\/td>\n<td width=\"280\">MANUTEN\u00c7\u00c3O DE AR CONDICIONADO<\/td>\n<td width=\"256\">CONFORT CLIMATIZA\u00c7\u00c3O E REFRIGERA\u00c7\u00c3O LTDA &#8211; ME<\/td>\n<td>07.492.137\/0001-50<\/td>\n<td width=\"153\">01\/04\/2016 a 01\/04\/2017<\/td>\n<td width=\"107\">\u00a0R$\u00a0\u00a0\u00a0\u00a0 5.884,00<\/td>\n<td><\/td>\n<\/tr>\n<tr>\n<td><a href=\"http:\/\/www.emater.ro.gov.br\/ematerro\/wp-content\/uploads\/2018\/12\/CONTRATO-009-2016-Contratacao-de-Auditoria.pdf\">470\/2015<\/a><\/td>\n<td>09\/2016<\/td>\n<td width=\"280\">ASSESSORIA CONT\u00c1BIL<\/td>\n<td width=\"256\">CONTROL AUDITORIA E CONTABILIDADE S\/S<\/td>\n<td>07.757.896\/0001-05<\/td>\n<td width=\"153\">26\/02\/2016 A 25\/03\/2016<\/td>\n<td width=\"107\">\u00a0R$\u00a0\u00a0 19.900,00<\/td>\n<td><\/td>\n<\/tr>\n<tr>\n<td><a href=\"http:\/\/www.emater.ro.gov.br\/ematerro\/wp-content\/uploads\/2018\/12\/CONTRATO-010-2016-Aquisicao-de-Gas-butano.pdf\">467\/20145<\/a><\/td>\n<td>10\/2016<\/td>\n<td width=\"280\">AQ. DE G\u00c1S BUTANO<\/td>\n<td>GM CALDEIRA &amp; CIA LTDA &#8211; EPP<\/td>\n<td>04.511.872\/0001-37<\/td>\n<td width=\"153\">02\/03\/2016 A 02\/07\/2016<\/td>\n<td width=\"107\">\u00a0R$\u00a0\u00a0\u00a0\u00a0 5.250,00<\/td>\n<td><\/td>\n<\/tr>\n<tr>\n<td><a href=\"http:\/\/www.emater.ro.gov.br\/ematerro\/wp-content\/uploads\/2018\/12\/CONTRATO-011-2016-Anuidade-ASBRAER.pdf\">091\/2016<\/a><\/td>\n<td>11\/2016<\/td>\n<td width=\"280\">PAGAMENTO DE MENSALLIDADES<\/td>\n<td width=\"256\">ASSOCIA\u00c7\u00c3O BRASILEIRA DE ENTIDADES ESTADUAIS DE ASSIST\u00caNCIA T\u00c9CNICA E EXTENS\u00c3O RURAL &#8211; ASBRAER<\/td>\n<td>26.446.062\/0001-15<\/td>\n<td width=\"153\">04\/04\/2016 A 04\/04\/2017<\/td>\n<td width=\"107\">\u00a0R$\u00a0\u00a0 50.096,28<\/td>\n<td><\/td>\n<\/tr>\n<tr>\n<td><a href=\"http:\/\/www.emater.ro.gov.br\/ematerro\/wp-content\/uploads\/2018\/12\/CONTRATO-012-2016-Internet-Via-Radio-Esloc.-Nova-Londrina.pdf\">032\/2016<\/a><\/td>\n<td>12\/2016<\/td>\n<td width=\"280\">INTERNET VIA R\u00c1DIO N. LONDRINA<\/td>\n<td width=\"256\">UZZY TELECOM COM\u00c9RCIO E SERVI\u00c7OS LTDA<\/td>\n<td>11.767.980\/0001-79<\/td>\n<td width=\"153\">19\/04\/2016 A 19\/04\/2017<\/td>\n<td width=\"107\">\u00a0R$\u00a0\u00a0\u00a0\u00a0 3.480,00<\/td>\n<td><\/td>\n<\/tr>\n<tr>\n<td><a href=\"http:\/\/www.emater.ro.gov.br\/ematerro\/wp-content\/uploads\/2018\/12\/CONTRATO-013-2016-Contrato-Jovem-Aprendiz.pdf\">105\/2016<\/a><\/td>\n<td>13\/2016<\/td>\n<td width=\"280\">JOVEM APRENDIZ<\/td>\n<td width=\"256\">SENAI \u2013 SERVI\u00c7O NACIONAL DE APRENDIZAGEM<\/td>\n<td>03.780.605\/0001-30<\/td>\n<td width=\"153\">31\/04\/2016 A 31\/03\/2017<\/td>\n<td width=\"107\">\u00a0R$\u00a0\u00a0 59.228,28<\/td>\n<td><\/td>\n<\/tr>\n<tr>\n<td><a href=\"http:\/\/www.emater.ro.gov.br\/ematerro\/wp-content\/uploads\/2018\/12\/CONTRATO-014-2016-Contratacao-de-Telefonia-Movel.pdf\">109\/2015<\/a><\/td>\n<td>14\/2016<\/td>\n<td width=\"280\">SERV. TELEFONIA M\u00d3VEL<\/td>\n<td>CLARO S.A<\/td>\n<td>40.432.544\/0001-47<\/td>\n<td width=\"153\">06\/05\/2016 A 06\/05\/2017<\/td>\n<td width=\"107\">\u00a0R$ 110.691,33<\/td>\n<td><\/td>\n<\/tr>\n<tr>\n<td><a href=\"http:\/\/www.emater.ro.gov.br\/ematerro\/wp-content\/uploads\/2018\/12\/CONTRATO-015-2016-Contratacao-Medico-do-Trabalho.pdf\">674\/2015<\/a><\/td>\n<td>15\/2016<\/td>\n<td width=\"280\">M\u00c9DICO DO TRABALHO<\/td>\n<td width=\"256\">NEUMANN &amp; GON\u00c7ALVES MEDICINA E SEGURAN\u00c7A OCUPACIONAL LTDA &#8211; ME<\/td>\n<td>11.010.043\/0002-55<\/td>\n<td width=\"153\">01\/07\/2016 A 01\/07\/2017<\/td>\n<td width=\"107\">\u00a0R$ 185.000,00<\/td>\n<td><\/td>\n<\/tr>\n<tr>\n<td><a href=\"http:\/\/www.emater.ro.gov.br\/ematerro\/wp-content\/uploads\/2018\/12\/CONTRATO-016-2016-Aquisicao-de-Gas-Butano.pdf\">467\/2015<\/a><\/td>\n<td>16\/2016<\/td>\n<td width=\"280\">G\u00c1S BUTANO<\/td>\n<td>GM CALDEIRA &amp; CIA LTDA &#8211; EPP<\/td>\n<td>04.511.872\/0001-37<\/td>\n<td width=\"153\">22\/07\/2016 A 22\/01\/2017<\/td>\n<td width=\"107\">\u00a0R$\u00a0\u00a0\u00a0\u00a0 2.250,00<\/td>\n<td><\/td>\n<\/tr>\n<tr>\n<td><a href=\"http:\/\/www.emater.ro.gov.br\/ematerro\/wp-content\/uploads\/2018\/12\/CONTRATO-017-2016-Aquisicao-de-Gas-Butano.pdf\">388\/2016<\/a><\/td>\n<td>17\/2016<\/td>\n<td width=\"280\">G\u00c1S LIQUEFEITO<\/td>\n<td>SOGAS COM\u00c9RCIO LTDA &#8211; EPP<\/td>\n<td>11.006.333\/0001-44<\/td>\n<td width=\"153\">19\/08\/2016 A 19\/08\/2017<\/td>\n<td width=\"107\">\u00a0R$\u00a0\u00a0\u00a0\u00a0 1.298,00<\/td>\n<td><\/td>\n<\/tr>\n<tr>\n<td><a href=\"http:\/\/www.emater.ro.gov.br\/ematerro\/wp-content\/uploads\/2018\/12\/CONTRATO-018-2016-Aquisicao-de-Gas-Butano.pdf\">420\/2016<\/a><\/td>\n<td>18\/2016<\/td>\n<td width=\"280\">G\u00c1S BUTANO (ROLIM DE MOURA)<\/td>\n<td width=\"256\">NORTE SUL DISTRIBUIDORA DE G\u00c1S LTDA<\/td>\n<td>12.515.397\/0001-33<\/td>\n<td width=\"153\">26\/08\/2016 A 26\/08\/2017<\/td>\n<td width=\"107\">\u00a0R$\u00a0\u00a0\u00a0\u00a0 2.096,50<\/td>\n<td><\/td>\n<\/tr>\n<tr>\n<td><a href=\"http:\/\/www.emater.ro.gov.br\/ematerro\/wp-content\/uploads\/2018\/12\/CONTRATO-019-2016-Publicacao-de-Atos-em-Jornal-de-Grande-Circulacao.pdf\">452\/2016<\/a><\/td>\n<td>19\/2016<\/td>\n<td width=\"280\">SERV. DE PUBLICA\u00c7\u00c3O<\/td>\n<td>W&amp;M PUBLICIDADE LTDA &#8211; EPP<\/td>\n<td>01.527.405\/0001-45<\/td>\n<td width=\"153\">21\/09\/2016 A 21\/09\/2017<\/td>\n<td width=\"107\">\u00a0R$\u00a0\u00a0 37.500,00<\/td>\n<td><\/td>\n<\/tr>\n<tr>\n<td><a href=\"http:\/\/www.emater.ro.gov.br\/ematerro\/wp-content\/uploads\/2018\/12\/CONTRATO-020-2016-Aquisicao-de-Botija-de-Gas.pdf\">432\/2016<\/a><\/td>\n<td>20\/2016<\/td>\n<td width=\"280\">G\u00c1S BUTANO<\/td>\n<td width=\"256\">DENILSOON PEIXOTO DA SILVA<\/td>\n<td width=\"118\">11.682.213\/0001-67<\/td>\n<td width=\"153\">19\/09\/2016 A 19\/07\/2017<\/td>\n<td width=\"107\">\u00a0R$\u00a0\u00a0\u00a0\u00a0 2.169,30<\/td>\n<td><\/td>\n<\/tr>\n<tr>\n<td><a href=\"http:\/\/www.emater.ro.gov.br\/ematerro\/wp-content\/uploads\/2018\/12\/CONTRATO-021-2016-Aquisicao-de-Botija-de-Gas.pdf\">430\/2016<\/a><\/td>\n<td>21\/2016<\/td>\n<td width=\"280\">G\u00c1S DE 13 KG (P. BUENO)<\/td>\n<td>COMERCIAL RUBIO LTDA<\/td>\n<td width=\"118\">05.780.275\/0001-09<\/td>\n<td width=\"153\">28\/09\/2016 A 28\/07\/2017<\/td>\n<td width=\"107\">\u00a0R$\u00a0\u00a0\u00a0\u00a0 1.860,00<\/td>\n<td><\/td>\n<\/tr>\n<tr>\n<td><a href=\"http:\/\/www.emater.ro.gov.br\/ematerro\/wp-content\/uploads\/2018\/12\/CONTRATO-022-2016-Aquisicao-de-Botija-de-Gas.pdf\">419\/2016<\/a><\/td>\n<td>22\/2016<\/td>\n<td width=\"280\">G\u00c1S DE 13 KG (VALE DO GUAPOR\u00c9)<\/td>\n<td width=\"256\">PEREIRA OLIVEIRA E MENEZES OLIVEIRA LTDA<\/td>\n<td width=\"118\">13.278.955\/0002-38<\/td>\n<td width=\"153\">28\/09\/2016 A 28\/07\/2017<\/td>\n<td width=\"107\">\u00a0R$\u00a0\u00a0\u00a0\u00a0 1.561,70<\/td>\n<td><\/td>\n<\/tr>\n<tr>\n<td><a href=\"http:\/\/www.emater.ro.gov.br\/ematerro\/wp-content\/uploads\/2018\/12\/CONTRATO-023-2016-Aquisicao-de-Botija-de-Gas.pdf\">431\/2016<\/a><\/td>\n<td>23\/2016<\/td>\n<td width=\"280\">G\u00c1S DE 13 KG (J\u00cd PARAN\u00c1)<\/td>\n<td>CENTER G\u00c1S LTDA<\/td>\n<td width=\"118\">08.930.073\/0001-94<\/td>\n<td width=\"153\">28\/09\/2016 A 28\/07\/2017<\/td>\n<td width=\"107\">\u00a0R$\u00a0\u00a0\u00a0\u00a0 5.292,00<\/td>\n<td><\/td>\n<\/tr>\n<tr>\n<td><a href=\"http:\/\/www.emater.ro.gov.br\/ematerro\/wp-content\/uploads\/2018\/12\/CONTRATO-024-2016-Agua-encanada-Esloc.-Chupinguaia.pdf\">416\/2016<\/a><\/td>\n<td>24\/2016<\/td>\n<td width=\"280\">FORNECIMENTE DE \u00c1GUA ENCANADA (CHUPINGUAIA)<\/td>\n<td width=\"256\">PREFEITURA MUNICIPAL DE CHUPINGUAIA<\/td>\n<td>01.587.887\/0001-2<\/td>\n<td width=\"153\">01\/12\/2016 A 01\/12\/2017<\/td>\n<td width=\"107\">\u00a0R$\u00a0\u00a0\u00a0\u00a0\u00a0\u00a0\u00a0 275,38<\/td>\n<td><\/td>\n<\/tr>\n<\/tbody>\n<\/table>\n","protected":false},"excerpt":{"rendered":"<p>PROCESSO N.\u00ba CONT. OBJETO FORNECEDOR CNPJ VIG\u00caNCIA VALOR ADITIVOS 666\/2015 01\/2016 FORNECIMENTO DE \u00c1GUA ENCANADA COMPANHIA DE \u00c1GUA E ESGOTO DE ROND\u00d4NIA\u00a0 \u2014\u00a0 CAERD 05.914.254\/0001-39 01\/01\/2016 A 01\/01\/2017 \u00a0R$ 158.400,00 [&hellip;]<\/p>\n","protected":false},"author":1,"featured_media":0,"parent":0,"menu_order":0,"comment_status":"closed","ping_status":"closed","template":"page-templates\/template-full-width.php","meta":[],"_links":{"self":[{"href":"http:\/\/www.emater.ro.gov.br\/ematerro\/wp-json\/wp\/v2\/pages\/5983"}],"collection":[{"href":"http:\/\/www.emater.ro.gov.br\/ematerro\/wp-json\/wp\/v2\/pages"}],"about":[{"href":"http:\/\/www.emater.ro.gov.br\/ematerro\/wp-json\/wp\/v2\/types\/page"}],"author":[{"embeddable":true,"href":"http:\/\/www.emater.ro.gov.br\/ematerro\/wp-json\/wp\/v2\/users\/1"}],"replies":[{"embeddable":true,"href":"http:\/\/www.emater.ro.gov.br\/ematerro\/wp-json\/wp\/v2\/comments?post=5983"}],"version-history":[{"count":13,"href":"http:\/\/www.emater.ro.gov.br\/ematerro\/wp-json\/wp\/v2\/pages\/5983\/revisions"}],"predecessor-version":[{"id":6156,"href":"http:\/\/www.emater.ro.gov.br\/ematerro\/wp-json\/wp\/v2\/pages\/5983\/revisions\/6156"}],"wp:attachment":[{"href":"http:\/\/www.emater.ro.gov.br\/ematerro\/wp-json\/wp\/v2\/media?parent=5983"}],"curies":[{"name":"wp","href":"https:\/\/api.w.org\/{rel}","templated":true}]}}