{"id":5955,"date":"2018-12-12T11:46:52","date_gmt":"2018-12-12T15:46:52","guid":{"rendered":"http:\/\/www.emater.ro.gov.br\/ematerro\/?page_id=5955"},"modified":"2019-01-04T11:07:58","modified_gmt":"2019-01-04T15:07:58","slug":"contratos-servicos-compras-2018","status":"publish","type":"page","link":"http:\/\/www.emater.ro.gov.br\/ematerro\/contratos-servicos-compras-2018\/","title":{"rendered":"Contratos de servi\u00e7os e compras 2018"},"content":{"rendered":"<table width=\"1158\">\n<tbody>\n<tr>\n<td width=\"138\"><strong>PROCESSO<\/strong><\/td>\n<td width=\"67\"><strong>N. CONTR.<\/strong><\/td>\n<td width=\"281\"><strong>OBJETO<\/strong><\/td>\n<td width=\"284\"><strong>FORNECEDOR<\/strong><\/td>\n<td width=\"129\"><strong>CNPJ\/CPF<\/strong><\/td>\n<td width=\"161\"><strong>VIG\u00caNCIA<\/strong><\/td>\n<td width=\"98\"><strong>VALOR (R$)<\/strong><\/td>\n<\/tr>\n<tr>\n<td><a href=\"http:\/\/www.emater.ro.gov.br\/ematerro\/wp-content\/uploads\/2018\/12\/CONTRATO-01-2018-Loca\u00e7\u00e3o-de-Im\u00f3vel-Esloc.-Vista-Alegre-do-Abun\u00e3.pdf\">627\/2017<\/a><\/td>\n<td>01\/2018<\/td>\n<td>LOC. IM\u00d3VEL DIST. VISTA ALEGRE<\/td>\n<td>MARIL\u00c9IA P. CISCONETTO<\/td>\n<td>531.265.991-68<\/td>\n<td>02\/01\/2018 A 02\/01\/2019<\/td>\n<td>\u00a0R$\u00a0\u00a0\u00a0\u00a0 12.000,00<\/td>\n<\/tr>\n<tr>\n<td><a href=\"http:\/\/www.emater.ro.gov.br\/ematerro\/wp-content\/uploads\/2018\/12\/CONTRATO-02-2018-Loca\u00e7\u00e3o-de-Im\u00b4vel-Esloc.-de-Nova-Mamor\u00e9.pdf\">287\/2017<\/a><\/td>\n<td>02\/2018<\/td>\n<td>LOC. IM\u00d3VEL NOVA MAMOR\u00c9<\/td>\n<td>ANA OLIVEIRA DA SILVA<\/td>\n<td>599.524.232-68<\/td>\n<td>02\/01\/2018 A 02\/01\/2019<\/td>\n<td>\u00a0R$\u00a0\u00a0\u00a0\u00a0 10.800,00<\/td>\n<\/tr>\n<tr>\n<td><a href=\"http:\/\/www.emater.ro.gov.br\/ematerro\/wp-content\/uploads\/2018\/12\/CONTRATO-03-2018-Aquisi\u00e7\u00e3o-de-G\u00e1s-Butano.pdf\">456\/2017<\/a><\/td>\n<td>03\/2018<\/td>\n<td>G\u00c1S BUTANO ESREEG\/ARIQUEMES<\/td>\n<td>S\u00d3GAS COM\u00c9RCIO LTDA EPP<\/td>\n<td>11.006233\/0001-44<\/td>\n<td>26\/01\/2018 A 26\/01\/2019<\/td>\n<td>\u00a0R$\u00a0\u00a0\u00a0\u00a0\u00a0\u00a0 2.133,00<\/td>\n<\/tr>\n<tr>\n<td><\/td>\n<td>04\/2018<\/td>\n<td colspan=\"5\" width=\"953\">Numera\u00e7\u00e3o n\u00e3o utilizada<\/td>\n<\/tr>\n<tr>\n<td><\/td>\n<td>05\/2018<\/td>\n<td colspan=\"5\" width=\"953\">Numera\u00e7\u00e3o n\u00e3o utilizada<\/td>\n<\/tr>\n<tr>\n<td><\/td>\n<td>06\/2018<\/td>\n<td colspan=\"5\" width=\"953\">Numera\u00e7\u00e3o n\u00e3o utilizada<\/td>\n<\/tr>\n<tr>\n<td><a href=\"http:\/\/www.emater.ro.gov.br\/ematerro\/wp-content\/uploads\/2018\/12\/CONTRATO-07-2018-Manuten\u00e7\u00e3o-de-Ar-Condicionado.pdf\">004\/2017<\/a><\/td>\n<td>07\/2018<\/td>\n<td>MANUTEN\u00c7\u00c3O DE AR CONDICIONADO<\/td>\n<td>PRIMA TECH COM. E SERV. LTDA ME<\/td>\n<td>07.913.781\/0001-54<\/td>\n<td>26\/01\/2018 A 26\/01\/2019<\/td>\n<td>\u00a0R$\u00a0 100.000,00<\/td>\n<\/tr>\n<tr>\n<td><a href=\"http:\/\/www.emater.ro.gov.br\/ematerro\/wp-content\/uploads\/2018\/12\/CONTRATO-08-2018-Aquisi\u00e7\u00e3o-de-G\u00e1s-Butano.pdf\">0011.004411\/2018-82<\/a><\/td>\n<td>08\/2018<\/td>\n<td>G\u00c1S 13 KG ROLIM DE MOURA<\/td>\n<td>NORTE SUL DIST. DE G\u00c1S ROLIM<\/td>\n<td>12.515.394\/0001-55<\/td>\n<td>06\/03\/2018 A 06\/03\/2019<\/td>\n<td>\u00a0R$\u00a0\u00a0\u00a0\u00a0\u00a0\u00a0 2.635,00<\/td>\n<\/tr>\n<tr>\n<td><a href=\"http:\/\/www.emater.ro.gov.br\/ematerro\/wp-content\/uploads\/2018\/12\/CONTRATO-09-2018-Aquisi\u00e7\u00e3o-de-G\u00e1s-Butano.pdf\">0011.003741\/2018-51<\/a><\/td>\n<td>09\/2018<\/td>\n<td>G\u00c1S 13 KG S. FRANCISCO E ESLOC.<\/td>\n<td>PEREIRA DE OLIVEIRA\u00a0 LTDA -ME<\/td>\n<td>13.278.955\/0002-38<\/td>\n<td>06\/03\/2018 A 06\/03\/2019<\/td>\n<td>\u00a0R$\u00a0\u00a0\u00a0\u00a0\u00a0\u00a0 1.557,77<\/td>\n<\/tr>\n<tr>\n<td><a href=\"http:\/\/www.emater.ro.gov.br\/ematerro\/wp-content\/uploads\/2018\/12\/CONTRATO-10-2018-Manuten\u00e7\u00e3o-de-Impressoras.pdf\">055\/2017<\/a><\/td>\n<td>10\/2018<\/td>\n<td>MANUTEN\u00c7\u00c3O E SERV. INFORM\u00c1TICA<\/td>\n<td>HOTMACHINE COM . E SERV. INFORM\u00c1TICA<\/td>\n<td>07.848.223\/0001-52<\/td>\n<td>15\/03\/2018 A 15\/03\/2019<\/td>\n<td>\u00a0R$\u00a0 639.000,00<\/td>\n<\/tr>\n<tr>\n<td><a href=\"http:\/\/www.emater.ro.gov.br\/ematerro\/wp-content\/uploads\/2018\/12\/CONTRATO-11-2018-Aquisi\u00e7\u00e3o-de-G\u00e1s-Butano.pdf\">0011.004286\/2018-19<\/a><\/td>\n<td>11\/2018<\/td>\n<td>G\u00c1S 13 KG COLORADO DO OESTE<\/td>\n<td>LIGEIRINHO LTDA-ME<\/td>\n<td>11.682.213\/0001-67<\/td>\n<td>15\/03\/2018 A 15\/03\/2019<\/td>\n<td>\u00a0R$\u00a0\u00a0\u00a0\u00a0\u00a0\u00a0 3.039,27<\/td>\n<\/tr>\n<tr>\n<td><a href=\"http:\/\/www.emater.ro.gov.br\/ematerro\/wp-content\/uploads\/2018\/12\/CONTRATO-12-2018-Internet-Via-R\u00e1dio-Esloc.-Distrito-de-Nova-Dimens\u00e3o.pdf\">0011.044002\/2018-19<\/a><\/td>\n<td>12\/2018<\/td>\n<td>INTERNET VIA R\u00c1DIO NOVA DIMENS\u00c3O<\/td>\n<td>VIEIRA E SALMIM LTDA -ME<\/td>\n<td>02.072.246\/0001-02<\/td>\n<td>13\/04\/2018 A 13\/04\/2019<\/td>\n<td>\u00a0R$\u00a0\u00a0\u00a0\u00a0\u00a0\u00a0 3.600,00<\/td>\n<\/tr>\n<tr>\n<td><a href=\"http:\/\/www.emater.ro.gov.br\/ematerro\/wp-content\/uploads\/2018\/12\/CONTRATO-13-2018-Per\u00edcia-M\u00e9dica.pdf\">742\/2017<\/a><\/td>\n<td>13\/2018<\/td>\n<td>MEDICO DO TRABALHO<\/td>\n<td>MEUMANN E GON\u00c7ALVES SEG. OCUPACIONAL<\/td>\n<td>11.010.043\/0002-55<\/td>\n<td>19\/04\/2018 A 19\/04\/2019<\/td>\n<td>\u00a0R$\u00a0\u00a0\u00a0\u00a0 41.989,92<\/td>\n<\/tr>\n<tr>\n<td><a href=\"http:\/\/www.emater.ro.gov.br\/ematerro\/wp-content\/uploads\/2018\/12\/CONTRATO-14-2018-Aquisi\u00e7\u00e3o-de-G\u00eaneros-Aliment\u00edcios.pdf\">0011.036096\/2017-71<\/a><\/td>\n<td>14\/2018<\/td>\n<td>G\u00caNEROS ALIMENTICIOS (CAF\u00c9)<\/td>\n<td>LPK LTAD-ME<\/td>\n<td>00.535.560\/0001-40<\/td>\n<td>19\/04\/2018 A 19\/04\/2019<\/td>\n<td>\u00a0R$\u00a0\u00a0\u00a0\u00a0\u00a0\u00a0 7.819,29<\/td>\n<\/tr>\n<tr>\n<td><a href=\"http:\/\/www.emater.ro.gov.br\/ematerro\/wp-content\/uploads\/2018\/12\/CONTRATO-15-2018-Aquisi\u00e7\u00e3o-de-G\u00eaneros-Aliment\u00edcios.pdf\">0011.036096\/2017-71<\/a><\/td>\n<td>15\/2018<\/td>\n<td>G\u00caNEROS ALIMENTI\u00cdCIOS (A\u00c7UCAR)<\/td>\n<td>N.G COM\u00c9RCIO LTDA-EPP<\/td>\n<td>12.331.679\/0001-80<\/td>\n<td>07\/05\/2018 A 07\/05\/2019<\/td>\n<td>\u00a0R$\u00a0\u00a0\u00a0\u00a0\u00a0\u00a0 2.150,71<\/td>\n<\/tr>\n<tr>\n<td><a href=\"http:\/\/www.emater.ro.gov.br\/ematerro\/wp-content\/uploads\/2018\/12\/CONTRATO-16-2018-Aquisi\u00e7\u00e3o-de-G\u00eaneros-Aliment\u00edcios.pdf\">0011.036096\/2017-71<\/a><\/td>\n<td>16\/2018<\/td>\n<td>G\u00caNEROS ALIMENT\u00cdCIOS (\u00c1GUA MINERAL)<\/td>\n<td>P. H DE OLIVEIRA FERREIRA -ME<\/td>\n<td>29.331.151\/0001-04<\/td>\n<td>07\/05\/2018 A 07\/05\/2019<\/td>\n<td>\u00a0R$\u00a0\u00a0\u00a0\u00a0\u00a0\u00a0 7.482,80<\/td>\n<\/tr>\n<tr>\n<td><a href=\"http:\/\/www.emater.ro.gov.br\/ematerro\/wp-content\/uploads\/2018\/12\/CONTRATO-17-2018-Aquisi\u00e7\u00e3o-de-G\u00eaneros-Aliment\u00edcios.pdf\">0011.036096\/2017-71<\/a><\/td>\n<td>17\/2018<\/td>\n<td>G\u00caNEROS ALIMENT\u00cdCIOS (\u00c1GUA MINERAL)<\/td>\n<td>R.B MONTEIRO LTDA &#8211; EPP<\/td>\n<td>08.786.974\/0001-54<\/td>\n<td>07\/05\/2018 A 07\/05\/2019<\/td>\n<td>\u00a0R$\u00a0\u00a0\u00a0\u00a0\u00a0\u00a0 4.208,52<\/td>\n<\/tr>\n<tr>\n<td><a href=\"http:\/\/www.emater.ro.gov.br\/ematerro\/wp-content\/uploads\/2018\/12\/CONTRATO-18-2018-Aquisi\u00e7\u00e3o-de-G\u00e1s-Butano.pdf\">0011.010798\/2018-14<\/a><\/td>\n<td>18\/2018<\/td>\n<td>G\u00c1S BUTANO \/ CENTRER<\/td>\n<td>FLASH COM\u00c9RCIO E SERV. LTDA -ME<\/td>\n<td>22.655.124\/0001-48<\/td>\n<td>08\/06\/2018 A 08\/06\/2019<\/td>\n<td>\u00a0R$\u00a0\u00a0\u00a0\u00a0 13.200,00<\/td>\n<\/tr>\n<tr>\n<td><a href=\"http:\/\/www.emater.ro.gov.br\/ematerro\/wp-content\/uploads\/2018\/12\/CONTRATO-19-2018-Aquisi\u00e7\u00e3o-de-G\u00e1s-Butano.pdf\">0011.005338\/2018-66<\/a><\/td>\n<td>19\/2018<\/td>\n<td>G\u00c1S BUTANO \/ P. BUENO<\/td>\n<td>COMERCIAL R\u00daBIO<\/td>\n<td>05.780.275\/0001-09<\/td>\n<td>12\/06\/2018 A 12\/06\/2019<\/td>\n<td>\u00a0R$\u00a0\u00a0\u00a0\u00a0\u00a0\u00a0 2.392,00<\/td>\n<\/tr>\n<tr>\n<td><a href=\"http:\/\/www.emater.ro.gov.br\/ematerro\/wp-content\/uploads\/2018\/12\/CONTRATO-20-2018-Aquisi\u00e7\u00e3o-de-G\u00e1s-Butano.pdf\">0011.010604\/2018-72<\/a><\/td>\n<td>20\/2018<\/td>\n<td>G\u00c1S BUTANO \/ J\u00cd- PARAN\u00c1<\/td>\n<td>FLASH COM\u00c9RCIO E SERV. LTDA -ME<\/td>\n<td>22.655.124\/0001-48<\/td>\n<td>12\/06\/2018 A 12\/06\/2019<\/td>\n<td>\u00a0R$\u00a0\u00a0\u00a0\u00a0\u00a0\u00a0 9.348,00<\/td>\n<\/tr>\n<tr>\n<td><a href=\"http:\/\/www.emater.ro.gov.br\/ematerro\/wp-content\/uploads\/2018\/12\/CONTRATO-21-2018-Banco-de-Pre\u00e7os.pdf\">0011.154647\/2018-69<\/a><\/td>\n<td>21\/2018<\/td>\n<td>BANCO DE PRE\u00c7OS<\/td>\n<td>N.P CAPACITA\u00c7\u00c3O E SOL. TECNOLOGIA<\/td>\n<td>10.498.974\/0001-09<\/td>\n<td>04\/07\/2018 A 04\/07\/2019<\/td>\n<td>\u00a0R$\u00a0\u00a0\u00a0\u00a0\u00a0\u00a0 7.990,00<\/td>\n<\/tr>\n<tr>\n<td><a href=\"http:\/\/www.emater.ro.gov.br\/ematerro\/wp-content\/uploads\/2018\/12\/CONTRATO-22-2018-Aquisi\u00e7\u00e3o-de-G\u00e1s-Butano.pdf\">0011.009012\/2018-16<\/a><\/td>\n<td>22\/2018<\/td>\n<td>AQUISI\u00c7\u00c3O DE G\u00c1S BUTANO (CENGE)<\/td>\n<td>ROLD\u00c3O BRAGA RIBEIRO<\/td>\n<td>34.467.753\/0001-23<\/td>\n<td>27\/06\/2018 A 27\/06\/2019<\/td>\n<td>\u00a0R$\u00a0\u00a0\u00a0\u00a0\u00a0\u00a0 5.816,00<\/td>\n<\/tr>\n<tr>\n<td><a href=\"http:\/\/www.emater.ro.gov.br\/ematerro\/wp-content\/uploads\/2018\/12\/CONTRATO-23-2018-Internet-Via-R\u00e1dio-Esloc.-Distrito-de-Nova-Colina.pdf\">0011.199911\/2018-93<\/a><\/td>\n<td>23\/2018<\/td>\n<td>INTERNET VIA R\u00c1DIO (NOVA COLINA)<\/td>\n<td>WN SERVI\u00c7OS E INFORM\u00c1TICA LTDA<\/td>\n<td>10.543.936\/0001-12<\/td>\n<td>01\/10\/2018 A 01\/10\/2019<\/td>\n<td>\u00a0R$\u00a0\u00a0\u00a0\u00a0\u00a0\u00a0 3.000,00<\/td>\n<\/tr>\n<tr>\n<td><a href=\"http:\/\/www.emater.ro.gov.br\/ematerro\/wp-content\/uploads\/2018\/12\/CONTRATO-24-2018-Internet-Via-R\u00e1dio-Esloc.-Rondominas.pdf\">0011.199766\/2018-41<\/a><\/td>\n<td>24\/2018<\/td>\n<td>INTERNET VIA R\u00c1DIO ( RONDOMINAS)<\/td>\n<td>WN SERVI\u00c7OS E INFORM\u00c1TICA LTDA<\/td>\n<td>10.543.936\/0001-12<\/td>\n<td>01\/10\/2018 A 01\/10\/2019<\/td>\n<td>\u00a0R$\u00a0\u00a0\u00a0\u00a0\u00a0\u00a0 3.000,00<\/td>\n<\/tr>\n<tr>\n<td><\/td>\n<td>25\/2018<\/td>\n<td colspan=\"5\" width=\"953\">Numera\u00e7\u00e3o n\u00e3o utilizada<\/td>\n<\/tr>\n<tr>\n<td><a href=\"http:\/\/www.emater.ro.gov.br\/ematerro\/wp-content\/uploads\/2018\/12\/CONTRATO-26-2018-Loca\u00e7\u00e3o-de-Im\u00f3vel-Esloc.-de-Calama.pdf\">0011.282499\/2018-71<\/a><\/td>\n<td>26\/2018<\/td>\n<td>LOC. IM\u00d3VEL CALAMA<\/td>\n<td>OZIMAR DE SOUZA<\/td>\n<td>348.507.322-91<\/td>\n<td>01\/10\/2018 A 30\/09\/2019<\/td>\n<td>\u00a0R$\u00a0\u00a0\u00a0\u00a0 10.200,00<\/td>\n<\/tr>\n<tr>\n<td><a href=\"http:\/\/www.emater.ro.gov.br\/ematerro\/wp-content\/uploads\/2018\/12\/CONTRATO-26-2018-Contrata\u00e7\u00e3o-de-Servi\u00e7os-SEDEP.pdf\">0011.208394\/2018-51<\/a><\/td>\n<td>26\/2018<\/td>\n<td>PUBLICA\u00c7\u00d5ES E DESPACHOS<\/td>\n<td>SEDEP<\/td>\n<td>37.535.259\/0001-47<\/td>\n<td>26\/09\/2018 A 26\/09\/2019<\/td>\n<td>\u00a0R$\u00a0\u00a0\u00a0\u00a0\u00a0\u00a0 1.800,00<\/td>\n<\/tr>\n<tr>\n<td><a href=\"http:\/\/www.emater.ro.gov.br\/ematerro\/wp-content\/uploads\/2018\/12\/CONTRATO-27-2018-Internet-Via-R\u00e1dio-Esloc.-Distrito-de-Nova-Londrina.pdf\">0011.111411\/2018-38<\/a><\/td>\n<td>27\/2018<\/td>\n<td>INTERNET VIA R\u00c1DIO<\/td>\n<td>D.E.D SERVI\u00c7OS DE INFORM\u00c1TICA<\/td>\n<td>11.732.869\/0001-47<\/td>\n<td>01\/11\/2018 A 01\/11\/2019<\/td>\n<td>\u00a0R$\u00a0\u00a0\u00a0\u00a0\u00a0\u00a0 1.440,00<\/td>\n<\/tr>\n<tr>\n<td><\/td>\n<td>28\/2018<\/td>\n<td colspan=\"5\" width=\"953\">Numera\u00e7\u00e3o n\u00e3o utilizada<\/td>\n<\/tr>\n<tr>\n<td><a href=\"http:\/\/www.emater.ro.gov.br\/ematerro\/wp-content\/uploads\/2018\/12\/CONTRATO-29-2018-Internet-Via-R\u00e1dio-Esloc.-Novo-Riachuelo.pdf\">0011.043269\/2018-99<\/a><\/td>\n<td>29\/2018<\/td>\n<td>INTERNET VIA R\u00c1DIO N. RIACHUELO<\/td>\n<td>COLADINI E COLADINI LTDA EPP<\/td>\n<td>470.955.632-68<\/td>\n<td>01\/11\/2018 A 01\/11\/2019<\/td>\n<td>\u00a0R$\u00a0\u00a0\u00a0\u00a0\u00a0\u00a0 2.820,00<\/td>\n<\/tr>\n<tr>\n<td><a href=\"http:\/\/www.emater.ro.gov.br\/ematerro\/wp-content\/uploads\/2018\/12\/CONTRATO-30-2018-Aquisi\u00e7\u00e3o-de-G\u00e1s-Butano.pdf\">0011.312946\/2018-24<\/a><\/td>\n<td>30\/2018<\/td>\n<td>FORNECIMENTO DE G\u00c1S<\/td>\n<td>S\u00d3GAS COM\u00c9RCIO LTDA EPP<\/td>\n<td>11.006233\/0001-44<\/td>\n<td>01\/01\/2019 A 01\/01\/2020<\/td>\n<td>\u00a0R$\u00a0\u00a0\u00a0\u00a0\u00a0\u00a0 3.760,00<\/td>\n<\/tr>\n<tr>\n<td><a href=\"http:\/\/www.emater.ro.gov.br\/ematerro\/wp-content\/uploads\/2018\/12\/CONTRATO-31-2018-Seguro-Automotivo.pdf\">0011.114711\/2018-79<\/a><\/td>\n<td>31\/2018<\/td>\n<td>SEGURO ONIBUS E VAM<\/td>\n<td>BRASIL VE\u00cdCULOS CIA SEGURO<\/td>\n<td>01.356.570\/0001-81<\/td>\n<td>30\/10\/2018 a 30\/10\/2019<\/td>\n<td>\u00a0R$\u00a0\u00a0\u00a0\u00a0\u00a0\u00a0 2.550,00<\/td>\n<\/tr>\n<\/tbody>\n<\/table>\n<p>&nbsp;<\/p>\n","protected":false},"excerpt":{"rendered":"<p>PROCESSO N. CONTR. OBJETO FORNECEDOR CNPJ\/CPF VIG\u00caNCIA VALOR (R$) 627\/2017 01\/2018 LOC. IM\u00d3VEL DIST. VISTA ALEGRE MARIL\u00c9IA P. CISCONETTO 531.265.991-68 02\/01\/2018 A 02\/01\/2019 \u00a0R$\u00a0\u00a0\u00a0\u00a0 12.000,00 287\/2017 02\/2018 LOC. IM\u00d3VEL NOVA [&hellip;]<\/p>\n","protected":false},"author":1,"featured_media":0,"parent":0,"menu_order":0,"comment_status":"closed","ping_status":"closed","template":"page-templates\/template-full-width.php","meta":[],"_links":{"self":[{"href":"http:\/\/www.emater.ro.gov.br\/ematerro\/wp-json\/wp\/v2\/pages\/5955"}],"collection":[{"href":"http:\/\/www.emater.ro.gov.br\/ematerro\/wp-json\/wp\/v2\/pages"}],"about":[{"href":"http:\/\/www.emater.ro.gov.br\/ematerro\/wp-json\/wp\/v2\/types\/page"}],"author":[{"embeddable":true,"href":"http:\/\/www.emater.ro.gov.br\/ematerro\/wp-json\/wp\/v2\/users\/1"}],"replies":[{"embeddable":true,"href":"http:\/\/www.emater.ro.gov.br\/ematerro\/wp-json\/wp\/v2\/comments?post=5955"}],"version-history":[{"count":15,"href":"http:\/\/www.emater.ro.gov.br\/ematerro\/wp-json\/wp\/v2\/pages\/5955\/revisions"}],"predecessor-version":[{"id":6284,"href":"http:\/\/www.emater.ro.gov.br\/ematerro\/wp-json\/wp\/v2\/pages\/5955\/revisions\/6284"}],"wp:attachment":[{"href":"http:\/\/www.emater.ro.gov.br\/ematerro\/wp-json\/wp\/v2\/media?parent=5955"}],"curies":[{"name":"wp","href":"https:\/\/api.w.org\/{rel}","templated":true}]}}