{"id":500,"date":"2016-07-20T12:05:42","date_gmt":"2016-07-20T16:05:42","guid":{"rendered":"http:\/\/www.emater.ro.gov.br\/ematerro\/?page_id=500"},"modified":"2016-07-20T12:12:21","modified_gmt":"2016-07-20T16:12:21","slug":"piscicultura","status":"publish","type":"page","link":"http:\/\/www.emater.ro.gov.br\/ematerro\/piscicultura\/","title":{"rendered":"Piscicultura"},"content":{"rendered":"<p style=\"text-align: justify;\">\u00a0\u00a0\u00a0\u00a0\u00a0\u00a0\u00a0\u00a0\u00a0\u00a0 As primeiras refer\u00eancias da atividade de piscicultura no Estado aconteceram por iniciativa de t\u00e9cnicos da EMATER-RO na d\u00e9cada de 80, que participaram de um treinamento em reprodu\u00e7\u00e3o artificial de tambaqui <em>(Colosssoma macropomum)<\/em> no nordeste do pa\u00eds, levando com eles produtores interessados em implantar a atividade em suas propriedades. Cerca de trinta anos depois dessa miss\u00e3o t\u00e9cnica Rond\u00f4nia se tornou um dos principais criadores dessa esp\u00e9cie, destacando-se como o maior produtor de peixes redondos da regi\u00e3o norte, e encontra-se na vanguarda da produ\u00e7\u00e3o da esp\u00e9cie pirarucu (<em>Arapaima gigas<\/em>\u00a0<em>(Schinz, 1822)<\/em>).<\/p>\n<p style=\"text-align: justify;\"><strong>\u00a0\u00a0\u00a0\u00a0\u00a0\u00a0\u00a0\u00a0\u00a0 \u00a0 <\/strong>Uma das peculiaridades do crescimento da piscicultura no Estado \u00e9 a participa\u00e7\u00e3o decisiva da agricultura familiar neste quadro. Essa evolu\u00e7\u00e3o se deve ao conjunto de in\u00fameros fatores, desde aspectos f\u00edsicos como disponibilidade de recursos h\u00eddricos, temperatura, etc., a op\u00e7\u00e3o por esp\u00e9cies nativas, como o tambaqui, que possui bom desempenho zoot\u00e9cnico e tecnologia de produ\u00e7\u00e3o conhecida; mercado em expans\u00e3o, pronto pra ser ocupado n\u00e3o s\u00f3 pela diminui\u00e7\u00e3o da oferta de pescado oriundo da pesca artesanal mas pelo aumento do consumo <em>per capta, <\/em>tend\u00eancia mundial at\u00e9 o incentivo do governo por meio de pol\u00edticas p\u00fablicas, somados ao interesse dos agricultores familiares pela atividade como alternativa de uso do solo e renda, potencializada pela assist\u00eancia t\u00e9cnica que promove o desenvolvimento da atividade. Abaixo podemos verificar o crescimento da piscicultura em termos de \u00e1rea alagada e estimativa de produ\u00e7\u00e3o de 2012 a 2015 refletidos no p\u00fablico benefici\u00e1rio das a\u00e7\u00f5es de Assist\u00eancia T\u00e9cnica e Extens\u00e3o Rural gratuita oferecida pela EMATER-RO.<\/p>\n<p><a href=\"http:\/\/www.emater.ro.gov.br\/ematerro\/wp-content\/uploads\/2016\/07\/grafico-psicultura-1.gif\"><img decoding=\"async\" loading=\"lazy\" class=\"size-full wp-image-503 aligncenter\" src=\"http:\/\/www.emater.ro.gov.br\/ematerro\/wp-content\/uploads\/2016\/07\/grafico-psicultura-1.gif\" alt=\"grafico-psicultura\" width=\"635\" height=\"448\" \/><\/a><\/p>\n<p style=\"text-align: justify;\">\u00a0\u00a0\u00a0\u00a0\u00a0\u00a0\u00a0\u00a0\u00a0\u00a0\u00a0 Em Rond\u00f4nia a piscicultura \u00e9 caracterizada pela produ\u00e7\u00e3o de peixes em regime semi-intensivo de cria\u00e7\u00e3o. Esse aumento expressivo na produ\u00e7\u00e3o, reflexo direto tanto do aumento da \u00e1rea alagada como da produtividade, como previsto em qualquer produ\u00e7\u00e3o que apresenta crescimento acelerado, vem acompanhado de quest\u00f5es sanit\u00e1rias. Quest\u00f5es que encontram na ado\u00e7\u00e3o de Boas Pr\u00e1ticas de Manejo &#8211; BPM, o caminho para a produ\u00e7\u00e3o de peixes com condi\u00e7\u00f5es de sanidade animal que atendam \u00e0s expectativas do mercado consumidor, cada vez mais exigente. Ciente do papel da assist\u00eancia t\u00e9cnica no que se refere \u00e0 orienta\u00e7\u00e3o da preven\u00e7\u00e3o e aplica\u00e7\u00e3o das medidas profil\u00e1ticas que envolvem o manejo na produ\u00e7\u00e3o peixes, a EMATER-RO vem capacitando seus t\u00e9cnicos, paulatinamente e de forma continuada, em ictiopatologia de esp\u00e9cies cultivadas em Rond\u00f4nia, de forma a garantir um quadro t\u00e9cnico preparado para lidar com as ocorr\u00eancias de parasitos e poss\u00edveis doen\u00e7as identificadas no processo produtivo, de forma a oferecer uma assist\u00eancia t\u00e9cnica de qualidade ao setor aqu\u00edcola do Estado.<\/p>\n","protected":false},"excerpt":{"rendered":"<p>\u00a0\u00a0\u00a0\u00a0\u00a0\u00a0\u00a0\u00a0\u00a0\u00a0 As primeiras refer\u00eancias da atividade de piscicultura no Estado aconteceram por iniciativa de t\u00e9cnicos da EMATER-RO na d\u00e9cada de 80, que participaram de um treinamento em reprodu\u00e7\u00e3o artificial de [&hellip;]<\/p>\n","protected":false},"author":1,"featured_media":0,"parent":0,"menu_order":0,"comment_status":"closed","ping_status":"closed","template":"","meta":[],"_links":{"self":[{"href":"http:\/\/www.emater.ro.gov.br\/ematerro\/wp-json\/wp\/v2\/pages\/500"}],"collection":[{"href":"http:\/\/www.emater.ro.gov.br\/ematerro\/wp-json\/wp\/v2\/pages"}],"about":[{"href":"http:\/\/www.emater.ro.gov.br\/ematerro\/wp-json\/wp\/v2\/types\/page"}],"author":[{"embeddable":true,"href":"http:\/\/www.emater.ro.gov.br\/ematerro\/wp-json\/wp\/v2\/users\/1"}],"replies":[{"embeddable":true,"href":"http:\/\/www.emater.ro.gov.br\/ematerro\/wp-json\/wp\/v2\/comments?post=500"}],"version-history":[{"count":3,"href":"http:\/\/www.emater.ro.gov.br\/ematerro\/wp-json\/wp\/v2\/pages\/500\/revisions"}],"predecessor-version":[{"id":505,"href":"http:\/\/www.emater.ro.gov.br\/ematerro\/wp-json\/wp\/v2\/pages\/500\/revisions\/505"}],"wp:attachment":[{"href":"http:\/\/www.emater.ro.gov.br\/ematerro\/wp-json\/wp\/v2\/media?parent=500"}],"curies":[{"name":"wp","href":"https:\/\/api.w.org\/{rel}","templated":true}]}}