{"id":495,"date":"2016-07-20T11:55:54","date_gmt":"2016-07-20T15:55:54","guid":{"rendered":"http:\/\/www.emater.ro.gov.br\/ematerro\/?page_id=495"},"modified":"2020-12-01T08:37:23","modified_gmt":"2020-12-01T12:37:23","slug":"credito-rural","status":"publish","type":"page","link":"http:\/\/www.emater.ro.gov.br\/ematerro\/credito-rural\/","title":{"rendered":"Cr\u00e9dito rural"},"content":{"rendered":"<p>O cr\u00e9dito rural \u00e9 um financiamento destinado a produtores rurais, cujas atividades envolvam a produ\u00e7\u00e3o e\/ou comercializa\u00e7\u00e3o de produtos do setor agropecu\u00e1rio. Os recursos podem ser aplicados em investimento, bem como ajudar o custeio da produ\u00e7\u00e3o e comercializa\u00e7\u00e3o.<\/p>\n<p>O credito rural financia:<\/p>\n<ul>\n<li>Investimentos: implanta\u00e7\u00e3o de culturas agr\u00edcolas, aquisi\u00e7\u00e3o de animais, m\u00e1quinas e equipamentos, implanta\u00e7\u00e3o de infraestruturas (galp\u00f5es, silos, agroind\u00fastria, cercas e demais instala\u00e7\u00f5es para desenvolvimento das atividades agropecu\u00e1rias);<\/li>\n<li>Custeio Agr\u00edcola \/ Pecu\u00e1rio \/ Florestal: Insumos diversos (adubo, defensivos, ra\u00e7\u00e3o, vacina, outros), m\u00e3o-de-obra e demais insumos relacionados ao sistema produtivo.<\/li>\n<\/ul>\n<p>A EMATER\/RO oferece atendimento aos agricultores para acesso ao cr\u00e9dito rural nos seguintes bancos:<\/p>\n<ul>\n<li><a href=\"http:\/\/www.basa.com.br\/\">Banco da Amaz\u00f4nia S\/A<\/a><\/li>\n<li><a href=\"http:\/\/www.bb.com.br\/\">Banco do Brasil S\/A<\/a><\/li>\n<li>Cooperativas de cr\u00e9dito\n<ul>\n<li>Credisis<\/li>\n<li>Sicoob<\/li>\n<\/ul>\n<\/li>\n<\/ul>\n<p>Para ter acesso ao cr\u00e9dito rural \u00e9 necess\u00e1rio avaliar algumas informa\u00e7\u00f5es do agricultor para identificar em qual banco e linha ele poder\u00e1 se enquadrar.<\/p>\n<p>No cr\u00e9dito rural a EMATER tem como prioridade as linhas do PRONAF e a institui\u00e7\u00e3o \u00e9 autorizada para emiss\u00e3o da Declara\u00e7\u00e3o de Aptid\u00e3o ao PRONAF, conhecida com DAP, documento obrigat\u00f3rio para acessar esta linha de cr\u00e9dito rural. No ano de 2019 a EMATER emitiu 17.739 DAP\u2019s. E foram contratados 2.107 Projetos de Cr\u00e9dito Rurais, perfazendo um total de R$ 115.343.598,81.<\/p>\n<p>Acesse o link abaixo e conhe\u00e7a as linhas de cr\u00e9dito rural PRONAF<\/p>\n<p><a href=\"https:\/\/www.bnb.gov.br\/documents\/165130\/228956\/PRONAF_PLANO_SAFRA_2019-2020_QuadroResumo_TABELA_GruposPRONAF_grupos_e_Linhas_GERADO_em07_07_2020.pdf\/bfa7cc05-a7e7-d8e9-0228-94f7cf4dbd49\">https:\/\/www.bnb.gov.br\/documents\/165130\/228956\/PRONAF_PLANO_SAFRA_2019-2020_QuadroResumo_TABELA_GruposPRONAF_grupos_e_Linhas_GERADO_em07_07_2020.pdf\/bfa7cc05-a7e7-d8e9-0228-94f7cf4dbd49<\/a><\/p>\n<p>Procedimentos e Etapas para ter acesso ao cr\u00e9dito rural:<\/p>\n<ul>\n<li>Procurar um escrit\u00f3rio da EMATER em seu munic\u00edpio.<\/li>\n<li>Selecionar da Atividade a ser financiada;<\/li>\n<li>Apresenta\u00e7\u00e3o de documenta\u00e7\u00e3o: Individual, Im\u00f3vel, atividade, etc;<\/li>\n<\/ul>\n<p>Servi\u00e7os prestados pela EMATER no cr\u00e9dito rural<\/p>\n<ul>\n<li>Elabora\u00e7\u00e3o de Projeto T\u00e9cnico \/ Plano de Neg\u00f3cio;<\/li>\n<li>Acompanhamento das Etapas de Implanta\u00e7\u00e3o \/ Amplia\u00e7\u00e3o do Projeto Financiado;<\/li>\n<li>Presta\u00e7\u00e3o de assist\u00eancia t\u00e9cnica individual ou coletiva;<\/li>\n<li>Realiza\u00e7\u00e3o de laudos e estudos pr\u00e9vios;<\/li>\n<li>Realiza\u00e7\u00e3o de avalia\u00e7\u00f5es de bens rurais e avalia\u00e7\u00f5es diversas.<\/li>\n<\/ul>\n","protected":false},"excerpt":{"rendered":"<p>O cr\u00e9dito rural \u00e9 um financiamento destinado a produtores rurais, cujas atividades envolvam a produ\u00e7\u00e3o e\/ou comercializa\u00e7\u00e3o de produtos do setor agropecu\u00e1rio. Os recursos podem ser aplicados em investimento, bem [&hellip;]<\/p>\n","protected":false},"author":1,"featured_media":0,"parent":0,"menu_order":0,"comment_status":"closed","ping_status":"closed","template":"","meta":[],"_links":{"self":[{"href":"http:\/\/www.emater.ro.gov.br\/ematerro\/wp-json\/wp\/v2\/pages\/495"}],"collection":[{"href":"http:\/\/www.emater.ro.gov.br\/ematerro\/wp-json\/wp\/v2\/pages"}],"about":[{"href":"http:\/\/www.emater.ro.gov.br\/ematerro\/wp-json\/wp\/v2\/types\/page"}],"author":[{"embeddable":true,"href":"http:\/\/www.emater.ro.gov.br\/ematerro\/wp-json\/wp\/v2\/users\/1"}],"replies":[{"embeddable":true,"href":"http:\/\/www.emater.ro.gov.br\/ematerro\/wp-json\/wp\/v2\/comments?post=495"}],"version-history":[{"count":2,"href":"http:\/\/www.emater.ro.gov.br\/ematerro\/wp-json\/wp\/v2\/pages\/495\/revisions"}],"predecessor-version":[{"id":9337,"href":"http:\/\/www.emater.ro.gov.br\/ematerro\/wp-json\/wp\/v2\/pages\/495\/revisions\/9337"}],"wp:attachment":[{"href":"http:\/\/www.emater.ro.gov.br\/ematerro\/wp-json\/wp\/v2\/media?parent=495"}],"curies":[{"name":"wp","href":"https:\/\/api.w.org\/{rel}","templated":true}]}}