{"id":489,"date":"2016-07-20T11:48:26","date_gmt":"2016-07-20T15:48:26","guid":{"rendered":"http:\/\/www.emater.ro.gov.br\/ematerro\/?page_id=489"},"modified":"2016-07-20T11:50:05","modified_gmt":"2016-07-20T15:50:05","slug":"bovinocultura-de-corte","status":"publish","type":"page","link":"http:\/\/www.emater.ro.gov.br\/ematerro\/bovinocultura-de-corte\/","title":{"rendered":"Bovinocultura de corte"},"content":{"rendered":"<p><strong>Bovinocultura de corte <\/strong><\/p>\n<p>&nbsp;<\/p>\n<p>O <strong>rebanho bovino de Rond\u00f4nia<\/strong> conta hoje com 13,2 milh\u00f5es de cabe\u00e7as no primeiro semestre de 2016, quando comparado com 2015 n\u00e3o houve crescimento significativo, porem quando comparado com 2014 que possu\u00eda cerca de 12,75 milh\u00f5es de animais teve uma alta em m\u00e9dia de 3,5%. Em rela\u00e7\u00e3o ao abate de gado de corte em 2015 <strong>foi em m\u00e9dia de<\/strong> 2,1 milh\u00f5es de animais, produzindo 561 mil toneladas de <strong>carne<\/strong> para abastecer tanto o mercado interno quanto o externo.<\/p>\n<p>Rond\u00f4nia \u00e9 o oitavo <strong>maior produtor de carne bovina do pa\u00eds<\/strong> representando 47% das vendas totais e o 5\u00ba maior exportador de carne no Brasil. Juntamente com a soja, o gado de corte representa 90% de tudo o que \u00e9 exportado pelo Estado. Rond\u00f4nia tem como grandes parceiros comerciais pa\u00edses como Venezuela, R\u00fassia<strong>, <\/strong><strong>Hong Kong<\/strong>, Ir\u00e3, Palestina e <strong>Israel<\/strong><strong>,<\/strong> e espera em breve poder embarcar carne bovina in natura aos Estados Unidos. No primeiro semestre, frigor\u00edficos com unidades no Estado geraram receitas de US$ 220 milh\u00f5es com a exporta\u00e7\u00e3o.<\/p>\n<p>Fonte: Getec\/Ditep\/Emater-RO<\/p>\n","protected":false},"excerpt":{"rendered":"<p>Bovinocultura de corte &nbsp; O rebanho bovino de Rond\u00f4nia conta hoje com 13,2 milh\u00f5es de cabe\u00e7as no primeiro semestre de 2016, quando comparado com 2015 n\u00e3o houve crescimento significativo, porem [&hellip;]<\/p>\n","protected":false},"author":1,"featured_media":0,"parent":0,"menu_order":0,"comment_status":"closed","ping_status":"closed","template":"","meta":[],"_links":{"self":[{"href":"http:\/\/www.emater.ro.gov.br\/ematerro\/wp-json\/wp\/v2\/pages\/489"}],"collection":[{"href":"http:\/\/www.emater.ro.gov.br\/ematerro\/wp-json\/wp\/v2\/pages"}],"about":[{"href":"http:\/\/www.emater.ro.gov.br\/ematerro\/wp-json\/wp\/v2\/types\/page"}],"author":[{"embeddable":true,"href":"http:\/\/www.emater.ro.gov.br\/ematerro\/wp-json\/wp\/v2\/users\/1"}],"replies":[{"embeddable":true,"href":"http:\/\/www.emater.ro.gov.br\/ematerro\/wp-json\/wp\/v2\/comments?post=489"}],"version-history":[{"count":2,"href":"http:\/\/www.emater.ro.gov.br\/ematerro\/wp-json\/wp\/v2\/pages\/489\/revisions"}],"predecessor-version":[{"id":491,"href":"http:\/\/www.emater.ro.gov.br\/ematerro\/wp-json\/wp\/v2\/pages\/489\/revisions\/491"}],"wp:attachment":[{"href":"http:\/\/www.emater.ro.gov.br\/ematerro\/wp-json\/wp\/v2\/media?parent=489"}],"curies":[{"name":"wp","href":"https:\/\/api.w.org\/{rel}","templated":true}]}}