{"id":26,"date":"2016-06-22T17:27:14","date_gmt":"2016-06-22T21:27:14","guid":{"rendered":"http:\/\/www.emater.ro.gov.br\/ematerro\/?page_id=26"},"modified":"2021-07-19T12:04:04","modified_gmt":"2021-07-19T16:04:04","slug":"hitoria","status":"publish","type":"page","link":"http:\/\/www.emater.ro.gov.br\/ematerro\/hitoria\/","title":{"rendered":"Hist\u00f3ria"},"content":{"rendered":"<figure id=\"attachment_10623\" aria-describedby=\"caption-attachment-10623\" style=\"width: 450px\" class=\"wp-caption alignright\"><img decoding=\"async\" loading=\"lazy\" class=\"wp-image-10623\" src=\"http:\/\/www.emater.ro.gov.br\/ematerro\/wp-content\/uploads\/2016\/06\/20210719-emater-acar-foto-arquivo-da-emater.jpg\" alt=\"Modelo para foto 1000 x 625\" width=\"450\" height=\"368\" srcset=\"http:\/\/www.emater.ro.gov.br\/ematerro\/wp-content\/uploads\/2016\/06\/20210719-emater-acar-foto-arquivo-da-emater.jpg 945w, http:\/\/www.emater.ro.gov.br\/ematerro\/wp-content\/uploads\/2016\/06\/20210719-emater-acar-foto-arquivo-da-emater-300x245.jpg 300w, http:\/\/www.emater.ro.gov.br\/ematerro\/wp-content\/uploads\/2016\/06\/20210719-emater-acar-foto-arquivo-da-emater-768x628.jpg 768w\" sizes=\"(max-width: 450px) 100vw, 450px\" \/><figcaption id=\"caption-attachment-10623\" class=\"wp-caption-text\"><em>\u00a0\u00a0\u00a0 Criada em 31 de agosto de 1.971.<\/em><\/figcaption><\/figure>\n<p><strong>NOSSA HIST\u00d3RIA<\/strong><\/p>\n<p><strong>Extens\u00e3o Rural em Rond\u00f4nia<\/strong><br \/>\nFundada no dia 31 de agosto de 1971<strong><em>(1)<\/em><\/strong>, com a ent\u00e3o denomina\u00e7\u00e3o de Associa\u00e7\u00e3o de Cr\u00e9dito e Assist\u00eancia Rural do Territ\u00f3rio Federal de Rond\u00f4nia (ACAR-RO), os servi\u00e7os de Ater em Rond\u00f4nia era parte integrante da Associa\u00e7\u00e3o Brasileira de Cr\u00e9dito e Assist\u00eancia Rural (ABCAR).<\/p>\n<p>Na d\u00e9cada de 70, Rond\u00f4nia recebeu um fluxo migrat\u00f3rio, superior ao de qualquer outra \u00e1rea de fronteira do Brasil. Eram fam\u00edlias inteiras vindas de estados como Paran\u00e1, Esp\u00edrito Santo e Minas Gerais em busca de terras f\u00e9rteis e melhoria de vida. Com isso, o governo federal deu in\u00edcio, por meio do Instituto de Coloniza\u00e7\u00e3o e Reforma Agr\u00e1ria (Incra), ao projeto de coloniza\u00e7\u00e3o de Rond\u00f4nia implantando o primeiro Projeto Integrado de Coloniza\u00e7\u00e3o (PIC) na regi\u00e3o central do estado.<\/p>\n<p>A implanta\u00e7\u00e3o do PIC Ouro Preto inaugurou o ciclo de agricultura do Territ\u00f3rio de Rond\u00f4nia e constituiu-se na primeira experi\u00eancia de coloniza\u00e7\u00e3o oficial realizada na Amaz\u00f4nia, impulsionada pelos programas de coloniza\u00e7\u00e3o oficiais do Incra, de incentivo fiscal como: o Programa de Integra\u00e7\u00e3o Nacional (PIN), o Programa de Redistribui\u00e7\u00e3o de Terras e de Est\u00edmulo \u00e0 Agroind\u00fastria do Norte e do Nordeste (Proterra) e o Programa de Polos Agropecu\u00e1rios e Agrominerais da Amaz\u00f4nia como o Polamaz\u00f4nia, entre outros.\u00a0 Em 1971, com a Emater-RO j\u00e1 instalada e dando suporte \u00e0s a\u00e7\u00f5es implementadas pelos programas do governo federal, foi implantado em Guajar\u00e1-Mirim, o PIC Sidney Gir\u00e3o que junto com o PIC Ouro Preto foi muito importante para o desenvolvimento de Rond\u00f4nia.<\/p>\n<p>Em 1971 a popula\u00e7\u00e3o do Territ\u00f3rio Federal de Rond\u00f4nia contava com cerca de 150 mil habitantes, distribu\u00edda em dois munic\u00edpios: Porto Velho com 154.136 km\u00b2 e Guajar\u00e1-Mirim com 88.908 km\u00b2.<\/p>\n<p>Porto Velho era o maior munic\u00edpio do mundo (sete vezes maior do que o estado de Sergipe). Nessa \u00e9poca a ACAR-RO iniciou as suas atividades com uma unidade de coordena\u00e7\u00e3o geral sediada em Porto Velho, dois escrit\u00f3rios locais, sendo um em Guajar\u00e1-Mirim e outro em Vila de Rond\u00f4nia, hoje Ji-Paran\u00e1 e uma subunidade em Ouro Preto do Oeste. Sua estrutura era composta de 22 empregados e sete ve\u00edculos.<\/p>\n<p><img decoding=\"async\" loading=\"lazy\" class=\"size-full wp-image-10496 aligncenter\" src=\"http:\/\/www.emater.ro.gov.br\/ematerro\/wp-content\/uploads\/2021\/07\/20210705-emater-ro_estrutura-inicial.jpg\" alt=\"Emater-RO_Estrutura Inicial\" width=\"512\" height=\"198\" srcset=\"http:\/\/www.emater.ro.gov.br\/ematerro\/wp-content\/uploads\/2021\/07\/20210705-emater-ro_estrutura-inicial.jpg 512w, http:\/\/www.emater.ro.gov.br\/ematerro\/wp-content\/uploads\/2021\/07\/20210705-emater-ro_estrutura-inicial-300x116.jpg 300w\" sizes=\"(max-width: 512px) 100vw, 512px\" \/>Com essa estrutura foram assistidas 240 fam\u00edlias de agricultores em produtos extrativistas (borracha, castanha-do-brasil e ipecacuanha<strong>(2)<\/strong>), produtos agr\u00edcolas (arroz, milho, feij\u00e3o e mandioca), avicultura, bovinocultura, produtos florestais e bem-estar social.<\/p>\n<p>Em 1974 \u00e9 criada a Empresa Brasileira de Assist\u00eancia T\u00e9cnica e Extens\u00e3o Rural (EMBRATER), como sucessora da ABCAR. Dois anos depois, em 22 de novembro de 1976 a ACAR-RO passa a denominar-se Associa\u00e7\u00e3o de Assist\u00eancia T\u00e9cnica e Extens\u00e3o Rural (ASTER-RO). O nome EMATER-RO surgiu somente em 10 de maio de 1984, sem, contudo, alterar sua denomina\u00e7\u00e3o, personalidade jur\u00eddica e natureza dos servi\u00e7os prestados enquanto ASTER-RO.<\/p>\n<p>Em 22 de dezembro de 1981, o presidente da Rep\u00fablica Jo\u00e3o Batista de Oliveira Figueiredo, atrav\u00e9s da Lei Complementar 041\/81, cria o territ\u00f3rio de Rond\u00f4nia em estado e nomeia o coronel Jorge Teixeira de Oliveira o primeiro governador do estado de Rond\u00f4nia que tomou posse somente em 04 de janeiro de 1982, quando tamb\u00e9m foi realizada a instala\u00e7\u00e3o oficial do estado.<\/p>\n<p>Com a extin\u00e7\u00e3o da EMBRATER pelo ent\u00e3o presidente Fernando Collor de Mello em 1990, as Emateres, que atuavam em todo o pa\u00eds, passaram por grandes dificuldades. Em Rond\u00f4nia sua sobreviv\u00eancia deu-se com o apoio do governo estadual que, atrav\u00e9s de conv\u00eanio, manteve os servi\u00e7os de assist\u00eancia t\u00e9cnica e extens\u00e3o rural no Estado.<\/p>\n<p>De 1990 a 2013, a EMATER-RO atua em Rond\u00f4nia como \u00f3rg\u00e3o oficial dos servi\u00e7os de assist\u00eancia t\u00e9cnica e extens\u00e3o rural (Ater) do estado de Rond\u00f4nia, com o prop\u00f3sito de incentivar os produtores rurais familiares a produzir o seu pr\u00f3prio alimento e orient\u00e1-los na obten\u00e7\u00e3o de melhores resultados da lavoura e da pecu\u00e1ria. Respons\u00e1vel pela execu\u00e7\u00e3o das pol\u00edticas p\u00fablicas do governo estadual, desempenha papel fundamental em atividades multiplicadoras de renda e de bem-estar, de forma participativa e educativa com foco no desenvolvimento humano de agricultores familiares tradicionais, extrativistas, ribeirinhos, ind\u00edgenas, pescadores artesanais entre outros.<\/p>\n<p>Em 24 de abril de 2013, a Assembleia Legislativa do Estado de Rond\u00f4nia, por meio da Emenda Constitucional 084\/2013, altera o \u00a7 3\u00ba e acrescenta os \u00a7\u00a7 5\u00ba e 6\u00ba \u00e0 Constitui\u00e7\u00e3o Estadual, e transforma a EMATER-RO, \u00f3rg\u00e3o oficial de ATER, em Empresa de Assist\u00eancia T\u00e9cnica e Extens\u00e3o Rural do Estado de Rond\u00f4nia (EMATER\/RO), empresa p\u00fablica prestadora de servi\u00e7os p\u00fablicos. A Lei 3.138\/2013 regularizando a nomenclatura como Empresa de Assist\u00eancia T\u00e9cnica e Extens\u00e3o Rural do Estado de Rond\u00f4nia (EMATER-RO) e a natureza jur\u00eddica como empresa de presta\u00e7\u00e3o de servi\u00e7os p\u00fablicos foi sancionada em de 5 de julho de 2013<strong>(3)<\/strong> .<\/p>\n<p>Em 2016, sua personalidade jur\u00eddica foi novamente alterada, passando a ser denominada, atrav\u00e9s da Lei 3.937 de 30 de novembro de 2016<strong>(4)<\/strong> .<\/p>\n<p>Hoje, presente nos 52 munic\u00edpios, a EMATER-RO conta com 85 unidades operacionais, sendo: um Centro gerencial, em Porto Velho, sete escrit\u00f3rios regionais distribu\u00eddos nos territ\u00f3rios Madeira Mamor\u00e9, Vale do Jamari, Central, Rio Machado, Zona da Mata, Vale do Guapor\u00e9 e Cone Sul, 73 escrit\u00f3rios locais, uma subunidade e um centro de treinamento e duas usina de nitrog\u00eanio.<\/p>\n<p><img decoding=\"async\" loading=\"lazy\" class=\"alignnone size-full wp-image-10497 aligncenter\" src=\"http:\/\/www.emater.ro.gov.br\/ematerro\/wp-content\/uploads\/2021\/07\/20210705-emater-ro_estrutura-atual.jpg\" alt=\"Emater-RO_Estrutura Atual\" width=\"375\" height=\"225\" srcset=\"http:\/\/www.emater.ro.gov.br\/ematerro\/wp-content\/uploads\/2021\/07\/20210705-emater-ro_estrutura-atual.jpg 375w, http:\/\/www.emater.ro.gov.br\/ematerro\/wp-content\/uploads\/2021\/07\/20210705-emater-ro_estrutura-atual-300x180.jpg 300w\" sizes=\"(max-width: 375px) 100vw, 375px\" \/><\/p>\n<p><strong>HIST\u00d3RICO CRONOL\u00d3GICO<\/strong><\/p>\n<p><strong>31\/08\/1971<\/strong> &#8211; Cria\u00e7\u00e3o da Associa\u00e7\u00e3o de Cr\u00e9dito e Assist\u00eancia Rural do Territ\u00f3rio Federal de Rond\u00f4nia \u2013 ACAR-RO<br \/>\n<strong>1974<\/strong> &#8211; Cria\u00e7\u00e3o da Empresa Brasileira de Assist\u00eancia T\u00e9cnica e Extens\u00e3o Rural &#8211; EMBRATER, como sucessora da ABCAR.<br \/>\n<strong>22\/11\/1976<\/strong> &#8211; a ACAR-RO passa a denominar-se Associa\u00e7\u00e3o de Assist\u00eancia T\u00e9cnica e Extens\u00e3o Rural &#8211; ASTER-RO<br \/>\n<strong>22\/12\/1981<\/strong> &#8211; o presidente da Rep\u00fablica Jo\u00e3o Batista de Oliveira Figueiredo sanciona a Lei Complementar n.\u00ba 041\/81, criando o Estado de Rond\u00f4nia.<br \/>\n<strong>29\/12\/1981<\/strong> &#8211; o coronel Jorge Teixeira de Oliveira \u00e9 nomeado o primeiro governador do Estado de Rond\u00f4nia.<br \/>\n<strong>04\/01\/1982<\/strong> &#8211; Instala\u00e7\u00e3o do Estado de Rond\u00f4nia e posse do governador Jorge Teixeira de Oliveira.<br \/>\n<strong>10\/05\/1984<\/strong> &#8211; a ASTER-RO passou a denominar-se EMATER-RO, sem, contudo alterar sua denomina\u00e7\u00e3o, personalidade jur\u00eddica e natureza dos servi\u00e7os prestados.<br \/>\n<strong>1990<\/strong> \u2013 Extin\u00e7\u00e3o da EMBRATER pelo governo do presidente Fernando Collor de Mello. Com a extin\u00e7\u00e3o da Embrater as Emateres, presente em todo o pa\u00eds, passaram por grandes dificuldades. Em Rond\u00f4nia sua sobreviv\u00eancia deu-se com o apoio do governo estadual que, atrav\u00e9s de conv\u00eanio, manteve os servi\u00e7os de assist\u00eancia t\u00e9cnica e extens\u00e3o rural no Estado.<br \/>\n<strong>24\/04\/2013<\/strong> &#8211; A Assembleia Legislativa do Estado de Rond\u00f4nia, por meio da Emenda Constitucional 084\/2013, altera o \u00a7 3\u00ba e acrescenta os \u00a7\u00a7 5\u00ba e 6\u00ba \u00e0 Constitui\u00e7\u00e3o Estadual e transforma a EMATER\/RO, \u00f3rg\u00e3o oficial de ATER, em Empresa de Assist\u00eancia T\u00e9cnica e Extens\u00e3o Rural do Estado de Rond\u00f4nia &#8211; EMATER\/RO \u2013 Empresa P\u00fablica prestadora de servi\u00e7os p\u00fablicos.<br \/>\n<strong>05\/07\/2013<\/strong> \u2013 \u00c9 sancionada a Lei 3.138\/2013, regularizando a EMATER-RO como empresa de presta\u00e7\u00e3o de servi\u00e7os p\u00fablicos, que passou a denominar-se Empresa de Assist\u00eancia T\u00e9cnica e Extens\u00e3o Rural do Estado de Rond\u00f4nia (EMATER-RO)<br \/>\n<strong>30\/11\/2016<\/strong> \u2013 A lei 3.937 de 30 de novembro de 2016\u00a0 altera a personalidade jur\u00eddica\u00a0 para autarquia, passando a denominar-se Entidade Aut\u00e1rquica de Assist\u00eancia T\u00e9cnica e Extens\u00e3o Rural do Estado de Rond\u00f4nia &#8211; EMATER\/RO.<\/p>\n<p>_____________________<\/p>\n<p><strong>(1)<\/strong>Em 31 de agosto de 1971 estavam presidente da Rep\u00fablica o general Em\u00edlio Garrastazu M\u00e9dici e governador do ent\u00e3o Territ\u00f3rio Federal de Rond\u00f4nia era o coronel Jo\u00e3o Carlos Marques Henriques Netto. A Secretaria de Economia, Agricultura e Coloniza\u00e7\u00e3o General estava \u00e0 cargo de Luiz Fellipe de Azevedo e o secret\u00e1rio executivo da ACAR-RO era o engenheiro agr\u00f4nomo Severino De Melo Ara\u00fajo.<\/p>\n<p><strong>(2)<\/strong><span style=\"color: #0000ff;\"><a style=\"color: #0000ff;\" href=\"https:\/\/www.beneficiosdasplantas.com.br\/ipecacuanha-beneficios-e-propriedades-dessa-planta-e-seu-cha\/\">A ipecacuanha (Cephaelis ipecacuanha)<\/a><\/span> \u00e9 um arbusto pertencente \u00e0 fam\u00edlia das Rubi\u00e1ceas, sendo tamb\u00e9m conhecida como ipeca, poaia e raiz do Brasil. A denomina\u00e7\u00e3o ipecacuanha significa \u201cplanta de doente de estrada\u201d e a planta \u00e9 origin\u00e1ria de regi\u00f5es \u00famidas, principalmente das florestas tropicais da Am\u00e9rica, com destaque para o Brasil, Bol\u00edvia, Col\u00f4mbia, Equador, Peru e Venezuela. Esta planta pode ser considerada como a mais c\u00e9lebre das drogas brasileiras difundidas no s\u00e9culo XVII. A raiz da ipecacuanha j\u00e1 era usada pelos \u00edndios tupis no Brasil e foi conhecida pelos jesu\u00edtas no s\u00e9culo XVI. Atualmente, a planta cresce no extremo Oriente e \u00e9 o ingrediente principal de diversos rem\u00e9dios contra tosse.<\/p>\n<p><strong>(3)<\/strong>Di\u00e1rio Oficial do Estado de Rond\u00f4nia de 05 de julho de 2013, p\u00e1ginas 2 e 3 <a href=\"http:\/\/www.diof.ro.gov.br\/\"><span style=\"color: #0000ff;\">http:\/\/www.diof.ro.gov.br\/<\/span> <\/a><\/p>\n<p><strong>(4)<\/strong>Oficial do Estado de Rond\u00f4nia de 30 de novembro de 2013, p\u00e1gina 1 <span style=\"color: #0000ff;\"><a style=\"color: #0000ff;\" href=\"http:\/\/www.diof.ro.gov.br\/\">http:\/\/www.diof.ro.gov.br\/<\/a><\/span><\/p>\n","protected":false},"excerpt":{"rendered":"<p>NOSSA HIST\u00d3RIA Extens\u00e3o Rural em Rond\u00f4nia Fundada no dia 31 de agosto de 1971(1), com a ent\u00e3o denomina\u00e7\u00e3o de Associa\u00e7\u00e3o de Cr\u00e9dito e Assist\u00eancia Rural do Territ\u00f3rio Federal de Rond\u00f4nia [&hellip;]<\/p>\n","protected":false},"author":1,"featured_media":0,"parent":0,"menu_order":0,"comment_status":"closed","ping_status":"closed","template":"","meta":[],"_links":{"self":[{"href":"http:\/\/www.emater.ro.gov.br\/ematerro\/wp-json\/wp\/v2\/pages\/26"}],"collection":[{"href":"http:\/\/www.emater.ro.gov.br\/ematerro\/wp-json\/wp\/v2\/pages"}],"about":[{"href":"http:\/\/www.emater.ro.gov.br\/ematerro\/wp-json\/wp\/v2\/types\/page"}],"author":[{"embeddable":true,"href":"http:\/\/www.emater.ro.gov.br\/ematerro\/wp-json\/wp\/v2\/users\/1"}],"replies":[{"embeddable":true,"href":"http:\/\/www.emater.ro.gov.br\/ematerro\/wp-json\/wp\/v2\/comments?post=26"}],"version-history":[{"count":13,"href":"http:\/\/www.emater.ro.gov.br\/ematerro\/wp-json\/wp\/v2\/pages\/26\/revisions"}],"predecessor-version":[{"id":10629,"href":"http:\/\/www.emater.ro.gov.br\/ematerro\/wp-json\/wp\/v2\/pages\/26\/revisions\/10629"}],"wp:attachment":[{"href":"http:\/\/www.emater.ro.gov.br\/ematerro\/wp-json\/wp\/v2\/media?parent=26"}],"curies":[{"name":"wp","href":"https:\/\/api.w.org\/{rel}","templated":true}]}}