{"id":19238,"date":"2026-02-20T08:47:06","date_gmt":"2026-02-20T12:47:06","guid":{"rendered":"http:\/\/www.emater.ro.gov.br\/ematerro\/?page_id=19238"},"modified":"2026-04-07T09:33:31","modified_gmt":"2026-04-07T13:33:31","slug":"conseleite","status":"publish","type":"page","link":"http:\/\/www.emater.ro.gov.br\/ematerro\/conseleite\/","title":{"rendered":"Conseleite"},"content":{"rendered":"\n<p class=\"has-text-align-center\"><strong>VALOR DE REFER\u00caNCIA EM ROND\u00d4NIA<\/strong><\/p>\n\n\n\n<h2 class=\"wp-block-heading has-text-align-center\"><strong>RESOLU\u00c7\u00d5ES<\/strong><\/h2>\n\n\n\n<p class=\"has-text-align-left\"><a rel=\"noreferrer noopener\" href=\"https:\/\/rondonia.ro.gov.br\/seagri\/institucional\/programaproleite\/preco-referencia\/\" target=\"_blank\">Anos anteriores<\/a><\/p>\n\n\n\n<div class=\"wp-block-columns is-layout-flex wp-container-4\">\n<div class=\"wp-block-column is-layout-flow\">\n<p class=\"has-vivid-green-cyan-color has-text-color\"><strong>2026<\/strong><\/p>\n\n\n\n<p class=\"has-small-font-size\"><a rel=\"noreferrer noopener\" href=\"http:\/\/www.emater.ro.gov.br\/ematerro\/wp-content\/uploads\/2026\/04\/20260407-resolucao_conseleite_ro_2026_03mar_assinado.pdf\" target=\"_blank\">Resolu\u00e7\u00e3o mar\u00e7o 2026<\/a><br><a rel=\"noreferrer noopener\" href=\"http:\/\/www.emater.ro.gov.br\/ematerro\/wp-content\/uploads\/2026\/02\/20260220-resolucao_conseleite_ro_2026_02fev_assinado.pdf\" target=\"_blank\">Resolu\u00e7\u00e3o fevereiro 2026<\/a><br><a rel=\"noreferrer noopener\" href=\"http:\/\/www.emater.ro.gov.br\/ematerro\/wp-content\/uploads\/2026\/02\/20260220-resolucao_conseleite_ro_2026_01jan_assinado-1.pdf\" target=\"_blank\">Resolu\u00e7\u00e3o janeiro 2026<\/a><\/p>\n<\/div>\n\n\n\n<div class=\"wp-block-column is-layout-flow\">\n<p class=\"has-vivid-green-cyan-color has-text-color\"><strong>2025<\/strong><\/p>\n\n\n\n<p class=\"has-small-font-size\"><a rel=\"noreferrer noopener\" href=\"http:\/\/www.emater.ro.gov.br\/ematerro\/wp-content\/uploads\/2026\/02\/20260220-resolucao_conseleite_ro_2025_12dez_assinado.pdf\" target=\"_blank\">Resolu\u00e7\u00e3o dezembro 2025<\/a><br><a rel=\"noreferrer noopener\" href=\"https:\/\/rondonia.ro.gov.br\/wp-content\/uploads\/2025\/11\/Resolucao-Novembro-2025.pdf\" target=\"_blank\">Resolu\u00e7\u00e3o novembro 2025<\/a><br><a rel=\"noreferrer noopener\" href=\"https:\/\/rondonia.ro.gov.br\/wp-content\/uploads\/2025\/11\/Resolucao-Outubro-2025.pdf\" target=\"_blank\">Resolu\u00e7\u00e3o outubro 2025<\/a><br><a rel=\"noreferrer noopener\" href=\"https:\/\/rondonia.ro.gov.br\/seagri\/institucional\/programaproleite\/preco-referencia\/resolucao_conseleite_setembro-2025_assinado\/\" target=\"_blank\">Resolu\u00e7\u00e3o setembro 2025<\/a><br><a rel=\"noreferrer noopener\" href=\"https:\/\/rondonia.ro.gov.br\/wp-content\/uploads\/2025\/11\/Resolucao-Agosto-2025.pdf\" target=\"_blank\">Resolu\u00e7\u00e3o agosto 2025<\/a><br><a rel=\"noreferrer noopener\" href=\"https:\/\/rondonia.ro.gov.br\/wp-content\/uploads\/2025\/11\/Resolucao-Julho-2025.pdf\" target=\"_blank\">Resolu\u00e7\u00e3o julho 2025<\/a><br><a rel=\"noreferrer noopener\" href=\"https:\/\/rondonia.ro.gov.br\/wp-content\/uploads\/2025\/11\/Resolucao-Conseleite-RO-Junho-25-assinada.pdf\" target=\"_blank\">Resolu\u00e7\u00e3o Junho 2025<\/a><br><a rel=\"noreferrer noopener\" href=\"https:\/\/rondonia.ro.gov.br\/wp-content\/uploads\/2025\/11\/Resolucao-Conseleite-RO-Maio-25.pdf\" target=\"_blank\">Resolu\u00e7\u00e3o maio 2025<\/a><br><a rel=\"noreferrer noopener\" href=\"https:\/\/rondonia.ro.gov.br\/seagri\/institucional\/programaproleite\/preco-referencia\/resolucao-conseleite-ro-abril-25\/\" target=\"_blank\">Resolu\u00e7\u00e3o abril 2025<\/a><br><a href=\"https:\/\/rondonia.ro.gov.br\/seagri\/institucional\/programaproleite\/preco-referencia\/resolucao-conseleite-ro-marco-25-pdf-assinada\/\">Resolu\u00e7\u00e3o mar\u00e7o 2025<\/a><br><a rel=\"noreferrer noopener\" href=\"https:\/\/rondonia.ro.gov.br\/seagri\/institucional\/programaproleite\/preco-referencia\/resolucao-conseleite-ro-fevereiro-25-2\/\" target=\"_blank\">Resolu\u00e7\u00e3o fevereiro 2025<\/a><br><a rel=\"noreferrer noopener\" href=\"https:\/\/rondonia.ro.gov.br\/seagri\/institucional\/programaproleite\/preco-referencia\/resolucao-conseleite-ro-janeiro-2025\/\" target=\"_blank\">Resolu\u00e7\u00e3o janeiro 2025<\/a><\/p>\n<\/div>\n\n\n\n<div class=\"wp-block-column is-layout-flow\"><\/div>\n<\/div>\n\n\n<div class=\"wp-block-image\">\n<figure class=\"aligncenter size-full\"><img decoding=\"async\" loading=\"lazy\" width=\"617\" height=\"300\" src=\"http:\/\/www.emater.ro.gov.br\/ematerro\/wp-content\/uploads\/2026\/02\/20260220-conseleite-logo.png\" alt=\"\" class=\"wp-image-19263\" srcset=\"http:\/\/www.emater.ro.gov.br\/ematerro\/wp-content\/uploads\/2026\/02\/20260220-conseleite-logo.png 617w, http:\/\/www.emater.ro.gov.br\/ematerro\/wp-content\/uploads\/2026\/02\/20260220-conseleite-logo-300x146.png 300w\" sizes=\"(max-width: 617px) 100vw, 617px\" \/><\/figure><\/div>\n\n\n<p><strong>CONSELEITE-ROND\u00d4NIA DIVULGA OS PRE\u00c7OS DE REFER\u00caNCIA DO LEITE PARA ROND\u00d4NIA<\/strong><\/p>\n\n\n\n<p class=\"has-small-font-size\">Os pre\u00e7os de refer\u00eancia fornecidos pelo Conselho Parit\u00e1rio de Produtores e Ind\u00fastrias de Leite do Estado de Rond\u00f4nia (Conseleite-RO), s\u00e3o feitos com base em estudo realizado por uma C\u00e2mara T\u00e9cnica, a partir de quatro sistemas referenciais de produ\u00e7\u00e3o de leite no Estado de Rond\u00f4nia, acompanhado pela Universidade Federal do Paran\u00e1 que implantou o primeiro conselho do Brasil no estado do Paran\u00e1 e assessora tamb\u00e9m os conselhos dos estados de Santa Catarina e Mato Grosso do Sul.<\/p>\n\n\n\n<p class=\"has-small-font-size\">A metodologia de c\u00e1lculo que definiu os pre\u00e7os de referencia considerou os fatores de produ\u00e7\u00e3o utilizados nas propriedades rurais (custos fixos e vari\u00e1veis) da mesma forma que a realizada no c\u00e1lculo dos custos industriais. O Conselho dever\u00e1 divulgar mensalmente, por meio de resolu\u00e7\u00f5es, os pre\u00e7os de refer\u00eancia finais para o leite entregue no m\u00eas anterior.<\/p>\n\n\n\n<p><strong>PERGUNTAS E RESPOSTAS SOBRE O CONSELEITE-ROND\u00d4NIA<\/strong><\/p>\n\n\n\n<p><strong>1 \u2013 O QUE \u00c9 O CONSELEITE-ROND\u00d4NIA?<\/strong><\/p>\n\n\n\n<p class=\"has-small-font-size\">\u00c9 um Conselho, grupo de pessoas, formado paritariamente pelo mesmo n\u00famero de representantes dos produtores rurais de leite e das ind\u00fastrias de latic\u00ednios de Rond\u00f4nia. Trata-se de uma associa\u00e7\u00e3o civil, regida por estatuto e regulamentos pr\u00f3prios.<\/p>\n\n\n\n<p><strong>2 \u2013 QUAL O PRINCIPAL OBJETIVO DO CONSELEITE-ROND\u00d4NIA?<\/strong><\/p>\n\n\n\n<p class=\"has-small-font-size\">A busca pr\u00f3-ativa de solu\u00e7\u00f5es conjuntas, pelos produtores rurais e ind\u00fastrias, para problemas comuns do setor l\u00e1cteo rondoniense, por meio de uma rela\u00e7\u00e3o m\u00fatua de confian\u00e7a que visa uma maior clareza no estabelecimento de pre\u00e7os de refer\u00eancia para a mat\u00e9ria-prima leite.<\/p>\n\n\n\n<p><strong>3 \u2013 QUEM PARTICIPA E COMO FUNCIONA O CONSELEITE-ROND\u00d4NIA?<\/strong><\/p>\n\n\n\n<p class=\"has-small-font-size\">Os membros do conselho (24 representantes) s\u00e3o indicados, paritariamente, por FETAGRO e FAPERON (bancada rural) e pelo SINDILEITE (bancada industrial). Eles se re\u00fanem mensalmente, para avaliar e aprovar a divulga\u00e7\u00e3o de pre\u00e7os de refer\u00eancia para a livre negocia\u00e7\u00e3o da mat\u00e9ria-prima leite, com base nas condi\u00e7\u00f5es de mercado para os derivados l\u00e1cteos.<\/p>\n\n\n\n<p class=\"has-small-font-size\">Como \u00f3rg\u00e3os de apoio h\u00e1 uma secretaria executiva e a C\u00e2mara T\u00e9cnica e Econ\u00f4mica (CAMATEC), composta por 4 representantes dos produtores rurais, 4 representantes da ind\u00fastria e 2 professores universit\u00e1rios (da UFPR) \u2013 que realiza estudos e pesquisas para subsidiar as decis\u00f5es do conselho.<\/p>\n\n\n\n<p class=\"has-small-font-size\">O Conselho conta com o apoio do Conselho para o Desenvolvimento do Agroneg\u00f3cio Leite de Rond\u00f4nia (CONDALRON), da Secretaria de Estado da Agricultura, Pecu\u00e1ria e Regulariza\u00e7\u00e3o Fundi\u00e1ria (SEAGRI), e da Entidade Aut\u00e1rquica de Assist\u00eancia T\u00e9cnica e Extens\u00e3o Rural do Estado de Rond\u00f4nia (EMATER-RO)<\/p>\n\n\n\n<p><strong>4 \u2013 O QUE S\u00c3O OS PRE\u00c7OS DE REFER\u00caNCIA?<\/strong><\/p>\n\n\n\n<p class=\"has-small-font-size\">Os pre\u00e7os de refer\u00eancia pretendem representar um valor justo para a remunera\u00e7\u00e3o da mat\u00e9ria-prima leite, tanto para os produtores rurais quanto para as ind\u00fastrias, levando em considera\u00e7\u00e3o o volume e a qualidade da mat\u00e9ria-prima.<\/p>\n\n\n\n<p class=\"has-small-font-size\">S\u00e3o divulgados diversos valores de refer\u00eancia, conforme a qualidade e o volume de leite entregue pelos produtores as ind\u00fastrias. Os valores s\u00e3o divulgados na condi\u00e7\u00e3o posto propriedade, ou seja, com Funrural a descontar. No in\u00edcio de cada m\u00eas, por meio de resolu\u00e7\u00f5es, o conselho divulga valores de refer\u00eancia para o leite entregue no m\u00eas anterior a serem pagos no m\u00eas corrente.<\/p>\n\n\n\n<p><strong>5 \u2013 QUAL A IMPORT\u00c2NCIA E A PRINCIPAL UTILIDADE DO PRE\u00c7O DE REFER\u00caNCIA?<\/strong><\/p>\n\n\n\n<p class=\"has-small-font-size\">Dar maior transpar\u00eancia ao mercado l\u00e1cteo rondoniense e servir de par\u00e2metro ou refer\u00eancia para a livre negocia\u00e7\u00e3o entre produtores rurais e ind\u00fastrias.<\/p>\n\n\n\n<p><strong>6 \u2013 COMO S\u00c3O CALCULADOS OS PRE\u00c7OS DE REFER\u00caNCIA DO CONSELEITE-ROND\u00d4NIA?<\/strong><\/p>\n\n\n\n<p class=\"has-small-font-size\">Os c\u00e1lculos s\u00e3o realizados por institui\u00e7\u00e3o de pesquisa (Universidade), mediante um convenio de coopera\u00e7\u00e3o t\u00e9cnico-cient\u00edfico, seguindo par\u00e2metros e metodologia aprovada pelo conselho a ser publicada no manual do Conseleite-RO.<\/p>\n\n\n\n<p class=\"has-small-font-size\">Os valores m\u00e9dios da mat\u00e9ria-prima (leite) s\u00e3o calculados a partir dos pre\u00e7os e dos volumes de venda dos derivados l\u00e1cteos pelas empresas participantes, dos custos de produ\u00e7\u00e3o do leite nas propriedades rurais, dos custos de fabrica\u00e7\u00e3o e comercializa\u00e7\u00e3o dos derivados, e dos rendimentos industriais.<\/p>\n\n\n\n<p><strong>7 \u2013 COMO FOI CALCULADO O CUSTO DE PRODU\u00c7\u00c3O DE LEITE?<\/strong><\/p>\n\n\n\n<p class=\"has-small-font-size\">Com base em estudo realizado pela C\u00e2mara T\u00e9cnica, a partir de quatro sistemas referenciais de produ\u00e7\u00e3o de leite no Estado de Rond\u00f4nia. A metodologia de c\u00e1lculo do custo de produ\u00e7\u00e3o do leite, que tamb\u00e9m ser\u00e1 publicada pelo Conseleite-RO, considerou a remunera\u00e7\u00e3o aos fatores de produ\u00e7\u00e3o utilizados nas propriedades rurais (custos fixos e vari\u00e1veis) da mesma forma que a realizada no c\u00e1lculo dos custos industriais. Os resultados dos custos agr\u00edcola e industrial s\u00e3o atualizados e revisados, sempre que necess\u00e1rio, por delibera\u00e7\u00e3o do Conselho.<\/p>\n\n\n\n<p><strong>8 \u2013 COMO FORAM CALCULADOS OS CUSTOS DE FABRICA\u00c7\u00c3O E DE COMERCIALIZA\u00c7\u00c3O DOS DERIVADOS?<\/strong><\/p>\n\n\n\n<p class=\"has-small-font-size\">Com base em levantamento censit\u00e1rio realizado pela institui\u00e7\u00e3o de pesquisa conveniada junto a todas as empresas participantes, que foi submetido \u00e0 avalia\u00e7\u00e3o e aprova\u00e7\u00e3o da Camatec e do Conselho. Os custos de fabrica\u00e7\u00e3o e comercializa\u00e7\u00e3o foram determinados para 9 derivados l\u00e1cteos ap\u00f3s pondera\u00e7\u00e3o, pelo volume produzido e comercializado, dos diversos tipos de embalagens. O levantamento dos dados considerou um per\u00edodo de 12 meses e foi o mesmo do custo agr\u00edcola. A atualiza\u00e7\u00e3o e revis\u00e3o destes custos tamb\u00e9m s\u00e3o deliberadas pelo Conselho.<\/p>\n\n\n\n<p><strong>9 \u2013 QUAIS OS PAR\u00c2METROS UTILIZADOS PARA AVALIAR A QUALIDADE DO LEITE?<\/strong><\/p>\n\n\n\n<p class=\"has-small-font-size\">Os par\u00e2metros de qualidade s\u00e3o o teor de gordura, teor de estrato seco desengordurado, contagem de c\u00e9lulas som\u00e1ticas, contagem bacteriana, al\u00e9m do volume di\u00e1rio de leite entregue pelo produtor a ind\u00fastria.<\/p>\n\n\n\n<p><strong>10 \u2013 O QUE \u00c9 O LEITE PADR\u00c3O DO CONSELEITE \u2013 ROND\u00d4NIA?<\/strong><\/p>\n\n\n\n<p class=\"has-small-font-size\">\u00c9 um leite de qualidade m\u00e9dia do Estado de Rond\u00f4nia, levando em considera\u00e7\u00e3o os par\u00e2metros de qualidade definidos pelo conselho. O leite padr\u00e3o \u00e9 o que possui teor de gordura entre 3,50 a 3,59%; teor de estrato seco desengordurado entre 8,70 a 8,79%; contagem de c\u00e9lulas som\u00e1ticas entre 351 a 400 mil; contagem bacteriana entre 300 a 349 mil e volume entregue de at\u00e9 25 litros\/dia.<\/p>\n\n\n\n<p><strong>11 \u2013 QUAL A PRINCIPAL VANTAGEM PARA O PRODUTOR DE LEITE EM UTILIZAR AS INFORMA\u00c7\u00d5ES DO CONSELEITE-ROND\u00d4NIA?<\/strong><\/p>\n\n\n\n<p class=\"has-small-font-size\">A vantagem \u00e9 ter um referencial de pre\u00e7o (informa\u00e7\u00e3o) para uma melhor negocia\u00e7\u00e3o da sua produ\u00e7\u00e3o. A exist\u00eancia de um referencial de pre\u00e7o para o leite, divulgado por um conselho parit\u00e1rio, tamb\u00e9m permite ao agricultor comparar, ao longo do tempo, seus pre\u00e7os com os valores divulgados, facilitando e melhorando a gest\u00e3o do seu neg\u00f3cio.<\/p>\n\n\n\n<p><strong>12 \u2013 QUAL A PRINCIPAL VANTAGEM PARA A IND\u00daSTRIA EM UTILIZAR AS INFORMA\u00c7\u00d5ES DO CONSELEITE-ROND\u00d4NIA?<\/strong><\/p>\n\n\n\n<p class=\"has-small-font-size\">A vantagem \u00e9 que facilita as negocia\u00e7\u00f5es cotidianas da ind\u00fastria com os seus diversos produtores fornecedores, pela exist\u00eancia de valores de refer\u00eancia da mat\u00e9ria-prima calculados tecnicamente e aprovados por um conselho parit\u00e1rio. Os valores de refer\u00eancia tamb\u00e9m favorecem a gest\u00e3o da ind\u00fastria, quanto as pol\u00edticas de incentivo a qualidade da mat\u00e9ria-prima e estrat\u00e9gias de venda dos derivados.<\/p>\n\n\n\n<p><strong>13 \u2013 POR QUE A DIVULGA\u00c7\u00c3O DE VALORES DE REFER\u00caNCIA PARA O LEITE AJUDA A SOCIEDADE RONDONIENSE?<\/strong><\/p>\n\n\n\n<p class=\"has-small-font-size\">A amplia\u00e7\u00e3o sustentada da produ\u00e7\u00e3o e do abastecimento com produtos aliment\u00edcios de qualidade dependem da realiza\u00e7\u00e3o permanente de investimentos por parte dos produtores rurais e agroind\u00fastrias. Contribuem para a concretiza\u00e7\u00e3o dos investimentos no setor l\u00e1cteo a confian\u00e7a m\u00fatua produtor\/ind\u00fastria, o civismo (respeito \u00e0s regras estabelecidas) e a disposi\u00e7\u00e3o de trabalho em grupo para a solu\u00e7\u00e3o de problemas comuns. O Conseleite-RO pretende contribuir para o aumento do capital social desta importante atividade econ\u00f4mica e social do Estado e, assim, melhorar o bem estar dos cidad\u00e3os rondonienses consumidores de derivados l\u00e1cteos.<\/p>\n\n\n\n<div class=\"wp-block-columns is-layout-flex wp-container-5\"><\/div>\n\n\n\n<div class=\"wp-block-columns is-layout-flex wp-container-6\"><\/div>\n\n\n\n<div class=\"wp-block-columns is-layout-flex wp-container-7\"><\/div>\n\n\n\n<div class=\"wp-block-columns is-layout-flex wp-container-8\"><\/div>\n","protected":false},"excerpt":{"rendered":"<p>VALOR DE REFER\u00caNCIA EM ROND\u00d4NIA RESOLU\u00c7\u00d5ES Anos anteriores 2026 Resolu\u00e7\u00e3o mar\u00e7o 2026Resolu\u00e7\u00e3o fevereiro 2026Resolu\u00e7\u00e3o janeiro 2026 2025 Resolu\u00e7\u00e3o dezembro 2025Resolu\u00e7\u00e3o novembro 2025Resolu\u00e7\u00e3o outubro 2025Resolu\u00e7\u00e3o setembro 2025Resolu\u00e7\u00e3o agosto 2025Resolu\u00e7\u00e3o julho 2025Resolu\u00e7\u00e3o [&hellip;]<\/p>\n","protected":false},"author":9,"featured_media":0,"parent":0,"menu_order":0,"comment_status":"closed","ping_status":"closed","template":"","meta":[],"_links":{"self":[{"href":"http:\/\/www.emater.ro.gov.br\/ematerro\/wp-json\/wp\/v2\/pages\/19238"}],"collection":[{"href":"http:\/\/www.emater.ro.gov.br\/ematerro\/wp-json\/wp\/v2\/pages"}],"about":[{"href":"http:\/\/www.emater.ro.gov.br\/ematerro\/wp-json\/wp\/v2\/types\/page"}],"author":[{"embeddable":true,"href":"http:\/\/www.emater.ro.gov.br\/ematerro\/wp-json\/wp\/v2\/users\/9"}],"replies":[{"embeddable":true,"href":"http:\/\/www.emater.ro.gov.br\/ematerro\/wp-json\/wp\/v2\/comments?post=19238"}],"version-history":[{"count":22,"href":"http:\/\/www.emater.ro.gov.br\/ematerro\/wp-json\/wp\/v2\/pages\/19238\/revisions"}],"predecessor-version":[{"id":19534,"href":"http:\/\/www.emater.ro.gov.br\/ematerro\/wp-json\/wp\/v2\/pages\/19238\/revisions\/19534"}],"wp:attachment":[{"href":"http:\/\/www.emater.ro.gov.br\/ematerro\/wp-json\/wp\/v2\/media?parent=19238"}],"curies":[{"name":"wp","href":"https:\/\/api.w.org\/{rel}","templated":true}]}}