{"id":19203,"date":"2026-02-11T11:00:53","date_gmt":"2026-02-11T15:00:53","guid":{"rendered":"http:\/\/www.emater.ro.gov.br\/ematerro\/?page_id=19203"},"modified":"2026-02-12T10:26:02","modified_gmt":"2026-02-12T14:26:02","slug":"conselho-administrativo-e-fiscal","status":"publish","type":"page","link":"http:\/\/www.emater.ro.gov.br\/ematerro\/conselho-administrativo-e-fiscal\/","title":{"rendered":"Conselho Administrativo e Fiscal"},"content":{"rendered":"\n<p class=\"has-text-align-center has-text-color\" style=\"color:#4e8f76\"><strong>CONSELHO DE ADMINISTRA\u00c7\u00c3O E FISCAL DA ENTIDADE AUT\u00c1RQUICA DE ASSIST\u00caNCIA T\u00c9CNICA E<\/strong><br><strong>EXTENS\u00c3O RURAL DO ESTADO DE ROND\u00d4NIA<\/strong><\/p>\n\n\n\n<p class=\"has-text-align-center\"><br>CENTRO POL\u00cdTICO ADMINISTRATIVO \u2013 PAL\u00c1CIO RIO MADEIRA<br>Av. Farquar, 2986 \u2013 Bairro Pedrinhas, curvo Rio Jamari<br>1\u00ba andar \u2013\u00a0 Cep: 76.801-470 \u2013 Porto Velho \u2013 RO<br>Tel.: (69) 9.9337-3533<br><a href=\"http:\/\/www.emater.ro.gov.br\/ematerro\/\">http:\/\/www.emater.ro.gov.br\/ematerro\/<\/a><\/p>\n\n\n\n<p class=\"has-text-align-center\"> <\/p>\n\n\n\n<p class=\"has-text-align-center\"><strong>LEGISLA\u00c7\u00c3O<\/strong><br><a rel=\"noreferrer noopener\" href=\"https:\/\/sapl.al.ro.leg.br\/media\/sapl\/public\/normajuridica\/2013\/6407\/6407_texto_integral.pdf\" target=\"_blank\">Lei n\u00ba 3.138 de 5 de julho de 2013<\/a><br><a rel=\"noreferrer noopener\" href=\"https:\/\/diof.ro.gov.br\/data\/uploads\/2015\/01\/DOE-20-01-20151.pdf\" target=\"_blank\">Decreto n\u00ba 19.460 de 20 de janeiro de 2015<\/a><br><\/p>\n\n\n\n<p class=\"has-text-align-center has-text-color\" style=\"color:#4e8f76\"><strong>CONSELHO DE ADMINISTRA\u00c7\u00c3O<\/strong><\/p>\n\n\n\n<p class=\"has-text-align-center\"><strong>PRESID\u00caNCIA<\/strong><br>Secretaria de Estado da Agricultura (SEAGRI)<br><a href=\"https:\/\/rondonia.ro.gov.br\/seagri\/\">https:\/\/rondonia.ro.gov.br\/seagri\/<\/a><br>e-mail: <a href=\"mailto:gabineteseagri@gmail.com\">gabineteseagri@gmail.com<\/a><br>Telefone (69) 3212-8813<br><\/p>\n\n\n\n<p class=\"has-text-align-center\"><strong>MEMBROS<\/strong><br>Secretaria de Estado de Planejamento, Or\u00e7amento e Gest\u00e3o (SEPOG)<br><a href=\"https:\/\/rondonia.ro.gov.br\/sepog\/\">https:\/\/rondonia.ro.gov.br\/sepog\/<\/a><br>e-mail: <a href=\"mailto:gabinete@sepog.ro.gov.br\">gabinete@sepog.ro.gov.br<\/a><br>Telefone (69) 3212-8101<\/p>\n\n\n\n<p class=\"has-text-align-center\">Secretaria de Estado de Finan\u00e7as (SEFIN)<br><a href=\"https:\/\/rondonia.ro.gov.br\/sefin\/\">https:\/\/rondonia.ro.gov.br\/sefin\/<\/a><br>e-mail: gabinete@sefin.ro.gov.br<br>Telefone (69) 3211-6100<\/p>\n\n\n\n<p class=\"has-text-align-center\">Secretaria de Estado de Desenvolvimento Ambiental (SEDAM)<br><a href=\"https:\/\/rondonia.ro.gov.br\/sedam\/\">https:\/\/rondonia.ro.gov.br\/sedam\/<\/a><br>e-mail: <a href=\"mailto:gabinete@sedam.ro.gov.br\">gabinete@sedam.ro.gov.br<\/a>  <br>Telefone (69) 3212-9605<br><br>Representante dos empregados da EMATER-RO, eleito em assembleia geral<br><\/p>\n\n\n\n<p class=\"has-text-align-center has-text-color\" style=\"color:#4e8f76\"><strong>CONSELHO FISCAL<\/strong><\/p>\n\n\n\n<p class=\"has-text-align-center\"><strong>PRESID\u00caNCIA<\/strong><br>Secretaria de Estado de Finan\u00e7as (SEFIN)<br><a href=\"https:\/\/rondonia.ro.gov.br\/sefin\/\">https:\/\/rondonia.ro.gov.br\/sefin\/<\/a><br>e-mail: <a href=\"mailto:gabinete@sefin.ro.gov.br\">gabinete@sefin.ro.gov.br<\/a><br>Telefone (69) 3211-6100<br><\/p>\n\n\n\n<p class=\"has-text-align-center\"><strong>MEMBROS<\/strong><br>Secretaria de Estado de Desenvolvimento Ambiental (SEDAM)<br><a href=\"https:\/\/rondonia.ro.gov.br\/sedam\/\">https:\/\/rondonia.ro.gov.br\/sedam\/<\/a><br>e-mail: <a href=\"mailto:gabinete@sedam.ro.gov.br\">gabinete@sedam.ro.gov.br<\/a><br>Telefone (69) 3212-9605 <\/p>\n\n\n\n<p class=\"has-text-align-center\">Representante dos empregados da EMATER-RO<br><\/p>\n\n\n\n<p class=\"has-text-align-center\"><strong>CALEND\u00c1RIO DE ENCONTROS<\/strong><\/p>\n\n\n\n<p class=\"has-text-align-center\">O Conselho de Administra\u00e7\u00e3o e o Conselho Fiscal reunir-se-\u00e3o quadrimestralmente, em<br>se\u00e7\u00e3o ordin\u00e1ria e, extraordinariamente, quando convocados pelo presidente<br>ou pela maioria dos seus membros. (<a rel=\"noreferrer noopener\" href=\"https:\/\/diof.ro.gov.br\/data\/uploads\/2015\/01\/DOE-20-01-20151.pdf\" target=\"_blank\">Decreto 19.460\/2015, Art. 22 e 25<\/a>)<\/p>\n\n\n\n<p class=\"has-text-align-center\"><\/p>\n\n\n\n<p class=\"has-text-align-center\"><strong>ATAS DAS REUNI\u00d5ES<\/strong><\/p>\n\n\n<div class=\"wp-block-image\">\n<figure class=\"aligncenter size-thumbnail\"><a href=\"http:\/\/www.emater.ro.gov.br\/ematerro\/wp-content\/uploads\/2026\/02\/20260211-ata-conselho-de-administracao_marco-2025.pdf\" target=\"_blank\" rel=\"noreferrer noopener\"><img decoding=\"async\" loading=\"lazy\" width=\"150\" height=\"150\" src=\"http:\/\/www.emater.ro.gov.br\/ematerro\/wp-content\/uploads\/2026\/02\/20260211-ata-conselho-150x150.jpg\" alt=\"\" class=\"wp-image-19207\"\/><\/a><\/figure><\/div>","protected":false},"excerpt":{"rendered":"<p>CONSELHO DE ADMINISTRA\u00c7\u00c3O E FISCAL DA ENTIDADE AUT\u00c1RQUICA DE ASSIST\u00caNCIA T\u00c9CNICA EEXTENS\u00c3O RURAL DO ESTADO DE ROND\u00d4NIA CENTRO POL\u00cdTICO ADMINISTRATIVO \u2013 PAL\u00c1CIO RIO MADEIRAAv. Farquar, 2986 \u2013 Bairro Pedrinhas, curvo [&hellip;]<\/p>\n","protected":false},"author":9,"featured_media":0,"parent":0,"menu_order":0,"comment_status":"closed","ping_status":"closed","template":"","meta":[],"_links":{"self":[{"href":"http:\/\/www.emater.ro.gov.br\/ematerro\/wp-json\/wp\/v2\/pages\/19203"}],"collection":[{"href":"http:\/\/www.emater.ro.gov.br\/ematerro\/wp-json\/wp\/v2\/pages"}],"about":[{"href":"http:\/\/www.emater.ro.gov.br\/ematerro\/wp-json\/wp\/v2\/types\/page"}],"author":[{"embeddable":true,"href":"http:\/\/www.emater.ro.gov.br\/ematerro\/wp-json\/wp\/v2\/users\/9"}],"replies":[{"embeddable":true,"href":"http:\/\/www.emater.ro.gov.br\/ematerro\/wp-json\/wp\/v2\/comments?post=19203"}],"version-history":[{"count":13,"href":"http:\/\/www.emater.ro.gov.br\/ematerro\/wp-json\/wp\/v2\/pages\/19203\/revisions"}],"predecessor-version":[{"id":19225,"href":"http:\/\/www.emater.ro.gov.br\/ematerro\/wp-json\/wp\/v2\/pages\/19203\/revisions\/19225"}],"wp:attachment":[{"href":"http:\/\/www.emater.ro.gov.br\/ematerro\/wp-json\/wp\/v2\/media?parent=19203"}],"curies":[{"name":"wp","href":"https:\/\/api.w.org\/{rel}","templated":true}]}}