{"id":192,"date":"2016-06-24T12:59:35","date_gmt":"2016-06-24T16:59:35","guid":{"rendered":"http:\/\/www.emater.ro.gov.br\/ematerro\/?page_id=192"},"modified":"2024-07-15T08:45:21","modified_gmt":"2024-07-15T12:45:21","slug":"getin-2","status":"publish","type":"page","link":"http:\/\/www.emater.ro.gov.br\/ematerro\/getin-2\/","title":{"rendered":"GETIN"},"content":{"rendered":"<pre><strong>Ger\u00eancia de Telecomunica\u00e7\u00e3o e Inform\u00e1tica\nM\u00e1rcio Val\u00e9rio de Freitas Maia - GERENTE\ngetin@emater.ro.gov.br\n(69) 99337-6089\n<\/strong><\/pre>\n","protected":false},"excerpt":{"rendered":"<p>Ger\u00eancia de Telecomunica\u00e7\u00e3o e Inform\u00e1tica M\u00e1rcio Val\u00e9rio de Freitas Maia &#8211; GERENTE getin@emater.ro.gov.br (69) 99337-6089<\/p>\n","protected":false},"author":1,"featured_media":0,"parent":0,"menu_order":0,"comment_status":"closed","ping_status":"closed","template":"","meta":[],"_links":{"self":[{"href":"http:\/\/www.emater.ro.gov.br\/ematerro\/wp-json\/wp\/v2\/pages\/192"}],"collection":[{"href":"http:\/\/www.emater.ro.gov.br\/ematerro\/wp-json\/wp\/v2\/pages"}],"about":[{"href":"http:\/\/www.emater.ro.gov.br\/ematerro\/wp-json\/wp\/v2\/types\/page"}],"author":[{"embeddable":true,"href":"http:\/\/www.emater.ro.gov.br\/ematerro\/wp-json\/wp\/v2\/users\/1"}],"replies":[{"embeddable":true,"href":"http:\/\/www.emater.ro.gov.br\/ematerro\/wp-json\/wp\/v2\/comments?post=192"}],"version-history":[{"count":10,"href":"http:\/\/www.emater.ro.gov.br\/ematerro\/wp-json\/wp\/v2\/pages\/192\/revisions"}],"predecessor-version":[{"id":15601,"href":"http:\/\/www.emater.ro.gov.br\/ematerro\/wp-json\/wp\/v2\/pages\/192\/revisions\/15601"}],"wp:attachment":[{"href":"http:\/\/www.emater.ro.gov.br\/ematerro\/wp-json\/wp\/v2\/media?parent=192"}],"curies":[{"name":"wp","href":"https:\/\/api.w.org\/{rel}","templated":true}]}}