{"id":18987,"date":"2026-01-16T10:46:54","date_gmt":"2026-01-16T14:46:54","guid":{"rendered":"http:\/\/www.emater.ro.gov.br\/ematerro\/?page_id=18987"},"modified":"2026-01-21T12:20:47","modified_gmt":"2026-01-21T16:20:47","slug":"contratos-2025","status":"publish","type":"page","link":"http:\/\/www.emater.ro.gov.br\/ematerro\/contratos-2025\/","title":{"rendered":"Contratos 2025"},"content":{"rendered":"\n<figure class=\"wp-block-table\"><table><tbody><tr><td><strong>N\u00ba CONTR.<\/strong><\/td><td><strong>N\u00ba SEI<\/strong><\/td><td><strong>FORNECEDOR<\/strong><\/td><td><strong>OBJETO<\/strong><\/td><td><strong>CNPJ\/CPF<\/strong><\/td><td><strong>VIG\u00caNCIA<\/strong><\/td><td><strong>VALOR<\/strong><\/td><td><strong>ADITIVO<\/strong><\/td><\/tr><tr><td><a href=\"http:\/\/www.emater.ro.gov.br\/ematerro\/wp-content\/uploads\/2026\/01\/20260119-aditivo001-janeiro-2025.pdf\">52\/2024\/PGE-EMATER<\/a><\/td><td>0011.009727\/2023-28<\/td><td>CONSTRUTORA FERREIRA SANTOS LTDA<\/td><td>&nbsp;Presta\u00e7\u00e3o de servi\u00e7os comuns de engenharia, com fornecimento de pe\u00e7as, equipamentos, materiais e m\u00e3o de obra.<\/td><td>24.439.931\/0001-59<\/td><td>25\/06\/2025<\/td><td><\/td><td><a href=\"http:\/\/www.emater.ro.gov.br\/ematerro\/wp-content\/uploads\/2026\/01\/20260119-aditivo001-janeiro-2025.pdf\">1\u00ba Termo<\/a><\/td><\/tr><tr><td><a href=\"http:\/\/www.emater.ro.gov.br\/ematerro\/wp-content\/uploads\/2026\/01\/20260119-0505-emater.pdf\">0505\/EMATER<\/a><\/td><td>0011.076048\/2022-83<\/td><td>CONSTRUTORA LV LTDA<\/td><td>Contrata\u00e7\u00e3o de&nbsp; Empresa Especializada na presta\u00e7\u00e3o de servi\u00e7os&nbsp;em Engenharia Civil ((<strong>Amplia\u00e7\u00e3o, Reconstru\u00e7\u00e3o, Restaura\u00e7\u00e3o, Modifica\u00e7\u00e3o)<\/strong>&nbsp;para reforma&nbsp;predial, sob demanda, no \u00e2mbito da EMATER-RO no&nbsp;munic\u00edpio&nbsp;de Alta Floresta do Oeste.<\/td><td>08.538.000\/0001-51<\/td><td>25\/04\/2025<\/td><td><\/td><td><a href=\"http:\/\/www.emater.ro.gov.br\/ematerro\/wp-content\/uploads\/2026\/01\/20260119-aditivo003-janeiro-2025.pdf\">3\u00ba Termo<\/a><\/td><\/tr><tr><td><a href=\"http:\/\/www.emater.ro.gov.br\/ematerro\/wp-content\/uploads\/2026\/01\/20260120-contrato-051-fevereiro-2025.pdf\">51\/2025\/PGE-EMATER<\/a><\/td><td>0011.001894\/2024-10<\/td><td>FACHINELI COMUNICA\u00c7\u00c3O LTDA<\/td><td>Contrata\u00e7\u00e3o de empresa especializada na presta\u00e7\u00e3o dos Servi\u00e7os de transmiss\u00e3o de dados\/internet,<br>preferencialmente em tecnologia de Fibra \u00d3ptica (na falta da mesma, poder\u00e1 ser aceito outras tecnologias, tais<br>como: ADSL2+, Via R\u00e1dio ou via sat\u00e9lite). Para 08 ESLOC&#8217;S<\/td><td>08.804.362\/0001-47<\/td><td><\/td><td>R$ 183.300,00<\/td><td><\/td><\/tr><tr><td><a href=\"http:\/\/www.emater.ro.gov.br\/ematerro\/wp-content\/uploads\/2026\/01\/20260120-contrato-53-marco-2025.pdf\">53\/2025\/PGE-EMATER<\/a><\/td><td>0011.001894\/2024-10<\/td><td>TELECOMUNICACOES BRASILIA LTDA<\/td><td>Contrata\u00e7\u00e3o de empresa especializada na presta\u00e7\u00e3o dos Servi\u00e7os de transmiss\u00e3o de dados\/internet,<br>preferencialmente em tecnologia de Fibra \u00d3ptica (na falta da mesma, poder\u00e1 ser aceito outras tecnologias, tais<br>como: ADSL2+, Via R\u00e1dio ou via sat\u00e9lite). Para 18 ESLOC&#8217;S<\/td><td>18.843.645\/0001-51<\/td><td><\/td><td>R$ 340.200,00<\/td><td><\/td><\/tr><tr><td><a href=\"http:\/\/www.emater.ro.gov.br\/ematerro\/wp-content\/uploads\/2026\/01\/20260120-contrato-052-fevereiro-2025.pdf\">52\/2025\/PGE-EMATER<\/a><\/td><td>0011.001894\/2024-10<\/td><td>OLLA SERVICOS &amp; INTERNET LTDA<\/td><td>Contrata\u00e7\u00e3o de empresa especializada na presta\u00e7\u00e3o dos Servi\u00e7os de transmiss\u00e3o de dados\/internet,<br>preferencialmente em tecnologia de Fibra \u00d3ptica (na falta da mesma, poder\u00e1 ser aceito outras tecnologias, tais<br>como: ADSL2+, Via R\u00e1dio ou via sat\u00e9lite). Para 14 ESLOC&#8217;S<\/td><td>12.973.083\/0001-84<\/td><td><\/td><td>R$ 286.020,00<\/td><td><\/td><\/tr><tr><td><a href=\"http:\/\/www.emater.ro.gov.br\/ematerro\/wp-content\/uploads\/2026\/01\/20260120-contrato-01-marco-2025.pdf\">01\/2025\/ASM\/EMATER<\/a><\/td><td><\/td><td>S\u00c3O MIGUEL SANEAMENTO S.A.<br><\/td><td>Presta\u00e7\u00e3o dos servi\u00e7os p\u00fablicos de abastecimento de \u00e1gua pot\u00e1vel e de esgotamento sanit\u00e1rio ao im\u00f3vel<br>receptor do pedido, com \u00f4nus e sob a responsabilidade do CONTRATANTE CONSUMIDOR.<\/td><td>50.902.797\/0001-90<\/td><td><\/td><td><\/td><td><\/td><\/tr><tr><td><a href=\"http:\/\/www.emater.ro.gov.br\/ematerro\/wp-content\/uploads\/2026\/01\/20260120-contrato-12-marco-2025.pdf\">12\/2025\/ARS<\/a><\/td><td>0011.000023\/2025-51<\/td><td>\u00c1GUAS DE ARIQUEMES<br>SANEAMENTO SPE LTDA<\/td><td>Fornecimento de \u00e1gua e de coleta e tratamento de esgotamento<br>sanit\u00e1rio pela CONTRATADA \u00e0 CONTRATANTE sob o n\u00famero de matr\u00edcula, \u00f3rg\u00e3o e endere\u00e7o abaixo discriminadas, visando atender as<br>necessidades da (nome do \u00f3rg\u00e3o).<\/td><td>24.565.225\/0001-53<\/td><td><\/td><td><\/td><td><\/td><\/tr><tr><td><a href=\"http:\/\/www.emater.ro.gov.br\/ematerro\/wp-content\/uploads\/2026\/01\/20260120-contrato-160-fevereiro-2025.pdf\">160\/2025\/PGE-EMATER<\/a><\/td><td>0011.009268\/2024-63<\/td><td>MARCOS GARCIA DA SILVA<\/td><td>Contrata\u00e7\u00e3o dos servi\u00e7os de loca\u00e7\u00e3o de Im\u00f3vel urbano, localizado no Distrito de Rondominas, Munic\u00edpio de Ouro Preto do Oeste, com no m\u00ednimo 70 m\u00b2(setenta<br>metros quadrados) de \u00e1rea constru\u00edda, em alvenaria, em \u00f3timo estado de conserva\u00e7\u00e3o, pelo per\u00edodo de 5 (cinco) anos.<\/td><td>***738.622**<\/td><td><\/td><td>R$ 120.000,00<\/td><td><\/td><\/tr><tr><td><a href=\"http:\/\/www.emater.ro.gov.br\/ematerro\/wp-content\/uploads\/2026\/01\/20260120-contrato-341-marco-2025.pdf\">341\/2025\/PGR-EMATER<\/a><\/td><td><\/td><td>F\u00c1CIL SEGURAN\u00c7A E MEDICINA DO TRABALHO LTDA<\/td><td>Contrata\u00e7\u00e3o de empresa especializada na presta\u00e7\u00e3o de servi\u00e7o de assistente de per\u00edcia t\u00e9cnica, para atuar nos processos judiciais relacionados \u00e0<br>insalubridade, pelo per\u00edodo de 12 (doze) meses.<\/td><td>37.638.280\/0001-78<\/td><td>30\/04\/2026<\/td><td>R$ 28.000,00<\/td><td><\/td><\/tr><tr><td><a href=\"http:\/\/www.emater.ro.gov.br\/ematerro\/wp-content\/uploads\/2026\/01\/20260120-contrato-488-marco-2025.pdf\">488\/2025\/PGE-EMATER<\/a><\/td><td>0011.000695\/2025-67<\/td><td>ROSIANE APARECIDA DE OLIVEIRA<\/td><td>Contrata\u00e7\u00e3o dos servi\u00e7os de loca\u00e7\u00e3o de Im\u00f3vel urbano pelo per\u00edodo de 2 anos, localizado no Munic\u00edpio de<br>Castanheiras, Territ\u00f3rio Zona da Mata, contendo no m\u00ednimo as seguintes caracter\u00edsticas:<br>Im\u00f3vel urbano, localizado no Munic\u00edpio de Castanheiras, com no m\u00ednimo 60 m\u00b2.<\/td><td>020.***.***-23<\/td><td><\/td><td>R$ 48.000,00<\/td><td><\/td><\/tr><tr><td><a href=\"http:\/\/www.emater.ro.gov.br\/ematerro\/wp-content\/uploads\/2026\/01\/20260120-contrato-1520-2024.pdf\">1520\/2024\/PGR-EMATER<\/a><\/td><td><\/td><td>M. DA S. VASCONCELOS LTDA<\/td><td>Presta\u00e7\u00e3o de servi\u00e7os de monitoramento remoto por meio de sistemas eletr\u00f4nicos (Central de Alarme auxiliada por sensores de presen\u00e7a e Circuito Fechado de TV), para atender \u00e0s necessidades de seguran\u00e7a dos im\u00f3veis onde funcionam os Escrit\u00f3rios Locais<br>da EMATER-RO de Porto Velho, Porto Verde e Usina de Nitrog\u00eanio de Porto Velho, pelo per\u00edodo de 12 meses.<\/td><td>08.978.402\/0001-77<\/td><td><\/td><td>R$ 30.564,00<\/td><td><\/td><\/tr><tr><td><a href=\"http:\/\/www.emater.ro.gov.br\/ematerro\/wp-content\/uploads\/2026\/01\/20260120-contrato_009_2021.pdf\">009\/2021\/EMATER<\/a><\/td><td>0011.398093\/2020-24<\/td><td>EMPRESA VANDERLEIA ROSA DEAMBROSIO<\/td><td>Contrata\u00e7\u00e3o de pessoa jur\u00eddica para<br>presta\u00e7\u00e3o de servi\u00e7o de acesso \u00e0 rede de<br>Internet Fibra \u00d3tica, R\u00e1dio ou via Sat\u00e9lite,<br>velocidade m\u00ednima de 100 MB para o<br>Escrit\u00f3rio Local de Colorado D\u2019oeste,<br>Territ\u00f3rio Cone Sul, envolvendo<br>transfer\u00eancia e manuten\u00e7\u00e3o de circuitos de<br>dados de internet. Por um per\u00edodo de 12 Meses.<\/td><td>11.072.400\/0001-29<\/td><td>14\/02\/2026<\/td><td>R$ 1.320,00<\/td><td><a href=\"http:\/\/www.emater.ro.gov.br\/ematerro\/wp-content\/uploads\/2026\/01\/20260120-aditivo0004-marco-2025-2.pdf\">4\u00ba Termo Aditivo<\/a><\/td><\/tr><tr><td><a href=\"http:\/\/www.emater.ro.gov.br\/ematerro\/wp-content\/uploads\/2026\/01\/20260120-contrato_04-2023.pdf\">04\/2023\/EMATER<\/a><\/td><td>0011.076710\/2022-03<\/td><td>ROSELI CARVALHO DE LIMA<\/td><td>Presta\u00e7\u00e3o de servi\u00e7o de Loca\u00e7\u00e3o de Im\u00f3vel para o Escrit\u00f3rio<br>Local da EMATER de Guajar\u00e1 Mirim \u2013 Territ\u00f3rio Madeira Mamor\u00e9, pelo per\u00edodo de 12 (dose) meses.<\/td><td>***.733.938-**<\/td><td>27\/03\/2026<\/td><td>R$ 36.435,96<\/td><td><a href=\"http:\/\/www.emater.ro.gov.br\/ematerro\/wp-content\/uploads\/2026\/01\/20260120-aditivo002-marco-2025.pdf\">2\u00ba Termo Aditivo<\/a><\/td><\/tr><tr><td><a href=\"http:\/\/www.emater.ro.gov.br\/ematerro\/wp-content\/uploads\/2026\/01\/20260121-contrato_033_2020.pdf\">033\/2020\/EMATER<\/a><\/td><td>0011.543309\/2019-89<\/td><td>EDUARDO DA SILVA NOBRE<\/td><td>Contrata\u00e7\u00e3o de servi\u00e7o de profissional liberal com especializa\u00e7\u00e3o<br>na \u00e1rea de qu\u00edmica, conforme detalhamento do objeto, condi\u00e7\u00f5es, quantitativos e exig\u00eancias constantes no<br>Termo de Refer\u00eancia.<\/td><td>741.***.***-34<br><\/td><td>12\/05\/2025<\/td><td>R$ 82.329,96<\/td><td><a href=\"http:\/\/www.emater.ro.gov.br\/ematerro\/wp-content\/uploads\/2026\/01\/20260121-aditivo005-fevereiro-2025.pdf\">5\u00ba Termo Aditivo<\/a><\/td><\/tr><tr><td><a href=\"http:\/\/www.emater.ro.gov.br\/ematerro\/wp-content\/uploads\/2026\/01\/20260121-contrato_010_2021.pdf\">010\/2021\/EMATER<\/a><\/td><td>0011.215472\/2020-98<\/td><td>TR\u00d3PICO TELECOM COM\u00c9RCIO E SERVI\u00c7OS LTDA<\/td><td>Presta\u00e7\u00e3o de servi\u00e7o de acesso \u00e0 rede internet via r\u00e1dio, com<br>velocidade m\u00ednima de 10MB pelo per\u00edodo de 12 (doze) meses, no Escrit\u00f3rio Local de Calama,<br>vinculado ao Escrit\u00f3rio Regional de Porto Velho.<\/td><td>12.997.143\/0001-07<\/td><td>17\/02\/2025<\/td><td>R$ 3.360,00<\/td><td><a href=\"http:\/\/www.emater.ro.gov.br\/ematerro\/wp-content\/uploads\/2026\/01\/20260121-aditivo004-fevereiro-2025.pdf\">4\u00ba Termo Aditivo<\/a><\/td><\/tr><tr><td><a href=\"http:\/\/www.emater.ro.gov.br\/ematerro\/wp-content\/uploads\/2026\/01\/20260121-contrato_024_2020.pdf\">024\/2020\/EMATER<\/a><\/td><td>0011.397325\/2019-93<\/td><td>EMILIANI ANDRE MACHADO<\/td><td>Presta\u00e7\u00e3o de servi\u00e7o de Loca\u00e7\u00e3o de Im\u00f3vel para o Escrit\u00f3rio Local<br>da EMATER no Distrito de Triunfo no Munic\u00edpio de Candeias do Jamari, pelo per\u00edodo de 12 (doze)<br>meses.<br><\/td><td>033.***.***-14<\/td><td>31\/03\/2026<\/td><td>R$ 20.744,28<\/td><td><a href=\"http:\/\/www.emater.ro.gov.br\/ematerro\/wp-content\/uploads\/2026\/01\/20260121-aditivo005-marco-2025.pdf\">5\u00ba Termo Aditivo<\/a><\/td><\/tr><tr><td>008\/PGE-2021<\/td><td>0025.078485\/2021-00<\/td><td>FUNDO DE INVESTIMENTO E APOIO AO PROGRAMA DE<br>DESENVOLVIMENTO DA PECU\u00c1RIA LEITEIRA DO ESTADO DE ROND\u00d4NIA<\/td><td>QUE ENTRE SI CELEBRAM O FUNDO DE INVESTIMENTO E<br>APOIO AO PROGRAMA DE DESENVOLVIMENTO DA PECU\u00c1RIA LEITEIRA DO ESTADO DE ROND\u00d4NIA (FUNDO PROLEITE) E A<br>ENTIDADE AUT\u00c1RQUICA DE ASSIST\u00caNCIA T\u00c9CNICA E EXTENS\u00c3O RURAL DO ESTADO DE ROND\u00d4NIA<\/td><td>12.443.392\/0001-42<\/td><td><\/td><td>R$ 18.794.635,12<\/td><td><a href=\"http:\/\/www.emater.ro.gov.br\/ematerro\/wp-content\/uploads\/2026\/01\/20260121-aditivo000004-fevereiro-2025.pdf\">4\u00ba Termo Aditivo<\/a><\/td><\/tr><tr><td><a href=\"http:\/\/www.emater.ro.gov.br\/ematerro\/wp-content\/uploads\/2026\/01\/20260121-contrato_06_emater_pge_2023.pdf\">06\/EMATER\/PGE\/2023<\/a><\/td><td><\/td><td>MS SEGURAN\u00c7A ELETR\u00d4NICA LTDA<\/td><td>Presta\u00e7\u00e3o de servi\u00e7o de seguran\u00e7a eletr\u00f4nica, monitoramento<br>24 horas, sob a forma de comodato, para atender as necessidades do Escrit\u00f3rio Local de Pimenta Bueno<br><\/td><td>17.772.398\/0001-87<\/td><td>16\/09\/2025<\/td><td>R$ 8.553,24<\/td><td><a href=\"http:\/\/www.emater.ro.gov.br\/ematerro\/wp-content\/uploads\/2026\/01\/20260121-aditivo0002-marco-2025.pdf\">2\u00ba Termo Aditivo<\/a><\/td><\/tr><tr><td>0174\/EMATER\/PGE\/2023<\/td><td><\/td><td>NEUMANN &amp; GONCALVES MEDICINA E SEGURANCA OCUPACIONAL LTDA<\/td><td>Realizar elabora\u00e7\u00e3o e implementa\u00e7\u00e3o da Gest\u00e3o de Riscos Ocupacionais ? GRO na EMATER-RO, Laudo T\u00e9cnico das Condi\u00e7\u00f5es Ambientais do Trabalho (LTCAT), Programa de Controle M\u00e9dico de Sa\u00fade Ocupacional (PCMSO), Laudo Pericial de Periculosidade e Insalubridade (LTIP).<\/td><td>11.010.043\/0002-55<\/td><td><\/td><td>R$ 337.476,00<\/td><td><a href=\"http:\/\/www.emater.ro.gov.br\/ematerro\/wp-content\/uploads\/2026\/01\/20260121-aditivo002-marco-2025.pdf\">2\u00ba Termo Aditivo<\/a><\/td><\/tr><tr><td><\/td><td><\/td><td><\/td><td><\/td><td><\/td><td><\/td><td><\/td><td><\/td><\/tr><tr><td><\/td><td><\/td><td><\/td><td><\/td><td><\/td><td><\/td><td><\/td><td><\/td><\/tr><\/tbody><\/table><\/figure>\n","protected":false},"excerpt":{"rendered":"<p>N\u00ba CONTR. N\u00ba SEI FORNECEDOR OBJETO CNPJ\/CPF VIG\u00caNCIA VALOR ADITIVO 52\/2024\/PGE-EMATER 0011.009727\/2023-28 CONSTRUTORA FERREIRA SANTOS LTDA &nbsp;Presta\u00e7\u00e3o de servi\u00e7os comuns de engenharia, com fornecimento de pe\u00e7as, equipamentos, materiais e m\u00e3o [&hellip;]<\/p>\n","protected":false},"author":1,"featured_media":0,"parent":0,"menu_order":0,"comment_status":"closed","ping_status":"closed","template":"","meta":[],"_links":{"self":[{"href":"http:\/\/www.emater.ro.gov.br\/ematerro\/wp-json\/wp\/v2\/pages\/18987"}],"collection":[{"href":"http:\/\/www.emater.ro.gov.br\/ematerro\/wp-json\/wp\/v2\/pages"}],"about":[{"href":"http:\/\/www.emater.ro.gov.br\/ematerro\/wp-json\/wp\/v2\/types\/page"}],"author":[{"embeddable":true,"href":"http:\/\/www.emater.ro.gov.br\/ematerro\/wp-json\/wp\/v2\/users\/1"}],"replies":[{"embeddable":true,"href":"http:\/\/www.emater.ro.gov.br\/ematerro\/wp-json\/wp\/v2\/comments?post=18987"}],"version-history":[{"count":31,"href":"http:\/\/www.emater.ro.gov.br\/ematerro\/wp-json\/wp\/v2\/pages\/18987\/revisions"}],"predecessor-version":[{"id":19091,"href":"http:\/\/www.emater.ro.gov.br\/ematerro\/wp-json\/wp\/v2\/pages\/18987\/revisions\/19091"}],"wp:attachment":[{"href":"http:\/\/www.emater.ro.gov.br\/ematerro\/wp-json\/wp\/v2\/media?parent=18987"}],"curies":[{"name":"wp","href":"https:\/\/api.w.org\/{rel}","templated":true}]}}