{"id":18985,"date":"2026-01-16T10:45:55","date_gmt":"2026-01-16T14:45:55","guid":{"rendered":"http:\/\/www.emater.ro.gov.br\/ematerro\/?page_id=18985"},"modified":"2026-01-19T11:57:24","modified_gmt":"2026-01-19T15:57:24","slug":"contratos-2024","status":"publish","type":"page","link":"http:\/\/www.emater.ro.gov.br\/ematerro\/contratos-2024\/","title":{"rendered":"Contratos 2024"},"content":{"rendered":"\n<figure class=\"wp-block-table\"><table><tbody><tr><td><strong>N\u00ba CONTR.<\/strong><\/td><td><strong>N\u00ba SEI<\/strong><\/td><td><strong>FORNECEDOR<\/strong><\/td><td><strong>OBJETO<\/strong><\/td><td><strong>CNPJ\/CPF<\/strong><\/td><td><strong>VIG\u00caNCIA<\/strong><\/td><td><strong>VALOR<\/strong><\/td><td><strong>ADITIVO<\/strong><\/td><\/tr><tr><td><a href=\"http:\/\/www.emater.ro.gov.br\/ematerro\/wp-content\/uploads\/2026\/01\/20260119-contrato-1520-2024.pdf\">1520\/2024<\/a><\/td><td>11003894202446<\/td><td>M. DA S. VASCONCELOS LTDA<\/td><td>Servi\u00e7os de monitoramento remoto por meio de sistemas eletr\u00f4nicos (Central de Alarme auxiliada por sensores de presen\u00e7a e Circuito Fechado de TV)<\/td><td>08.978.402\/0001-77<\/td><td>30\/11\/2025<\/td><td>R$ 30.564,00<\/td><td><\/td><\/tr><tr><td><\/td><td><\/td><td><\/td><td><\/td><td><\/td><td><\/td><td><\/td><td><\/td><\/tr><tr><td><\/td><td><\/td><td><\/td><td><\/td><td><\/td><td><\/td><td><\/td><td><\/td><\/tr><tr><td><\/td><td><\/td><td><\/td><td><\/td><td><\/td><td><\/td><td><\/td><td><\/td><\/tr><tr><td><\/td><td><\/td><td><\/td><td><\/td><td><\/td><td><\/td><td><\/td><td><\/td><\/tr><tr><td><\/td><td><\/td><td><\/td><td><\/td><td><\/td><td><\/td><td><\/td><td><\/td><\/tr><tr><td><\/td><td><\/td><td><\/td><td><\/td><td><\/td><td><\/td><td><\/td><td><\/td><\/tr><tr><td><\/td><td><\/td><td><\/td><td><\/td><td><\/td><td><\/td><td><\/td><td><\/td><\/tr><tr><td><\/td><td><\/td><td><\/td><td><\/td><td><\/td><td><\/td><td><\/td><td><\/td><\/tr><\/tbody><\/table><\/figure>\n","protected":false},"excerpt":{"rendered":"<p>N\u00ba CONTR. N\u00ba SEI FORNECEDOR OBJETO CNPJ\/CPF VIG\u00caNCIA VALOR ADITIVO 1520\/2024 11003894202446 M. DA S. VASCONCELOS LTDA Servi\u00e7os de monitoramento remoto por meio de sistemas eletr\u00f4nicos (Central de Alarme auxiliada [&hellip;]<\/p>\n","protected":false},"author":1,"featured_media":0,"parent":0,"menu_order":0,"comment_status":"closed","ping_status":"closed","template":"","meta":[],"_links":{"self":[{"href":"http:\/\/www.emater.ro.gov.br\/ematerro\/wp-json\/wp\/v2\/pages\/18985"}],"collection":[{"href":"http:\/\/www.emater.ro.gov.br\/ematerro\/wp-json\/wp\/v2\/pages"}],"about":[{"href":"http:\/\/www.emater.ro.gov.br\/ematerro\/wp-json\/wp\/v2\/types\/page"}],"author":[{"embeddable":true,"href":"http:\/\/www.emater.ro.gov.br\/ematerro\/wp-json\/wp\/v2\/users\/1"}],"replies":[{"embeddable":true,"href":"http:\/\/www.emater.ro.gov.br\/ematerro\/wp-json\/wp\/v2\/comments?post=18985"}],"version-history":[{"count":3,"href":"http:\/\/www.emater.ro.gov.br\/ematerro\/wp-json\/wp\/v2\/pages\/18985\/revisions"}],"predecessor-version":[{"id":19009,"href":"http:\/\/www.emater.ro.gov.br\/ematerro\/wp-json\/wp\/v2\/pages\/18985\/revisions\/19009"}],"wp:attachment":[{"href":"http:\/\/www.emater.ro.gov.br\/ematerro\/wp-json\/wp\/v2\/media?parent=18985"}],"curies":[{"name":"wp","href":"https:\/\/api.w.org\/{rel}","templated":true}]}}