{"id":169,"date":"2016-06-24T12:55:22","date_gmt":"2016-06-24T16:55:22","guid":{"rendered":"http:\/\/www.emater.ro.gov.br\/ematerro\/?page_id=169"},"modified":"2024-07-15T09:06:20","modified_gmt":"2024-07-15T13:06:20","slug":"gepin","status":"publish","type":"page","link":"http:\/\/www.emater.ro.gov.br\/ematerro\/gepin\/","title":{"rendered":"GEPIN"},"content":{"rendered":"<p style=\"text-align: center;\"><strong>COMPET\u00caNCIAS DA UNIDADE<\/strong><\/p>\n<ul class=\"font_8\">\n<li>\n<p class=\"font_8\" style=\"text-align: justify;\"><span class=\"color_15\">Prestar servi\u00e7os gratuitos e de natureza assistencial, aos agricultores de base familiar da zona rural do Estado de Rond\u00f4nia;<\/span><\/p>\n<p class=\"font_8\" style=\"text-align: justify;\"><span class=\"color_15\">Contribuir para o desenvolvimento socioecon\u00f4mico e cultural das fam\u00edlias rurais, atrav\u00e9s da transfer\u00eancia de tecnologias e gerenciamento, empregados nas explora\u00e7\u00f5es agrossilvopastoris e atividades de desenvolvimento humano;<\/span><\/p>\n<p class=\"font_8\" style=\"text-align: justify;\"><span class=\"color_15\">Estimular e apoiar o desenvolvimento rural, atrav\u00e9s de a\u00e7\u00f5es assistenciais de car\u00e1ter educativo, executadas conjuntamente com entidades parceiras p\u00fablicas e privadas, em n\u00edveis Federal, Estadual e Municipal, com vistas a execu\u00e7\u00e3o e implementa\u00e7\u00e3o de Programas de Assist\u00eancia T\u00e9cnica e Extens\u00e3o Rural \u2013 ATER, voltadas para a sa\u00fade, educa\u00e7\u00e3o, nutri\u00e7\u00e3o, fomento, agroind\u00fastrias, armazenamento, comercializa\u00e7\u00e3o, meio ambiente, pol\u00edtica fundi\u00e1ria e zoneamento socioecon\u00f4mico e ecol\u00f3gico;<\/span><\/p>\n<p class=\"font_8\" style=\"text-align: justify;\"><span class=\"color_15\">Participar na defini\u00e7\u00e3o de pol\u00edticas agr\u00edcolas nas esferas federal, estadual e municipal;<\/span><\/p>\n<p class=\"font_8\" style=\"text-align: justify;\"><span class=\"color_15\">Planejar, coordenar, executar e avaliar seus programas de Assist\u00eancia T\u00e9cnica e Extens\u00e3o Rural \u2013 ATER, para atender as reais demandas dos produtores rurais, prioritariamente os pequenos, de forma individual ou atrav\u00e9s de suas formas organizativas;<\/span><\/p>\n<p class=\"font_8\" style=\"text-align: justify;\"><span class=\"color_15\">Adequar os programas de Assist\u00eancia T\u00e9cnica e Extens\u00e3o Rural \u00e0s potencialidades regionais, visando do desenvolvimento do meio rural e respeitando o zoneamento socioecon\u00f4mico e ecol\u00f3gico do Estado;<\/span><\/p>\n<p class=\"font_8\" style=\"text-align: justify;\"><span class=\"color_15\">Estabelecer e manter o relacionamento institucional com os sistemas de Agroneg\u00f3cios, Planejamento Setorial de Produ\u00e7\u00e3o, de Abastecimento e Fomento, de Gera\u00e7\u00e3o de Tecnologia, e com os demais \u00f3rg\u00e3os p\u00fablicos ou privados, que desenvolvem atividades afins;<\/span><\/p>\n<p class=\"font_8\" style=\"text-align: justify;\"><span class=\"color_15\">Contribuir com a pol\u00edtica de sustentabilidade ambiental, considerando as caracter\u00edsticas do ecossistema amaz\u00f4nico e a a\u00e7\u00e3o do zoneamento socioecon\u00f4mico e ecol\u00f3gico do Estado.<\/span><\/p>\n<\/li>\n<\/ul>\n<p class=\"font_7\" style=\"text-align: right;\"><strong>Ger\u00eancia T\u00e9cnica<br \/>\n<\/strong>Genis dos Santos e Silva<br \/>\ngepin@emater.ro.gov.br<br \/>\n(69)\u00a0 99337-6089<\/p>\n<h6 class=\"font_7\"><em><br \/>\n<\/em><\/h6>\n","protected":false},"excerpt":{"rendered":"<p>COMPET\u00caNCIAS DA UNIDADE Prestar servi\u00e7os gratuitos e de natureza assistencial, aos agricultores de base familiar da zona rural do Estado de Rond\u00f4nia; Contribuir para o desenvolvimento socioecon\u00f4mico e cultural das [&hellip;]<\/p>\n","protected":false},"author":1,"featured_media":0,"parent":0,"menu_order":0,"comment_status":"closed","ping_status":"closed","template":"","meta":[],"_links":{"self":[{"href":"http:\/\/www.emater.ro.gov.br\/ematerro\/wp-json\/wp\/v2\/pages\/169"}],"collection":[{"href":"http:\/\/www.emater.ro.gov.br\/ematerro\/wp-json\/wp\/v2\/pages"}],"about":[{"href":"http:\/\/www.emater.ro.gov.br\/ematerro\/wp-json\/wp\/v2\/types\/page"}],"author":[{"embeddable":true,"href":"http:\/\/www.emater.ro.gov.br\/ematerro\/wp-json\/wp\/v2\/users\/1"}],"replies":[{"embeddable":true,"href":"http:\/\/www.emater.ro.gov.br\/ematerro\/wp-json\/wp\/v2\/comments?post=169"}],"version-history":[{"count":56,"href":"http:\/\/www.emater.ro.gov.br\/ematerro\/wp-json\/wp\/v2\/pages\/169\/revisions"}],"predecessor-version":[{"id":15609,"href":"http:\/\/www.emater.ro.gov.br\/ematerro\/wp-json\/wp\/v2\/pages\/169\/revisions\/15609"}],"wp:attachment":[{"href":"http:\/\/www.emater.ro.gov.br\/ematerro\/wp-json\/wp\/v2\/media?parent=169"}],"curies":[{"name":"wp","href":"https:\/\/api.w.org\/{rel}","templated":true}]}}