{"id":141,"date":"2016-06-24T10:48:47","date_gmt":"2016-06-24T14:48:47","guid":{"rendered":"http:\/\/www.emater.ro.gov.br\/ematerro\/?page_id=141"},"modified":"2025-05-05T10:16:53","modified_gmt":"2025-05-05T14:16:53","slug":"publicacoes","status":"publish","type":"page","link":"http:\/\/www.emater.ro.gov.br\/ematerro\/publicacoes\/","title":{"rendered":"Publica\u00e7\u00f5es"},"content":{"rendered":"<div class=\"post\">\n<div class=\"entry\">\n<div>\n<div>\n<div>\n<h3>EMATER-RO<\/h3>\n<div id=\"texto\">\n<p>Escolha uma pasta abaixo.<\/p>\n<ul>\n<li><a style=\"color: #0000ff;\" href=\"http:\/\/www.emater.ro.gov.br\/siteemater\/publicacoes.php?pasta=8\"><img decoding=\"async\" src=\"http:\/\/www.emater.ro.gov.br\/siteemater\/images\/ofolder.gif\" alt=\"\" align=\"bottom\" \/><\/a><a style=\"color: #0000ff;\" href=\"http:\/\/www.emater.ro.gov.br\/ematerro\/publicacoes\/atos-oficiais-leis-decretos-recomendacoes\/\">Atos Oficiais (Leis, Decretos, Recomenda\u00e7\u00f5es&#8230;)<\/a><\/li>\n<li><a style=\"color: #0000ff;\" href=\"http:\/\/www.emater.ro.gov.br\/ematerro\/publicacoes\/artigos\/\" target=\"_blank\" rel=\"noopener\"><img decoding=\"async\" src=\"http:\/\/www.emater.ro.gov.br\/siteemater\/images\/ofolder.gif\" alt=\"\" align=\"bottom\" \/>Artigos<\/a><\/li>\n<li><a style=\"color: #0000ff;\" href=\"http:\/\/www.emater.ro.gov.br\/ematerro\/publicacoes\/boletins-agropecuarios\/\"><img decoding=\"async\" src=\"http:\/\/www.emater.ro.gov.br\/siteemater\/images\/ofolder.gif\" alt=\"\" align=\"bottom\" \/>Boletim Agropecu\u00e1rio<\/a><\/li>\n<li><a style=\"color: #0000ff;\" href=\"http:\/\/www.emater.ro.gov.br\/ematerro\/cartilhas\/\"><img decoding=\"async\" src=\"http:\/\/www.emater.ro.gov.br\/siteemater\/images\/ofolder.gif\" alt=\"\" align=\"bottom\" \/>Cartilhas<\/a><\/li>\n<li><a style=\"color: #0000ff;\" href=\"http:\/\/www.emater.ro.gov.br\/ematerro\/cartilhas\/\"><img decoding=\"async\" src=\"http:\/\/www.emater.ro.gov.br\/siteemater\/images\/ofolder.gif\" alt=\"\" align=\"bottom\" \/><\/a><span style=\"color: #0000ff;\"><a style=\"color: #0000ff;\" href=\"http:\/\/www.emater.ro.gov.br\/ematerro\/cronicas-de-ater\/\">Cr\u00f4nicas de Ater<\/a><\/span><\/li>\n<li><a style=\"color: #0000ff;\" href=\"http:\/\/www.emater.ro.gov.br\/ematerro\/cartilhas\/\"><img decoding=\"async\" src=\"http:\/\/www.emater.ro.gov.br\/siteemater\/images\/ofolder.gif\" alt=\"\" align=\"bottom\" \/><\/a><span style=\"color: #0000ff;\"><a style=\"color: #0000ff;\" href=\"http:\/\/www.emater.ro.gov.br\/ematerro\/publicacoes\/experiencias-exitosas-de-ater\/\">Experi\u00eancias Exitosas de Ater<\/a><\/span><\/li>\n<li><span style=\"color: #0000ff;\"><a style=\"color: #0000ff;\" href=\"http:\/\/www.emater.ro.gov.br\/ematerro\/publicacoes\/folders\/\" target=\"_blank\" rel=\"noopener\">Folders<\/a><\/span><\/li>\n<li><span style=\"color: #0000ff;\"><img decoding=\"async\" src=\"http:\/\/www.emater.ro.gov.br\/siteemater\/images\/ofolder.gif\" alt=\"\" align=\"bottom\" \/><a style=\"color: #0000ff;\" href=\"http:\/\/www.emater.ro.gov.br\/ematerro\/jornal-da-emater-ro\/\">Jornal da Emater-RO<\/a><\/span><span style=\"color: #0000ff;\"><a style=\"color: #0000ff;\" href=\"http:\/\/www.emater.ro.gov.br\/siteemater\/publicacoes.php?pasta=13\"><br \/>\n<\/a><\/span><a style=\"color: #0000ff;\" href=\"http:\/\/www.emater.ro.gov.br\/siteemater\/publicacoes.php?pasta=13\"><br \/>\n<\/a><u><\/u><\/li>\n<\/ul>\n<\/div>\n<\/div>\n<\/div>\n<\/div>\n<\/div>\n<div><span style=\"color: #0000ff;\">\u00a0<\/span><\/div>\n<\/div>\n<div class=\"post\"><\/div>\n","protected":false},"excerpt":{"rendered":"<p>EMATER-RO Escolha uma pasta abaixo. Atos Oficiais (Leis, Decretos, Recomenda\u00e7\u00f5es&#8230;) Artigos Boletim Agropecu\u00e1rio Cartilhas Cr\u00f4nicas de Ater Experi\u00eancias Exitosas de Ater Folders Jornal da Emater-RO \u00a0<\/p>\n","protected":false},"author":1,"featured_media":0,"parent":0,"menu_order":0,"comment_status":"closed","ping_status":"closed","template":"","meta":[],"_links":{"self":[{"href":"http:\/\/www.emater.ro.gov.br\/ematerro\/wp-json\/wp\/v2\/pages\/141"}],"collection":[{"href":"http:\/\/www.emater.ro.gov.br\/ematerro\/wp-json\/wp\/v2\/pages"}],"about":[{"href":"http:\/\/www.emater.ro.gov.br\/ematerro\/wp-json\/wp\/v2\/types\/page"}],"author":[{"embeddable":true,"href":"http:\/\/www.emater.ro.gov.br\/ematerro\/wp-json\/wp\/v2\/users\/1"}],"replies":[{"embeddable":true,"href":"http:\/\/www.emater.ro.gov.br\/ematerro\/wp-json\/wp\/v2\/comments?post=141"}],"version-history":[{"count":32,"href":"http:\/\/www.emater.ro.gov.br\/ematerro\/wp-json\/wp\/v2\/pages\/141\/revisions"}],"predecessor-version":[{"id":17025,"href":"http:\/\/www.emater.ro.gov.br\/ematerro\/wp-json\/wp\/v2\/pages\/141\/revisions\/17025"}],"wp:attachment":[{"href":"http:\/\/www.emater.ro.gov.br\/ematerro\/wp-json\/wp\/v2\/media?parent=141"}],"curies":[{"name":"wp","href":"https:\/\/api.w.org\/{rel}","templated":true}]}}