{"id":130,"date":"2016-06-24T10:28:46","date_gmt":"2016-06-24T14:28:46","guid":{"rendered":"http:\/\/www.emater.ro.gov.br\/ematerro\/?page_id=130"},"modified":"2023-09-28T08:42:25","modified_gmt":"2023-09-28T12:42:25","slug":"comunicacao","status":"publish","type":"page","link":"http:\/\/www.emater.ro.gov.br\/ematerro\/comunicacao\/","title":{"rendered":"Comunica\u00e7\u00e3o"},"content":{"rendered":"\n<p><a href=\"http:\/\/www.emater.ro.gov.br\/ematerro\/category\/galeria\/\" data-type=\"URL\" data-id=\"http:\/\/www.emater.ro.gov.br\/ematerro\/category\/galeria\/\">Galeria de fotos<\/a><\/p>\n\n\n\n<p><a href=\"http:\/\/www.emater.ro.gov.br\/ematerro\/jornal-da-emater-ro\/\" data-type=\"URL\" data-id=\"http:\/\/www.emater.ro.gov.br\/ematerro\/jornal-da-emater-ro\/\">Jornal da Emater-RO<\/a><\/p>\n\n\n\n<p><a href=\"http:\/\/www.emater.ro.gov.br\/ematerro\/category\/noticias\/\" data-type=\"URL\" data-id=\"http:\/\/www.emater.ro.gov.br\/ematerro\/category\/noticias\/\">Not\u00edcias<\/a><\/p>\n\n\n\n<p><a href=\"http:\/\/www.emater.ro.gov.br\/ematerro\/?s=PodCast\" data-type=\"URL\" data-id=\"http:\/\/www.emater.ro.gov.br\/ematerro\/?s=PodCast\">PodCast (EmaterCast)<\/a><\/p>\n\n\n\n<p><a href=\"http:\/\/www.emater.ro.gov.br\/ematerro\/publicacoes\/\" data-type=\"URL\" data-id=\"http:\/\/www.emater.ro.gov.br\/ematerro\/publicacoes\/\">Publica\u00e7\u00f5es<\/a><\/p>\n\n\n\n<p><a href=\"https:\/\/linktr.ee\/ematerro\" data-type=\"URL\" data-id=\"https:\/\/linktr.ee\/ematerro\">Redes Sociais<\/a><\/p>\n\n\n\n<p><a href=\"http:\/\/www.emater.ro.gov.br\/ematerro\/revistas\/\" data-type=\"URL\" data-id=\"http:\/\/www.emater.ro.gov.br\/ematerro\/wp-admin\/post.php?post=14123&amp;action=edit\">Revistas<\/a><\/p>\n\n\n\n<p><a href=\"https:\/\/www.youtube.com\/c\/EMATERRO_Oficial\/videos\" data-type=\"URL\" data-id=\"https:\/\/www.youtube.com\/c\/EMATERRO_Oficial\/videos\">V\u00eddeos<\/a><\/p>\n\n\n\n<p><\/p>\n","protected":false},"excerpt":{"rendered":"<p>Galeria de fotos Jornal da Emater-RO Not\u00edcias PodCast (EmaterCast) Publica\u00e7\u00f5es Redes Sociais Revistas V\u00eddeos<\/p>\n","protected":false},"author":1,"featured_media":0,"parent":0,"menu_order":0,"comment_status":"closed","ping_status":"closed","template":"","meta":[],"_links":{"self":[{"href":"http:\/\/www.emater.ro.gov.br\/ematerro\/wp-json\/wp\/v2\/pages\/130"}],"collection":[{"href":"http:\/\/www.emater.ro.gov.br\/ematerro\/wp-json\/wp\/v2\/pages"}],"about":[{"href":"http:\/\/www.emater.ro.gov.br\/ematerro\/wp-json\/wp\/v2\/types\/page"}],"author":[{"embeddable":true,"href":"http:\/\/www.emater.ro.gov.br\/ematerro\/wp-json\/wp\/v2\/users\/1"}],"replies":[{"embeddable":true,"href":"http:\/\/www.emater.ro.gov.br\/ematerro\/wp-json\/wp\/v2\/comments?post=130"}],"version-history":[{"count":5,"href":"http:\/\/www.emater.ro.gov.br\/ematerro\/wp-json\/wp\/v2\/pages\/130\/revisions"}],"predecessor-version":[{"id":14130,"href":"http:\/\/www.emater.ro.gov.br\/ematerro\/wp-json\/wp\/v2\/pages\/130\/revisions\/14130"}],"wp:attachment":[{"href":"http:\/\/www.emater.ro.gov.br\/ematerro\/wp-json\/wp\/v2\/media?parent=130"}],"curies":[{"name":"wp","href":"https:\/\/api.w.org\/{rel}","templated":true}]}}