{"id":12211,"date":"2022-07-18T10:04:52","date_gmt":"2022-07-18T14:04:52","guid":{"rendered":"http:\/\/www.emater.ro.gov.br\/ematerro\/?page_id=12211"},"modified":"2026-01-16T09:51:05","modified_gmt":"2026-01-16T13:51:05","slug":"contratos-de-servicos-e-compras-2022","status":"publish","type":"page","link":"http:\/\/www.emater.ro.gov.br\/ematerro\/contratos-de-servicos-e-compras-2022\/","title":{"rendered":"Contratos de Servi\u00e7os e compras 2022"},"content":{"rendered":"<p><span style=\"text-decoration: underline;\"><strong>Fonte &#8211; EMATER<\/strong><\/span><\/p>\n<table width=\"1492\">\n<tbody>\n<tr>\n<td width=\"124\"><strong>N\u00ba CONTR.<\/strong><\/td>\n<td width=\"166\"><strong>N\u00ba SEI<\/strong><\/td>\n<td width=\"305\"><strong>FORNECEDOR<\/strong><\/td>\n<td width=\"218\"><strong>OBJETO<\/strong><\/td>\n<td width=\"171\"><strong>CNPJ\/CPF<\/strong><\/td>\n<td width=\"132\"><strong>VIG\u00caNCIA<\/strong><\/td>\n<td width=\"95\"><strong>VALOR<\/strong><\/td>\n<td width=\"120\"><strong>ADITIVO<\/strong><\/td>\n<td width=\"161\"><strong>VIG\u00caNCIA<\/strong><\/td>\n<td width=\"161\"><strong>GESTOR<\/strong><\/td>\n<\/tr>\n<tr>\n<td><a href=\"http:\/\/www.emater.ro.gov.br\/ematerro\/wp-content\/uploads\/2022\/07\/20220718-reforma-de-prdio-de-so-francisco-ct-0742022.pdf\"><span class=\"fontstyle0\">0074\/EMATER\/PGE\/2022<\/span><\/a><\/td>\n<td>\u00a0 <span class=\"fontstyle0\">0011.526818\/2021-61<\/span><\/td>\n<td>\u00a0 <span class=\"fontstyle0\">A TALIA CONSTRU\u00c7\u00d5ES E EMPREENDIMENTOS LTDA &#8211; ME<\/span><\/td>\n<td><span class=\"fontstyle0\">Reforma do pr\u00e9dio do Escrit\u00f3rio Local da EMATER-RO, no<br \/>\nmunic\u00edpio de S\u00e3o Francisco, conforme Projeto B\u00e1sico<\/span>.<\/td>\n<td>\u00a0 <span class=\"fontstyle0\">10.767.808\/0001-52<\/span><\/td>\n<td>\u00a027\/10\/2022<\/td>\n<td><span class=\"fontstyle0\">R$ 652.861,58<\/span><\/td>\n<td><\/td>\n<td><\/td>\n<td>\u00a0<a href=\"http:\/\/www.emater.ro.gov.br\/ematerro\/wp-content\/uploads\/2022\/07\/20220718-portaria-de-gestor-ct-074-2022.pdf\">Portaria<\/a><\/td>\n<\/tr>\n<tr>\n<td><a href=\"http:\/\/www.emater.ro.gov.br\/ematerro\/wp-content\/uploads\/2022\/07\/20220719-ct-087-2022-locao-de-imvel-escritrio-local-de-so-domingos.pdf\"><span class=\"fontstyle0\">0087\/EMATER\/PGE\/2022<\/span><\/a><\/td>\n<td>\u00a0 <span class=\"fontstyle0\">0011.418703\/2021-02<\/span><\/td>\n<td>\u00a0 <span class=\"fontstyle0\">ODAIR SILVA DOS SANTOS<\/span><\/td>\n<td>\u00a0 <span class=\"fontstyle0\">Loca\u00e7\u00e3o de Im\u00f3vel para o Escrit\u00f3rio Local<br \/>\nda EMATER no Distrito de S\u00e3o Domingos do Guapor\u00e9, Munic\u00edpio de Costa Marques \u2013 Territ\u00f3rio Vale do<br \/>\nGuapor\u00e9<\/span>.<\/td>\n<td>\u00a0 <span class=\"fontstyle0\">***.821.002-**<\/span><\/td>\n<td>\u00a001\/02\/2023<\/td>\n<td>\u00a0 <span class=\"fontstyle0\">R$ 14.400,00<\/span><\/td>\n<td><\/td>\n<td><\/td>\n<td>\u00a0<a href=\"http:\/\/www.emater.ro.gov.br\/ematerro\/wp-content\/uploads\/2022\/07\/20220719-portaria-gestor-e-fiscal-ct-087-2022.pdf\">Portaria<\/a><\/td>\n<\/tr>\n<tr>\n<td><a href=\"http:\/\/www.emater.ro.gov.br\/ematerro\/wp-content\/uploads\/2022\/07\/20220719-contrato-0158-pge-2022-locao-de-imvel-so-francisco.pdf\"><span class=\"fontstyle0\">0158\/EMATER\/PGE\/2022<\/span><\/a><\/td>\n<td>\u00a0 <span class=\"fontstyle0\">0011.609640\/2021-93<\/span><\/td>\n<td>\u00a0 <span class=\"fontstyle0\">LUCAS DIEGO POLITA<\/span><\/td>\n<td>\u00a0 <span class=\"fontstyle0\">Loca\u00e7\u00e3o de 01(um) im\u00f3vel para atender o Escrit\u00f3rio Local da EMATER no Munic\u00edpio de S\u00e3o<br \/>\nFrancisco<\/span>.<\/td>\n<td>\u00a0 <span class=\"fontstyle0\">***.158.559-**<\/span><\/td>\n<td>\u00a018\/09\/2022<\/td>\n<td>\u00a0 <span class=\"fontstyle0\">R$ 10.890,00<\/span><\/td>\n<td><\/td>\n<td><\/td>\n<td>\u00a0<a href=\"http:\/\/www.emater.ro.gov.br\/ematerro\/wp-content\/uploads\/2022\/07\/20220719-portaria-de-gestor-ct-0158-2022.pdf\">Portaria<\/a><\/td>\n<\/tr>\n<tr>\n<td><a href=\"http:\/\/www.emater.ro.gov.br\/ematerro\/wp-content\/uploads\/2022\/07\/20220719-contrato-0251-pge-2022-locao-de-imvel-para-atender-ao-escritrio-de-chupimguaia.pdf\"><span class=\"fontstyle0\">0251\/EMATER\/PGE\/2022<\/span><\/a><\/td>\n<td>\u00a0 <span class=\"fontstyle0\">0011.068558\/2022-87<\/span><\/td>\n<td>\u00a0 <span class=\"fontstyle0\">SANDRA REGINA SILVA<\/span><\/td>\n<td>\u00a0Loca\u00e7\u00e3o de 01(um) im\u00f3vel para atender<br \/>\no Escrit\u00f3rio Local da EMATER no Munic\u00edpio de Chupinguaia.<\/td>\n<td>\u00a0 <span class=\"fontstyle0\">***.235.711-**<\/span><\/td>\n<td>\u00a029\/10\/2022<\/td>\n<td>\u00a0 <span class=\"fontstyle0\">R$ 9.000,00<\/span><\/td>\n<td><\/td>\n<td><\/td>\n<td>\u00a0<a href=\"http:\/\/www.emater.ro.gov.br\/ematerro\/wp-content\/uploads\/2022\/07\/20220719-portaria-de-gestor-e-fiscal-ct-0251-pge.pdf\">Portaria<\/a><\/td>\n<\/tr>\n<tr>\n<td><\/td>\n<td><\/td>\n<td><\/td>\n<td><\/td>\n<td><\/td>\n<td><\/td>\n<td><\/td>\n<td><\/td>\n<td><\/td>\n<td><\/td>\n<\/tr>\n<tr>\n<td><\/td>\n<td><\/td>\n<td><\/td>\n<td><\/td>\n<td><\/td>\n<td><\/td>\n<td><\/td>\n<td><\/td>\n<td><\/td>\n<td><\/td>\n<\/tr>\n<\/tbody>\n<\/table>\n","protected":false},"excerpt":{"rendered":"<p>Fonte &#8211; EMATER N\u00ba CONTR. N\u00ba SEI FORNECEDOR OBJETO CNPJ\/CPF VIG\u00caNCIA VALOR ADITIVO VIG\u00caNCIA GESTOR 0074\/EMATER\/PGE\/2022 \u00a0 0011.526818\/2021-61 \u00a0 A TALIA CONSTRU\u00c7\u00d5ES E EMPREENDIMENTOS LTDA &#8211; ME Reforma do pr\u00e9dio [&hellip;]<\/p>\n","protected":false},"author":1,"featured_media":0,"parent":0,"menu_order":0,"comment_status":"closed","ping_status":"closed","template":"page-templates\/template-full-width.php","meta":[],"_links":{"self":[{"href":"http:\/\/www.emater.ro.gov.br\/ematerro\/wp-json\/wp\/v2\/pages\/12211"}],"collection":[{"href":"http:\/\/www.emater.ro.gov.br\/ematerro\/wp-json\/wp\/v2\/pages"}],"about":[{"href":"http:\/\/www.emater.ro.gov.br\/ematerro\/wp-json\/wp\/v2\/types\/page"}],"author":[{"embeddable":true,"href":"http:\/\/www.emater.ro.gov.br\/ematerro\/wp-json\/wp\/v2\/users\/1"}],"replies":[{"embeddable":true,"href":"http:\/\/www.emater.ro.gov.br\/ematerro\/wp-json\/wp\/v2\/comments?post=12211"}],"version-history":[{"count":13,"href":"http:\/\/www.emater.ro.gov.br\/ematerro\/wp-json\/wp\/v2\/pages\/12211\/revisions"}],"predecessor-version":[{"id":18973,"href":"http:\/\/www.emater.ro.gov.br\/ematerro\/wp-json\/wp\/v2\/pages\/12211\/revisions\/18973"}],"wp:attachment":[{"href":"http:\/\/www.emater.ro.gov.br\/ematerro\/wp-json\/wp\/v2\/media?parent=12211"}],"curies":[{"name":"wp","href":"https:\/\/api.w.org\/{rel}","templated":true}]}}